{"id":3244,"date":"2019-04-26T10:38:34","date_gmt":"2019-04-26T07:38:34","guid":{"rendered":"http:\/\/www.ksttukku.fi\/kauppa\/?post_type=product&#038;p=3244"},"modified":"2021-02-01T17:46:36","modified_gmt":"2021-02-01T15:46:36","slug":"puusalekaihdin-valkoinen","status":"publish","type":"product","link":"https:\/\/www.ksttukku.fi\/kauppa\/tuote\/puusalekaihdin-valkoinen\/","title":{"rendered":"Puus\u00e4lekaihdin valkoinen"},"content":{"rendered":"<p>Puus\u00e4lekaihdin asennetaan ikkunan pintaan. Helppo asentaa sein\u00e4\u00e4n tai kattoon pikakiinnikkeill\u00e4. Vetonarut oikealla ja s\u00e4leiden s\u00e4\u00e4t\u00f6 vasemmalla puolella. Korkeutta voidaan my\u00f6s lyhent\u00e4\u00e4.<\/p>\n<p>S\u00e4leleveys: 25 mm<\/p>\n<p>V\u00e4ri: Valkoinen<\/p>\n","protected":false},"excerpt":{"rendered":"<p>Puus\u00e4lekaihdin asennetaan ikkunan pintaan. Helppo asentaa sein\u00e4\u00e4n tai kattoon pikakiinnikkeill\u00e4. Vetonarut oikealla ja s\u00e4leiden s\u00e4\u00e4t\u00f6 vasemmalla puolella. Korkeutta voidaan my\u00f6s lyhent\u00e4\u00e4. S\u00e4leleveys: 25 mm V\u00e4ri: Valkoinen<\/p>\n","protected":false},"featured_media":3243,"comment_status":"closed","ping_status":"closed","template":"","meta":[],"product_brand":[],"product_cat":[113],"product_tag":[],"class_list":{"0":"post-3244","1":"product","2":"type-product","3":"status-publish","4":"has-post-thumbnail","6":"product_cat-salekaihtimet","8":"first","9":"outofstock","10":"taxable","11":"shipping-taxable","12":"purchasable","13":"product-type-variable"},"_links":{"self":[{"href":"https:\/\/www.ksttukku.fi\/kauppa\/wp-json\/wp\/v2\/product\/3244","targetHints":{"allow":["GET"]}}],"collection":[{"href":"https:\/\/www.ksttukku.fi\/kauppa\/wp-json\/wp\/v2\/product"}],"about":[{"href":"https:\/\/www.ksttukku.fi\/kauppa\/wp-json\/wp\/v2\/types\/product"}],"replies":[{"embeddable":true,"href":"https:\/\/www.ksttukku.fi\/kauppa\/wp-json\/wp\/v2\/comments?post=3244"}],"wp:featuredmedia":[{"embeddable":true,"href":"https:\/\/www.ksttukku.fi\/kauppa\/wp-json\/wp\/v2\/media\/3243"}],"wp:attachment":[{"href":"https:\/\/www.ksttukku.fi\/kauppa\/wp-json\/wp\/v2\/media?parent=3244"}],"wp:term":[{"taxonomy":"product_brand","embeddable":true,"href":"https:\/\/www.ksttukku.fi\/kauppa\/wp-json\/wp\/v2\/product_brand?post=3244"},{"taxonomy":"product_cat","embeddable":true,"href":"https:\/\/www.ksttukku.fi\/kauppa\/wp-json\/wp\/v2\/product_cat?post=3244"},{"taxonomy":"product_tag","embeddable":true,"href":"https:\/\/www.ksttukku.fi\/kauppa\/wp-json\/wp\/v2\/product_tag?post=3244"}],"curies":[{"name":"wp","href":"https:\/\/api.w.org\/{rel}","templated":true}]}}