{"id":325,"date":"2018-01-31T17:09:09","date_gmt":"2018-01-31T15:09:09","guid":{"rendered":"http:\/\/www.ksttukku.fi\/kauppa\/?post_type=product&#038;p=325"},"modified":"2025-11-25T13:12:44","modified_gmt":"2025-11-25T11:12:44","slug":"led-valonauhasarja-2m-ip65ip44","status":"publish","type":"product","link":"https:\/\/www.ksttukku.fi\/kauppa\/tuote\/led-valonauhasarja-2m-ip65ip44\/","title":{"rendered":"Led valonauhasarja 2m IP65\/IP44"},"content":{"rendered":"<p>Silikoniletkulla suojattu LED-valonauha monipuoliseen valaistukseen. Sopii IP65 luokituksensa ansiosta my\u00f6s terassille ja saunaan, sek\u00e4 kaikkiin muihin kodin tiloihin. Sis\u00e4lt\u00e4\u00e4 2 metri\u00e4 valonauhaa, 10kpl kiinnikkeit\u00e4. Helppo asentaa pienehk\u00f6\u00f6n tilaan ja antaa mielytt\u00e4v\u00e4n l\u00e4mpim\u00e4n valkoisen valaistuksen. Sis\u00e4lt\u00e4\u00e4 pistorasia-adapterin.<\/p>\n<p>Teho: 9,6 W (4,8W\/m)<\/p>\n<p>Valovirta: 600 lm<\/p>\n<p>IP-luokitus: IP65 (adapteri IP44)<\/p>\n<p>V\u00e4ril\u00e4mp\u00f6: 3000 K<\/p>\n","protected":false},"excerpt":{"rendered":"<p>Silikoniletkulla suojattu LED-valonauha monipuoliseen valaistukseen. Sopii IP65 luokituksensa ansiosta my\u00f6s terassille ja saunaan, sek\u00e4 kaikkiin muihin kodin tiloihin. Sis\u00e4lt\u00e4\u00e4 2 metri\u00e4 valonauhaa, 10kpl kiinnikkeit\u00e4. Helppo asentaa pienehk\u00f6\u00f6n tilaan ja antaa mielytt\u00e4v\u00e4n l\u00e4mpim\u00e4n valkoisen valaistuksen. Sis\u00e4lt\u00e4\u00e4 pistorasia-adapterin. Teho: 9,6 W (4,8W\/m) Valovirta: 600 lm IP-luokitus: IP65 (adapteri IP44) V\u00e4ril\u00e4mp\u00f6: 3000 K<\/p>\n","protected":false},"featured_media":326,"comment_status":"closed","ping_status":"closed","template":"","meta":[],"product_brand":[],"product_cat":[45],"product_tag":[],"class_list":{"0":"post-325","1":"product","2":"type-product","3":"status-publish","4":"has-post-thumbnail","6":"product_cat-valonauhat","8":"first","9":"outofstock","10":"taxable","11":"shipping-taxable","12":"purchasable","13":"product-type-simple"},"_links":{"self":[{"href":"https:\/\/www.ksttukku.fi\/kauppa\/wp-json\/wp\/v2\/product\/325","targetHints":{"allow":["GET"]}}],"collection":[{"href":"https:\/\/www.ksttukku.fi\/kauppa\/wp-json\/wp\/v2\/product"}],"about":[{"href":"https:\/\/www.ksttukku.fi\/kauppa\/wp-json\/wp\/v2\/types\/product"}],"replies":[{"embeddable":true,"href":"https:\/\/www.ksttukku.fi\/kauppa\/wp-json\/wp\/v2\/comments?post=325"}],"wp:featuredmedia":[{"embeddable":true,"href":"https:\/\/www.ksttukku.fi\/kauppa\/wp-json\/wp\/v2\/media\/326"}],"wp:attachment":[{"href":"https:\/\/www.ksttukku.fi\/kauppa\/wp-json\/wp\/v2\/media?parent=325"}],"wp:term":[{"taxonomy":"product_brand","embeddable":true,"href":"https:\/\/www.ksttukku.fi\/kauppa\/wp-json\/wp\/v2\/product_brand?post=325"},{"taxonomy":"product_cat","embeddable":true,"href":"https:\/\/www.ksttukku.fi\/kauppa\/wp-json\/wp\/v2\/product_cat?post=325"},{"taxonomy":"product_tag","embeddable":true,"href":"https:\/\/www.ksttukku.fi\/kauppa\/wp-json\/wp\/v2\/product_tag?post=325"}],"curies":[{"name":"wp","href":"https:\/\/api.w.org\/{rel}","templated":true}]}}