{"id":3268,"date":"2019-04-26T16:00:56","date_gmt":"2019-04-26T13:00:56","guid":{"rendered":"http:\/\/www.ksttukku.fi\/kauppa\/?post_type=product&#038;p=3268"},"modified":"2021-12-29T13:18:57","modified_gmt":"2021-12-29T11:18:57","slug":"komposiittilevy-shampanja-hopea-harmaa-500x3050x4mm","status":"publish","type":"product","link":"https:\/\/www.ksttukku.fi\/kauppa\/tuote\/komposiittilevy-shampanja-hopea-harmaa-500x3050x4mm\/","title":{"rendered":"Komposiittilevy shampanja hopea\/ harmaa 500x3650x4mm"},"content":{"rendered":"<p>Aluco komposiittilevyst\u00e4 valmistettu sisustuslevy esim. keitti\u00f6n v\u00e4litilaan. Mitoitus 4 x 500 x 3650 mm. Toinen puoli levyst\u00e4 on shampanja hopea ja toinen on harmaa.<\/p>\n","protected":false},"excerpt":{"rendered":"<p>Aluco komposiittilevyst\u00e4 valmistettu sisustuslevy esim. keitti\u00f6n v\u00e4litilaan. Mitoitus 4 x 500 x 3650 mm. Toinen puoli levyst\u00e4 on shampanja hopea ja toinen on harmaa.<\/p>\n","protected":false},"featured_media":3269,"comment_status":"closed","ping_status":"closed","template":"","meta":[],"product_brand":[],"product_cat":[246,245],"product_tag":[],"class_list":{"0":"post-3268","1":"product","2":"type-product","3":"status-publish","4":"has-post-thumbnail","6":"product_cat-aluco-sisustuslevyt","7":"product_cat-sisustuslevyt","9":"first","10":"outofstock","11":"taxable","12":"shipping-taxable","13":"purchasable","14":"product-type-simple"},"_links":{"self":[{"href":"https:\/\/www.ksttukku.fi\/kauppa\/wp-json\/wp\/v2\/product\/3268","targetHints":{"allow":["GET"]}}],"collection":[{"href":"https:\/\/www.ksttukku.fi\/kauppa\/wp-json\/wp\/v2\/product"}],"about":[{"href":"https:\/\/www.ksttukku.fi\/kauppa\/wp-json\/wp\/v2\/types\/product"}],"replies":[{"embeddable":true,"href":"https:\/\/www.ksttukku.fi\/kauppa\/wp-json\/wp\/v2\/comments?post=3268"}],"wp:featuredmedia":[{"embeddable":true,"href":"https:\/\/www.ksttukku.fi\/kauppa\/wp-json\/wp\/v2\/media\/3269"}],"wp:attachment":[{"href":"https:\/\/www.ksttukku.fi\/kauppa\/wp-json\/wp\/v2\/media?parent=3268"}],"wp:term":[{"taxonomy":"product_brand","embeddable":true,"href":"https:\/\/www.ksttukku.fi\/kauppa\/wp-json\/wp\/v2\/product_brand?post=3268"},{"taxonomy":"product_cat","embeddable":true,"href":"https:\/\/www.ksttukku.fi\/kauppa\/wp-json\/wp\/v2\/product_cat?post=3268"},{"taxonomy":"product_tag","embeddable":true,"href":"https:\/\/www.ksttukku.fi\/kauppa\/wp-json\/wp\/v2\/product_tag?post=3268"}],"curies":[{"name":"wp","href":"https:\/\/api.w.org\/{rel}","templated":true}]}}