{"id":3314,"date":"2019-04-30T11:21:57","date_gmt":"2019-04-30T08:21:57","guid":{"rendered":"http:\/\/www.ksttukku.fi\/kauppa\/?post_type=product&#038;p=3314"},"modified":"2022-04-28T13:04:39","modified_gmt":"2022-04-28T10:04:39","slug":"komposiittilevy-kiiltava-valkoinen-helmiaisvalkoinen-1220x3050x4mm","status":"publish","type":"product","link":"https:\/\/www.ksttukku.fi\/kauppa\/tuote\/komposiittilevy-kiiltava-valkoinen-helmiaisvalkoinen-1220x3050x4mm\/","title":{"rendered":"Komposiittilevy kiilt\u00e4v\u00e4 valkoinen\/ helmi\u00e4isvalkoinen 1220x3650x4mm"},"content":{"rendered":"<p>Komposiittilevyst\u00e4 valmistettu sisustuslevy esim. keitti\u00f6n<br \/>\nv\u00e4litilaan. Nyt samassa levyss\u00e4 kaksi suosittua kuosia;<br \/>\ntoinen puoli levyst\u00e4 on kiilt\u00e4v\u00e4 valkoinen ja toinen puoli<br \/>\nhelmi\u00e4isvalkoinen. Mitoitus 4x1220x3650mm.<\/p>\n","protected":false},"excerpt":{"rendered":"<p>Komposiittilevyst\u00e4 valmistettu sisustuslevy esim. keitti\u00f6n v\u00e4litilaan. Nyt samassa levyss\u00e4 kaksi suosittua kuosia; toinen puoli levyst\u00e4 on kiilt\u00e4v\u00e4 valkoinen ja toinen puoli helmi\u00e4isvalkoinen. Mitoitus 4x1220x3650mm.<\/p>\n","protected":false},"featured_media":3315,"comment_status":"closed","ping_status":"closed","template":"","meta":[],"product_brand":[],"product_cat":[246,245],"product_tag":[],"class_list":{"0":"post-3314","1":"product","2":"type-product","3":"status-publish","4":"has-post-thumbnail","6":"product_cat-aluco-sisustuslevyt","7":"product_cat-sisustuslevyt","9":"first","10":"instock","11":"taxable","12":"shipping-taxable","13":"purchasable","14":"product-type-simple"},"_links":{"self":[{"href":"https:\/\/www.ksttukku.fi\/kauppa\/wp-json\/wp\/v2\/product\/3314","targetHints":{"allow":["GET"]}}],"collection":[{"href":"https:\/\/www.ksttukku.fi\/kauppa\/wp-json\/wp\/v2\/product"}],"about":[{"href":"https:\/\/www.ksttukku.fi\/kauppa\/wp-json\/wp\/v2\/types\/product"}],"replies":[{"embeddable":true,"href":"https:\/\/www.ksttukku.fi\/kauppa\/wp-json\/wp\/v2\/comments?post=3314"}],"wp:featuredmedia":[{"embeddable":true,"href":"https:\/\/www.ksttukku.fi\/kauppa\/wp-json\/wp\/v2\/media\/3315"}],"wp:attachment":[{"href":"https:\/\/www.ksttukku.fi\/kauppa\/wp-json\/wp\/v2\/media?parent=3314"}],"wp:term":[{"taxonomy":"product_brand","embeddable":true,"href":"https:\/\/www.ksttukku.fi\/kauppa\/wp-json\/wp\/v2\/product_brand?post=3314"},{"taxonomy":"product_cat","embeddable":true,"href":"https:\/\/www.ksttukku.fi\/kauppa\/wp-json\/wp\/v2\/product_cat?post=3314"},{"taxonomy":"product_tag","embeddable":true,"href":"https:\/\/www.ksttukku.fi\/kauppa\/wp-json\/wp\/v2\/product_tag?post=3314"}],"curies":[{"name":"wp","href":"https:\/\/api.w.org\/{rel}","templated":true}]}}