{"id":3326,"date":"2019-04-30T13:05:15","date_gmt":"2019-04-30T10:05:15","guid":{"rendered":"http:\/\/www.ksttukku.fi\/kauppa\/?post_type=product&#038;p=3326"},"modified":"2021-10-26T17:41:08","modified_gmt":"2021-10-26T14:41:08","slug":"kiinnitysmassa-290ml-komposiittilevylle","status":"publish","type":"product","link":"https:\/\/www.ksttukku.fi\/kauppa\/tuote\/kiinnitysmassa-290ml-komposiittilevylle\/","title":{"rendered":"Kiilto premium kiinnitysmassa komposiittilevylle 290 ml"},"content":{"rendered":"<p>Elastinen voimaliima Kiilto Premium 290 ml. Paras alkutartunta, erinomainen l\u00e4mm\u00f6nkesto, alin k\u00e4ytt\u00f6l\u00e4mp\u00f6tila +1\u00b0C. Kosteuden- ja kemikaalienkest\u00e4v\u00e4, tarttuu my\u00f6s kosteisiin pintoihin, soveltuu my\u00f6s ulos. Riittoisuus 8,9\u00d78,9mm kokoista kolmiosaumaa n. 7,3m \/patruuna. V\u00e4ri valkoinen.<\/p>\n","protected":false},"excerpt":{"rendered":"<p>Elastinen voimaliima Kiilto Premium 290 ml. Paras alkutartunta, erinomainen l\u00e4mm\u00f6nkesto, alin k\u00e4ytt\u00f6l\u00e4mp\u00f6tila +1\u00b0C. Kosteuden- ja kemikaalienkest\u00e4v\u00e4, tarttuu my\u00f6s kosteisiin pintoihin, soveltuu my\u00f6s ulos. Riittoisuus 8,9\u00d78,9mm kokoista kolmiosaumaa n. 7,3m \/patruuna. V\u00e4ri valkoinen.<\/p>\n","protected":false},"featured_media":8569,"comment_status":"closed","ping_status":"closed","template":"","meta":[],"product_brand":[],"product_cat":[246,245,373],"product_tag":[],"class_list":{"0":"post-3326","1":"product","2":"type-product","3":"status-publish","4":"has-post-thumbnail","6":"product_cat-aluco-sisustuslevyt","7":"product_cat-sisustuslevyt","8":"product_cat-stocksund-komposiittilevyt","10":"first","11":"instock","12":"taxable","13":"shipping-taxable","14":"purchasable","15":"product-type-simple"},"_links":{"self":[{"href":"https:\/\/www.ksttukku.fi\/kauppa\/wp-json\/wp\/v2\/product\/3326","targetHints":{"allow":["GET"]}}],"collection":[{"href":"https:\/\/www.ksttukku.fi\/kauppa\/wp-json\/wp\/v2\/product"}],"about":[{"href":"https:\/\/www.ksttukku.fi\/kauppa\/wp-json\/wp\/v2\/types\/product"}],"replies":[{"embeddable":true,"href":"https:\/\/www.ksttukku.fi\/kauppa\/wp-json\/wp\/v2\/comments?post=3326"}],"wp:featuredmedia":[{"embeddable":true,"href":"https:\/\/www.ksttukku.fi\/kauppa\/wp-json\/wp\/v2\/media\/8569"}],"wp:attachment":[{"href":"https:\/\/www.ksttukku.fi\/kauppa\/wp-json\/wp\/v2\/media?parent=3326"}],"wp:term":[{"taxonomy":"product_brand","embeddable":true,"href":"https:\/\/www.ksttukku.fi\/kauppa\/wp-json\/wp\/v2\/product_brand?post=3326"},{"taxonomy":"product_cat","embeddable":true,"href":"https:\/\/www.ksttukku.fi\/kauppa\/wp-json\/wp\/v2\/product_cat?post=3326"},{"taxonomy":"product_tag","embeddable":true,"href":"https:\/\/www.ksttukku.fi\/kauppa\/wp-json\/wp\/v2\/product_tag?post=3326"}],"curies":[{"name":"wp","href":"https:\/\/api.w.org\/{rel}","templated":true}]}}