{"id":3351,"date":"2019-04-30T17:35:23","date_gmt":"2019-04-30T14:35:23","guid":{"rendered":"http:\/\/www.ksttukku.fi\/kauppa\/?post_type=product&#038;p=3351"},"modified":"2019-04-30T17:35:24","modified_gmt":"2019-04-30T14:35:24","slug":"tyopistevalaisin-led-10w-4000k","status":"publish","type":"product","link":"https:\/\/www.ksttukku.fi\/kauppa\/tuote\/tyopistevalaisin-led-10w-4000k\/","title":{"rendered":"Ty\u00f6pistevalaisin led 10W 4000K"},"content":{"rendered":"<p>Tehokas valonl\u00e4hde valaisemaan v\u00e4litilan ty\u00f6pistett\u00e4.<br \/>\nMitat 80x85x518mm. Valaisimen vasemmassa p\u00e4\u00e4ss\u00e4 on paikka<br \/>\nkahdelle (schuko 230V) pistokkeelle sek\u00e4 kahdelle usb-<br \/>\nliittimelle (1A\/5V). Varustettu on\/off kytkimell\u00e4. Teho<br \/>\n10W, 850lm. Valon v\u00e4ri 4000K, 220-240V, virtajohto (1,8m)<br \/>\npistokkeella, IP20. V\u00e4ri valkoinen.<\/p>\n","protected":false},"excerpt":{"rendered":"<p>Tehokas valonl\u00e4hde valaisemaan v\u00e4litilan ty\u00f6pistett\u00e4. Mitat 80x85x518mm. Valaisimen vasemmassa p\u00e4\u00e4ss\u00e4 on paikka kahdelle (schuko 230V) pistokkeelle sek\u00e4 kahdelle usb- liittimelle (1A\/5V). Varustettu on\/off kytkimell\u00e4. Teho 10W, 850lm. Valon v\u00e4ri 4000K, 220-240V, virtajohto (1,8m) pistokkeella, IP20. V\u00e4ri valkoinen.<\/p>\n","protected":false},"featured_media":3352,"comment_status":"closed","ping_status":"closed","template":"","meta":[],"product_brand":[],"product_cat":[35,142,34],"product_tag":[],"class_list":{"0":"post-3351","1":"product","2":"type-product","3":"status-publish","4":"has-post-thumbnail","6":"product_cat-sisavalaisimet","7":"product_cat-tyopistevalaisimet","8":"product_cat-valaisimet","10":"first","11":"instock","12":"taxable","13":"shipping-taxable","14":"purchasable","15":"product-type-simple"},"_links":{"self":[{"href":"https:\/\/www.ksttukku.fi\/kauppa\/wp-json\/wp\/v2\/product\/3351","targetHints":{"allow":["GET"]}}],"collection":[{"href":"https:\/\/www.ksttukku.fi\/kauppa\/wp-json\/wp\/v2\/product"}],"about":[{"href":"https:\/\/www.ksttukku.fi\/kauppa\/wp-json\/wp\/v2\/types\/product"}],"replies":[{"embeddable":true,"href":"https:\/\/www.ksttukku.fi\/kauppa\/wp-json\/wp\/v2\/comments?post=3351"}],"wp:featuredmedia":[{"embeddable":true,"href":"https:\/\/www.ksttukku.fi\/kauppa\/wp-json\/wp\/v2\/media\/3352"}],"wp:attachment":[{"href":"https:\/\/www.ksttukku.fi\/kauppa\/wp-json\/wp\/v2\/media?parent=3351"}],"wp:term":[{"taxonomy":"product_brand","embeddable":true,"href":"https:\/\/www.ksttukku.fi\/kauppa\/wp-json\/wp\/v2\/product_brand?post=3351"},{"taxonomy":"product_cat","embeddable":true,"href":"https:\/\/www.ksttukku.fi\/kauppa\/wp-json\/wp\/v2\/product_cat?post=3351"},{"taxonomy":"product_tag","embeddable":true,"href":"https:\/\/www.ksttukku.fi\/kauppa\/wp-json\/wp\/v2\/product_tag?post=3351"}],"curies":[{"name":"wp","href":"https:\/\/api.w.org\/{rel}","templated":true}]}}