{"id":3366,"date":"2019-05-02T17:03:53","date_gmt":"2019-05-02T14:03:53","guid":{"rendered":"http:\/\/www.ksttukku.fi\/kauppa\/?post_type=product&#038;p=3366"},"modified":"2025-05-26T11:15:39","modified_gmt":"2025-05-26T08:15:39","slug":"einhell-moottorisaha-41cc-13kw","status":"publish","type":"product","link":"https:\/\/www.ksttukku.fi\/kauppa\/tuote\/einhell-moottorisaha-41cc-13kw\/","title":{"rendered":"Einhell moottorisaha 41cc 1,3kW"},"content":{"rendered":"<p>Einhell GC-PC 1335 I TC polttomoottorisaha on k\u00e4tev\u00e4 ja tehokas ty\u00f6kalu puut\u00f6ihin. Laadukas OREGON ketjua ja laippa varmistavat hyv\u00e4n leikkuutuloksen. Digitaalisen sytytyksen ansiosta kone k\u00e4ynnistyy helposti ja k\u00e4y tasaisesti.<br \/>\nTekniset tiedot:<br \/>\nMoottori: 41 cc\\nTeho: 1,3 kW\\nKierrokset: 11 000 \/min\\nPolttoaines\u00e4ili\u00f6: 260 ml\\n\u00d6ljys\u00e4ili\u00f6: 210 ml\\nLaipan pituus: 350 mm\\nLeikkuupituus: 335 mm\\nKetjunopeus: 21 m\/s<br \/>\nOREGON ketju ja laippa\\nTy\u00f6kaluton katjunvaihto ja -kiristys\\nT\u00e4rin\u00e4vaimennettu kahva\\nIsot kaarnapiikit\\nAutomaattinen ketjuvoitelu\\nTakapotkusuoja ja automaattinen ketjujarru\\nDigitaalinen sytytys\\nMukana polttoaine\/\u00f6ljy sekoituskannu\\nTer\u00e4nsuoja<\/p>\n","protected":false},"excerpt":{"rendered":"<p>Tilap\u00e4isesti loppu<\/p>\n","protected":false},"featured_media":3367,"comment_status":"closed","ping_status":"closed","template":"","meta":[],"product_brand":[],"product_cat":[207,249],"product_tag":[],"class_list":{"0":"post-3366","1":"product","2":"type-product","3":"status-publish","4":"has-post-thumbnail","6":"product_cat-koneet-tyokalut","7":"product_cat-moottorisahat","9":"first","10":"outofstock","11":"taxable","12":"shipping-taxable","13":"purchasable","14":"product-type-simple"},"_links":{"self":[{"href":"https:\/\/www.ksttukku.fi\/kauppa\/wp-json\/wp\/v2\/product\/3366","targetHints":{"allow":["GET"]}}],"collection":[{"href":"https:\/\/www.ksttukku.fi\/kauppa\/wp-json\/wp\/v2\/product"}],"about":[{"href":"https:\/\/www.ksttukku.fi\/kauppa\/wp-json\/wp\/v2\/types\/product"}],"replies":[{"embeddable":true,"href":"https:\/\/www.ksttukku.fi\/kauppa\/wp-json\/wp\/v2\/comments?post=3366"}],"wp:featuredmedia":[{"embeddable":true,"href":"https:\/\/www.ksttukku.fi\/kauppa\/wp-json\/wp\/v2\/media\/3367"}],"wp:attachment":[{"href":"https:\/\/www.ksttukku.fi\/kauppa\/wp-json\/wp\/v2\/media?parent=3366"}],"wp:term":[{"taxonomy":"product_brand","embeddable":true,"href":"https:\/\/www.ksttukku.fi\/kauppa\/wp-json\/wp\/v2\/product_brand?post=3366"},{"taxonomy":"product_cat","embeddable":true,"href":"https:\/\/www.ksttukku.fi\/kauppa\/wp-json\/wp\/v2\/product_cat?post=3366"},{"taxonomy":"product_tag","embeddable":true,"href":"https:\/\/www.ksttukku.fi\/kauppa\/wp-json\/wp\/v2\/product_tag?post=3366"}],"curies":[{"name":"wp","href":"https:\/\/api.w.org\/{rel}","templated":true}]}}