{"id":3392,"date":"2019-05-06T12:53:36","date_gmt":"2019-05-06T09:53:36","guid":{"rendered":"http:\/\/www.ksttukku.fi\/kauppa\/?post_type=product&#038;p=3392"},"modified":"2024-05-06T10:54:34","modified_gmt":"2024-05-06T07:54:34","slug":"akkuketjusaha-ge-lc-18-li-kit","status":"publish","type":"product","link":"https:\/\/www.ksttukku.fi\/kauppa\/tuote\/akkuketjusaha-ge-lc-18-li-kit\/","title":{"rendered":"Akkuketjusaha GE-LC 18 Li Kit"},"content":{"rendered":"<p>Takapotkusuoja, mekaaninen ketjujarru ja ketjusieppo tuovat k\u00e4ytt\u00f6turvallisuutta. Metallinen kaarnapiikki takaa turvallisen ohjauksen ja ergonominen kahva miellytt\u00e4v\u00e4n otteen. Ketjun kiristykseen tai vaihtoon ei tarvita ty\u00f6kaluja. Ketjun voitelu toimii automaattisesti. \u00d6ljys\u00e4ili\u00f6 on helppo t\u00e4ytt\u00e4\u00e4 tilavan t\u00e4ytt\u00f6aukon ansiosta. Akku ja latauslaite sopivat my\u00f6s muihin Einhell Power X-Change akkutuoteperheen koneisiin.<br \/>\nTekniset tiedot:<br \/>\nAkku: 18 V\/3,0 Ah<br \/>\nLatausaika: 1 tunti<br \/>\nLaipan pituus: 250 mm<br \/>\nLeikkuupituus: 230 mm<br \/>\nLeikkuunopeus: 4,3 m\/s<br \/>\n\u00d6ljys\u00e4ili\u00f6: 200 ml<\/p>\n","protected":false},"excerpt":{"rendered":"<p>Einhell Power X-Change akkutuoteperheeseen kuuluva 18 V ketjusaha sis\u00e4lt\u00e4en 3,0 Ah akun ja latauslaitteen. Laipan pituus 250 mm ja leikkuupituus 230 mm. Saha on varustettu laadukkaalla Oregon-laipalla ja ketjulla.<\/p>\n","protected":false},"featured_media":3393,"comment_status":"closed","ping_status":"closed","template":"","meta":[],"product_brand":[],"product_cat":[207,249],"product_tag":[],"class_list":{"0":"post-3392","1":"product","2":"type-product","3":"status-publish","4":"has-post-thumbnail","6":"product_cat-koneet-tyokalut","7":"product_cat-moottorisahat","9":"first","10":"outofstock","11":"taxable","12":"shipping-taxable","13":"purchasable","14":"product-type-simple"},"_links":{"self":[{"href":"https:\/\/www.ksttukku.fi\/kauppa\/wp-json\/wp\/v2\/product\/3392","targetHints":{"allow":["GET"]}}],"collection":[{"href":"https:\/\/www.ksttukku.fi\/kauppa\/wp-json\/wp\/v2\/product"}],"about":[{"href":"https:\/\/www.ksttukku.fi\/kauppa\/wp-json\/wp\/v2\/types\/product"}],"replies":[{"embeddable":true,"href":"https:\/\/www.ksttukku.fi\/kauppa\/wp-json\/wp\/v2\/comments?post=3392"}],"wp:featuredmedia":[{"embeddable":true,"href":"https:\/\/www.ksttukku.fi\/kauppa\/wp-json\/wp\/v2\/media\/3393"}],"wp:attachment":[{"href":"https:\/\/www.ksttukku.fi\/kauppa\/wp-json\/wp\/v2\/media?parent=3392"}],"wp:term":[{"taxonomy":"product_brand","embeddable":true,"href":"https:\/\/www.ksttukku.fi\/kauppa\/wp-json\/wp\/v2\/product_brand?post=3392"},{"taxonomy":"product_cat","embeddable":true,"href":"https:\/\/www.ksttukku.fi\/kauppa\/wp-json\/wp\/v2\/product_cat?post=3392"},{"taxonomy":"product_tag","embeddable":true,"href":"https:\/\/www.ksttukku.fi\/kauppa\/wp-json\/wp\/v2\/product_tag?post=3392"}],"curies":[{"name":"wp","href":"https:\/\/api.w.org\/{rel}","templated":true}]}}