{"id":3409,"date":"2019-05-07T11:41:39","date_gmt":"2019-05-07T08:41:39","guid":{"rendered":"http:\/\/www.ksttukku.fi\/kauppa\/?post_type=product&#038;p=3409"},"modified":"2019-05-07T11:41:41","modified_gmt":"2019-05-07T08:41:41","slug":"einhell-sahkosaha-gh-ec-1835","status":"publish","type":"product","link":"https:\/\/www.ksttukku.fi\/kauppa\/tuote\/einhell-sahkosaha-gh-ec-1835\/","title":{"rendered":"Einhell s\u00e4hk\u00f6saha GH-EC 1835"},"content":{"rendered":"<p>Varustus:<br \/>\nLaadukas mettallinen vaihteisto<br \/>\nIso \u00f6ljynt\u00e4ytt\u00f6aukko<br \/>\nTakapotkusuoja ja mekaaninen pikaketjujarru<br \/>\nMetallinen kaarnapiikki<br \/>\nKetjun kiristys ja vaihto ilman ty\u00f6kaluja<br \/>\nLaadukas Oregon-ketju<br \/>\nOregon-laippa<br \/>\nKetjusieppo<br \/>\n\u00d6ljys\u00e4ili\u00f6ss\u00e4 \u00f6ljym\u00e4\u00e4r\u00e4n tarkistusikkuna<br \/>\nKaapelin vedonpoistaja<br \/>\nTekniset tiedot:<br \/>\nJ\u00e4nnite: 230 &#8211; 240 V ~ 50Hz<br \/>\nTeho: 1800 W<br \/>\nKetjunopeus: 13,5 m\/s<br \/>\nLaippa: 350 mm<br \/>\n\u00d6ljys\u00e4ili\u00f6: 160 ml<br \/>\nSahan paino:5,0 kg<\/p>\n","protected":false},"excerpt":{"rendered":"<p>S\u00e4hk\u00f6saha Einhell GH-EC 1835 on k\u00e4tev\u00e4 ja tehokas laite polttopuiden sahaamiseen ja apu pienempien puiden kaatamiseen ja harventamiseen. Teho 1800 W. Laippa 35 cm.<\/p>\n<p>Tilap\u00e4isesti loppu<\/p>\n","protected":false},"featured_media":3410,"comment_status":"closed","ping_status":"closed","template":"","meta":[],"product_brand":[],"product_cat":[207,249],"product_tag":[],"class_list":{"0":"post-3409","1":"product","2":"type-product","3":"status-publish","4":"has-post-thumbnail","6":"product_cat-koneet-tyokalut","7":"product_cat-moottorisahat","9":"first","10":"outofstock","11":"taxable","12":"shipping-taxable","13":"purchasable","14":"product-type-simple"},"_links":{"self":[{"href":"https:\/\/www.ksttukku.fi\/kauppa\/wp-json\/wp\/v2\/product\/3409","targetHints":{"allow":["GET"]}}],"collection":[{"href":"https:\/\/www.ksttukku.fi\/kauppa\/wp-json\/wp\/v2\/product"}],"about":[{"href":"https:\/\/www.ksttukku.fi\/kauppa\/wp-json\/wp\/v2\/types\/product"}],"replies":[{"embeddable":true,"href":"https:\/\/www.ksttukku.fi\/kauppa\/wp-json\/wp\/v2\/comments?post=3409"}],"wp:featuredmedia":[{"embeddable":true,"href":"https:\/\/www.ksttukku.fi\/kauppa\/wp-json\/wp\/v2\/media\/3410"}],"wp:attachment":[{"href":"https:\/\/www.ksttukku.fi\/kauppa\/wp-json\/wp\/v2\/media?parent=3409"}],"wp:term":[{"taxonomy":"product_brand","embeddable":true,"href":"https:\/\/www.ksttukku.fi\/kauppa\/wp-json\/wp\/v2\/product_brand?post=3409"},{"taxonomy":"product_cat","embeddable":true,"href":"https:\/\/www.ksttukku.fi\/kauppa\/wp-json\/wp\/v2\/product_cat?post=3409"},{"taxonomy":"product_tag","embeddable":true,"href":"https:\/\/www.ksttukku.fi\/kauppa\/wp-json\/wp\/v2\/product_tag?post=3409"}],"curies":[{"name":"wp","href":"https:\/\/api.w.org\/{rel}","templated":true}]}}