{"id":3411,"date":"2019-05-07T11:50:14","date_gmt":"2019-05-07T08:50:14","guid":{"rendered":"http:\/\/www.ksttukku.fi\/kauppa\/?post_type=product&#038;p=3411"},"modified":"2024-05-06T10:57:35","modified_gmt":"2024-05-06T07:57:35","slug":"sahkoketjusaha-gh-ec-2040","status":"publish","type":"product","link":"https:\/\/www.ksttukku.fi\/kauppa\/tuote\/sahkoketjusaha-gh-ec-2040\/","title":{"rendered":"S\u00e4hk\u00f6ketjusaha GH-EC 2040"},"content":{"rendered":"<p>Varustus:<br \/>\nkest\u00e4v\u00e4 metallivaihteisto<br \/>\ntakapotkusuoja ja mekaaninen pikaketjujarru<br \/>\nOREGON-laippa ketjupy\u00f6r\u00e4ll\u00e4<br \/>\nkest\u00e4v\u00e4 metallinen kaarnapiikki<br \/>\n\u00f6ljys\u00e4ili\u00f6ss\u00e4 \u00f6ljym\u00e4\u00e4r\u00e4n tarkistusikkuna<br \/>\ns\u00e4hk\u00f6johdon vedonpoistaja<br \/>\nautomaattinen ketjunvoitelu<br \/>\nlaadukas OREGON-ketju<br \/>\nketjun vaihto ja kiristys helposti ilman ty\u00f6kaluja<br \/>\nTekniset tiedot:<br \/>\nJ\u00e4nnite: 230 V ~ 50 Hz<br \/>\nTeho: 2000 W<br \/>\nKetjunopeus: 13,5 m\/s<br \/>\nLaippa: 406 mm<br \/>\nLeikkuupituus 375 mm<br \/>\n\u00d6ljys\u00e4ili\u00f6: 160 ml<\/p>\n","protected":false},"excerpt":{"rendered":"<p>S\u00e4hk\u00f6k\u00e4ytt\u00f6inen Einhell-ketjusaha on k\u00e4tev\u00e4 ty\u00f6v\u00e4line polttopuiden tekoon ja pensaikon harventamiseen.<\/p>\n","protected":false},"featured_media":3412,"comment_status":"closed","ping_status":"closed","template":"","meta":[],"product_brand":[],"product_cat":[207,249],"product_tag":[],"class_list":{"0":"post-3411","1":"product","2":"type-product","3":"status-publish","4":"has-post-thumbnail","6":"product_cat-koneet-tyokalut","7":"product_cat-moottorisahat","9":"first","10":"outofstock","11":"taxable","12":"shipping-taxable","13":"purchasable","14":"product-type-simple"},"_links":{"self":[{"href":"https:\/\/www.ksttukku.fi\/kauppa\/wp-json\/wp\/v2\/product\/3411","targetHints":{"allow":["GET"]}}],"collection":[{"href":"https:\/\/www.ksttukku.fi\/kauppa\/wp-json\/wp\/v2\/product"}],"about":[{"href":"https:\/\/www.ksttukku.fi\/kauppa\/wp-json\/wp\/v2\/types\/product"}],"replies":[{"embeddable":true,"href":"https:\/\/www.ksttukku.fi\/kauppa\/wp-json\/wp\/v2\/comments?post=3411"}],"wp:featuredmedia":[{"embeddable":true,"href":"https:\/\/www.ksttukku.fi\/kauppa\/wp-json\/wp\/v2\/media\/3412"}],"wp:attachment":[{"href":"https:\/\/www.ksttukku.fi\/kauppa\/wp-json\/wp\/v2\/media?parent=3411"}],"wp:term":[{"taxonomy":"product_brand","embeddable":true,"href":"https:\/\/www.ksttukku.fi\/kauppa\/wp-json\/wp\/v2\/product_brand?post=3411"},{"taxonomy":"product_cat","embeddable":true,"href":"https:\/\/www.ksttukku.fi\/kauppa\/wp-json\/wp\/v2\/product_cat?post=3411"},{"taxonomy":"product_tag","embeddable":true,"href":"https:\/\/www.ksttukku.fi\/kauppa\/wp-json\/wp\/v2\/product_tag?post=3411"}],"curies":[{"name":"wp","href":"https:\/\/api.w.org\/{rel}","templated":true}]}}