{"id":3415,"date":"2019-05-07T12:33:30","date_gmt":"2019-05-07T09:33:30","guid":{"rendered":"http:\/\/www.ksttukku.fi\/kauppa\/?post_type=product&#038;p=3415"},"modified":"2024-05-06T12:22:10","modified_gmt":"2024-05-06T09:22:10","slug":"einhell-akkuraivaussaha-pxc-agillo","status":"publish","type":"product","link":"https:\/\/www.ksttukku.fi\/kauppa\/tuote\/einhell-akkuraivaussaha-pxc-agillo\/","title":{"rendered":"Einhell akkuraivaussaha PXC Agillo"},"content":{"rendered":"<p>Raivaussaha toimii kahdella 18 V akulla, jotka k\u00e4yv\u00e4t my\u00f6s muihin PXC-perheen laitteisiin. Toimitus ilman akkuja ja laturia.<br \/>\nTekniset tiedot:<br \/>\nJ\u00e4nnite: 2&#215;18 = 36 V<br \/>\nKierrokset: 6300 \/ min<br \/>\nLeikkuuala siimalla: 300 mm<br \/>\nLeikkuuala ter\u00e4ll\u00e4: 255 mm<br \/>\nSiiman vahvuus: 2 mm<br \/>\nSiiman tyyppi: yks\u00f6issiima<br \/>\nSiiman sy\u00f6tt\u00f6: painallusautomatiikka<br \/>\nOminaisuudet:<br \/>\nHiiliharjaton moottori<br \/>\nElektroninen nopeudens\u00e4\u00e4t\u00f6<br \/>\nS\u00e4\u00e4dett\u00e4v\u00e4 k\u00e4ytt\u00f6kahva<br \/>\nAlumiininen taittuva varsi<br \/>\nPaikka sein\u00e4kiinnikkeelle<br \/>\nTy\u00f6kaluton ter\u00e4nvaihto<br \/>\nPakkaus sis\u00e4lt\u00e4\u00e4 valjaat, siiman ja 3-hampaisen ter\u00e4n<\/p>\n","protected":false},"excerpt":{"rendered":"<p>Einhell PXC akkuraivaussaha on tehokas laite vaativaan k\u00e4ytt\u00f6\u00f6n. S\u00e4\u00e4dett\u00e4v\u00e4n k\u00e4ytt\u00f6kahvan ansiosta laite sopii kaikenkokoisille k\u00e4ytt\u00e4jille. Taittuvan varren ansiosta laite on helppo varastoida ja kuljettaa. Toimitus ilman akkuja ja laturia.<\/p>\n","protected":false},"featured_media":3416,"comment_status":"closed","ping_status":"closed","template":"","meta":[],"product_brand":[],"product_cat":[252],"product_tag":[],"class_list":{"0":"post-3415","1":"product","2":"type-product","3":"status-publish","4":"has-post-thumbnail","6":"product_cat-raivaussahat","8":"first","9":"outofstock","10":"taxable","11":"shipping-taxable","12":"purchasable","13":"product-type-simple"},"_links":{"self":[{"href":"https:\/\/www.ksttukku.fi\/kauppa\/wp-json\/wp\/v2\/product\/3415","targetHints":{"allow":["GET"]}}],"collection":[{"href":"https:\/\/www.ksttukku.fi\/kauppa\/wp-json\/wp\/v2\/product"}],"about":[{"href":"https:\/\/www.ksttukku.fi\/kauppa\/wp-json\/wp\/v2\/types\/product"}],"replies":[{"embeddable":true,"href":"https:\/\/www.ksttukku.fi\/kauppa\/wp-json\/wp\/v2\/comments?post=3415"}],"wp:featuredmedia":[{"embeddable":true,"href":"https:\/\/www.ksttukku.fi\/kauppa\/wp-json\/wp\/v2\/media\/3416"}],"wp:attachment":[{"href":"https:\/\/www.ksttukku.fi\/kauppa\/wp-json\/wp\/v2\/media?parent=3415"}],"wp:term":[{"taxonomy":"product_brand","embeddable":true,"href":"https:\/\/www.ksttukku.fi\/kauppa\/wp-json\/wp\/v2\/product_brand?post=3415"},{"taxonomy":"product_cat","embeddable":true,"href":"https:\/\/www.ksttukku.fi\/kauppa\/wp-json\/wp\/v2\/product_cat?post=3415"},{"taxonomy":"product_tag","embeddable":true,"href":"https:\/\/www.ksttukku.fi\/kauppa\/wp-json\/wp\/v2\/product_tag?post=3415"}],"curies":[{"name":"wp","href":"https:\/\/api.w.org\/{rel}","templated":true}]}}