{"id":3419,"date":"2019-05-07T14:20:07","date_gmt":"2019-05-07T11:20:07","guid":{"rendered":"http:\/\/www.ksttukku.fi\/kauppa\/?post_type=product&#038;p=3419"},"modified":"2024-05-06T12:09:21","modified_gmt":"2024-05-06T09:09:21","slug":"einhell-raivaussaha-gc-bc-30-as","status":"publish","type":"product","link":"https:\/\/www.ksttukku.fi\/kauppa\/tuote\/einhell-raivaussaha-gc-bc-30-as\/","title":{"rendered":"Einhell raivaussaha GC-BC 30 AS"},"content":{"rendered":"<p>Einhell GC-PC 30 AS on tehokas ty\u00f6kalu, jonka avulla saat sitke\u00e4mm\u00e4nkin kasvuston kuriin. Tarvittava voima saadaan laadukaasta 2-tahti moottorista. Digitaalinen sytytys takaa nopean k\u00e4ynnistymisen ja tasaisen moottorin toiminnan. Kaikki raivurin toiminnot ovat k\u00e4tev\u00e4sti ohjauskahvassa. Kahvaa voit s\u00e4\u00e4t\u00e4\u00e4 portaattomasti, parhaan ty\u00f6erogonomian takaamiseksi.<\/p>\n<p>Moottori: 2-tahti, 30,3 cc<\/p>\n<p>Teho: 0,9 kW<\/p>\n<p>Digitaalinen sytytys<\/p>\n<p>Polttoainetankki: 0,4 l<\/p>\n<p>Kierrokset siimalla: 6400 \/ min<\/p>\n<p>Leikkuuleveys siimalla: 450 mm<\/p>\n<p>Siiman vahvuus: 2 mm<\/p>\n<p>Siiman pituus: 400 cm<\/p>\n<p>Kierrokset ter\u00e4ll\u00e4 7200 \/ min<\/p>\n<p>Leikkuuleveys ter\u00e4ll\u00e4: 230 mm<\/p>\n<p>2-osainen varsi helpottaa varastointia<\/p>\n<p>Kaksois siima, valjaat<\/p>\n","protected":false},"excerpt":{"rendered":"<p>Einhell GC-PC 30 AS on tehokas ty\u00f6kalu, jonka avulla saat sitke\u00e4mm\u00e4nkin kasvuston kuriin. Tarvittava voima saadaan laadukaasta 2-tahti moottorista. Digitaalinen sytytys takaa nopean k\u00e4ynnistymisen ja tasaisen moottorin toiminnan. Kaikki raivurin toiminnot ovat k\u00e4tev\u00e4sti ohjauskahvassa. Kahvaa voit s\u00e4\u00e4t\u00e4\u00e4 portaattomasti, parhaan ty\u00f6erogonomian takaamiseksi. Moottori: 2-tahti, 30,3 cc Teho: 0,9 kW Digitaalinen sytytys Polttoainetankki: 0,4 l Kierrokset siimalla: [&hellip;]<\/p>\n","protected":false},"featured_media":3420,"comment_status":"closed","ping_status":"closed","template":"","meta":[],"product_brand":[],"product_cat":[252],"product_tag":[],"class_list":{"0":"post-3419","1":"product","2":"type-product","3":"status-publish","4":"has-post-thumbnail","6":"product_cat-raivaussahat","8":"first","9":"outofstock","10":"taxable","11":"shipping-taxable","12":"purchasable","13":"product-type-simple"},"_links":{"self":[{"href":"https:\/\/www.ksttukku.fi\/kauppa\/wp-json\/wp\/v2\/product\/3419","targetHints":{"allow":["GET"]}}],"collection":[{"href":"https:\/\/www.ksttukku.fi\/kauppa\/wp-json\/wp\/v2\/product"}],"about":[{"href":"https:\/\/www.ksttukku.fi\/kauppa\/wp-json\/wp\/v2\/types\/product"}],"replies":[{"embeddable":true,"href":"https:\/\/www.ksttukku.fi\/kauppa\/wp-json\/wp\/v2\/comments?post=3419"}],"wp:featuredmedia":[{"embeddable":true,"href":"https:\/\/www.ksttukku.fi\/kauppa\/wp-json\/wp\/v2\/media\/3420"}],"wp:attachment":[{"href":"https:\/\/www.ksttukku.fi\/kauppa\/wp-json\/wp\/v2\/media?parent=3419"}],"wp:term":[{"taxonomy":"product_brand","embeddable":true,"href":"https:\/\/www.ksttukku.fi\/kauppa\/wp-json\/wp\/v2\/product_brand?post=3419"},{"taxonomy":"product_cat","embeddable":true,"href":"https:\/\/www.ksttukku.fi\/kauppa\/wp-json\/wp\/v2\/product_cat?post=3419"},{"taxonomy":"product_tag","embeddable":true,"href":"https:\/\/www.ksttukku.fi\/kauppa\/wp-json\/wp\/v2\/product_tag?post=3419"}],"curies":[{"name":"wp","href":"https:\/\/api.w.org\/{rel}","templated":true}]}}