{"id":3426,"date":"2019-05-07T17:17:38","date_gmt":"2019-05-07T14:17:38","guid":{"rendered":"http:\/\/www.ksttukku.fi\/kauppa\/?post_type=product&#038;p=3426"},"modified":"2020-07-16T17:48:32","modified_gmt":"2020-07-16T14:48:32","slug":"led-valonauhasarja-5m-rgb-ip44-2","status":"publish","type":"product","link":"https:\/\/www.ksttukku.fi\/kauppa\/tuote\/led-valonauhasarja-5m-rgb-ip44-2\/","title":{"rendered":"Eglo led-valonauhasarja 5m RGB IP44"},"content":{"rendered":"<p>LED-valonauha monipuoliseen kodin sisustamiseen. Sis\u00e4lt\u00e4\u00e4 5 metri\u00e4 valonauhaa, joka on mahdollista lyhent\u00e4\u00e4 saksilla. Kiinnitys tapahtuu nauhassa olevan 3M tarranauhan avulla. Helppo asentaa pienehk\u00f6\u00f6n tilaan. Pakkauksen mukana tulevalla kauko-ohjaimella voit vaihdella eri v\u00e4ris\u00e4vyj\u00e4 ja s\u00e4\u00e4t\u00e4\u00e4 valotehoa.<\/p>\n<p>Teho: 20 W<\/p>\n<p>Valovirta: 1000 lm<\/p>\n<p>IP-luokitus: IP44<\/p>\n","protected":false},"excerpt":{"rendered":"<p>LED-valonauha monipuoliseen kodin sisustamiseen. Sis\u00e4lt\u00e4\u00e4 5 metri\u00e4 valonauhaa, joka on mahdollista lyhent\u00e4\u00e4 saksilla. Kiinnitys tapahtuu nauhassa olevan 3M tarranauhan avulla. Helppo asentaa pienehk\u00f6\u00f6n tilaan. Pakkauksen mukana tulevalla kauko-ohjaimella voit vaihdella eri v\u00e4ris\u00e4vyj\u00e4 ja s\u00e4\u00e4t\u00e4\u00e4 valotehoa. Teho: 20 W Valovirta: 1000 lm IP-luokitus: IP44<\/p>\n","protected":false},"featured_media":3427,"comment_status":"closed","ping_status":"closed","template":"","meta":[],"product_brand":[],"product_cat":[45],"product_tag":[],"class_list":{"0":"post-3426","1":"product","2":"type-product","3":"status-publish","4":"has-post-thumbnail","6":"product_cat-valonauhat","8":"first","9":"instock","10":"taxable","11":"shipping-taxable","12":"purchasable","13":"product-type-simple"},"_links":{"self":[{"href":"https:\/\/www.ksttukku.fi\/kauppa\/wp-json\/wp\/v2\/product\/3426","targetHints":{"allow":["GET"]}}],"collection":[{"href":"https:\/\/www.ksttukku.fi\/kauppa\/wp-json\/wp\/v2\/product"}],"about":[{"href":"https:\/\/www.ksttukku.fi\/kauppa\/wp-json\/wp\/v2\/types\/product"}],"replies":[{"embeddable":true,"href":"https:\/\/www.ksttukku.fi\/kauppa\/wp-json\/wp\/v2\/comments?post=3426"}],"wp:featuredmedia":[{"embeddable":true,"href":"https:\/\/www.ksttukku.fi\/kauppa\/wp-json\/wp\/v2\/media\/3427"}],"wp:attachment":[{"href":"https:\/\/www.ksttukku.fi\/kauppa\/wp-json\/wp\/v2\/media?parent=3426"}],"wp:term":[{"taxonomy":"product_brand","embeddable":true,"href":"https:\/\/www.ksttukku.fi\/kauppa\/wp-json\/wp\/v2\/product_brand?post=3426"},{"taxonomy":"product_cat","embeddable":true,"href":"https:\/\/www.ksttukku.fi\/kauppa\/wp-json\/wp\/v2\/product_cat?post=3426"},{"taxonomy":"product_tag","embeddable":true,"href":"https:\/\/www.ksttukku.fi\/kauppa\/wp-json\/wp\/v2\/product_tag?post=3426"}],"curies":[{"name":"wp","href":"https:\/\/api.w.org\/{rel}","templated":true}]}}