{"id":3432,"date":"2019-05-11T11:27:37","date_gmt":"2019-05-11T08:27:37","guid":{"rendered":"http:\/\/www.ksttukku.fi\/kauppa\/?post_type=product&#038;p=3432"},"modified":"2020-04-01T17:14:17","modified_gmt":"2020-04-01T14:14:17","slug":"einhell-porakaivopumppu","status":"publish","type":"product","link":"https:\/\/www.ksttukku.fi\/kauppa\/tuote\/einhell-porakaivopumppu\/","title":{"rendered":"Einhell porakaivopumppu"},"content":{"rendered":"<p>Teho: 1100 W<br \/>\nTuotto max: 6000 l \/ h<br \/>\nMax nostokorkeus: 55 m<br \/>\nMax upotussyvyys: 19 m<br \/>\nMax veden l\u00e4mp\u00f6tila: 35-celsiusta<br \/>\nLiit\u00e4nt\u00e4: 1&#8243;<br \/>\nS\u00e4hk\u00f6johto: 22 m<br \/>\nPumpun halkaisija: 98 mm<br \/>\nAutomaattitoiminto<br \/>\n8 vesipy\u00f6r\u00e4\u00e4 takaavat tehokkaan pumppauksen<br \/>\nRuostumatonta ter\u00e4st\u00e4<br \/>\nKuivak\u00e4yntisuoja<br \/>\nMax paine: 5,5 bar<\/p>\n","protected":false},"excerpt":{"rendered":"<p>Einhellin porakaivopumppu tuottaa jopa 6 000 litraa puhdasta vett\u00e4 tunnissa! Pumpussa on automaattitoiminto joka kytkee veden p\u00e4\u00e4lle ja pois tarpeen mukaan. 8 vesipy\u00f6r\u00e4\u00e4 takaavat tehokkaan pumppauksen jopa 55 metrin syvyydest\u00e4.<\/p>\n<p>Tilap\u00e4isesti loppu<\/p>\n","protected":false},"featured_media":3433,"comment_status":"closed","ping_status":"closed","template":"","meta":[],"product_brand":[],"product_cat":[254],"product_tag":[],"class_list":{"0":"post-3432","1":"product","2":"type-product","3":"status-publish","4":"has-post-thumbnail","6":"product_cat-pumput","8":"first","9":"outofstock","10":"taxable","11":"shipping-taxable","12":"purchasable","13":"product-type-simple"},"_links":{"self":[{"href":"https:\/\/www.ksttukku.fi\/kauppa\/wp-json\/wp\/v2\/product\/3432","targetHints":{"allow":["GET"]}}],"collection":[{"href":"https:\/\/www.ksttukku.fi\/kauppa\/wp-json\/wp\/v2\/product"}],"about":[{"href":"https:\/\/www.ksttukku.fi\/kauppa\/wp-json\/wp\/v2\/types\/product"}],"replies":[{"embeddable":true,"href":"https:\/\/www.ksttukku.fi\/kauppa\/wp-json\/wp\/v2\/comments?post=3432"}],"wp:featuredmedia":[{"embeddable":true,"href":"https:\/\/www.ksttukku.fi\/kauppa\/wp-json\/wp\/v2\/media\/3433"}],"wp:attachment":[{"href":"https:\/\/www.ksttukku.fi\/kauppa\/wp-json\/wp\/v2\/media?parent=3432"}],"wp:term":[{"taxonomy":"product_brand","embeddable":true,"href":"https:\/\/www.ksttukku.fi\/kauppa\/wp-json\/wp\/v2\/product_brand?post=3432"},{"taxonomy":"product_cat","embeddable":true,"href":"https:\/\/www.ksttukku.fi\/kauppa\/wp-json\/wp\/v2\/product_cat?post=3432"},{"taxonomy":"product_tag","embeddable":true,"href":"https:\/\/www.ksttukku.fi\/kauppa\/wp-json\/wp\/v2\/product_tag?post=3432"}],"curies":[{"name":"wp","href":"https:\/\/api.w.org\/{rel}","templated":true}]}}