{"id":3436,"date":"2019-05-11T11:45:56","date_gmt":"2019-05-11T08:45:56","guid":{"rendered":"http:\/\/www.ksttukku.fi\/kauppa\/?post_type=product&#038;p=3436"},"modified":"2023-05-22T18:46:40","modified_gmt":"2023-05-22T15:46:40","slug":"einhell-uppopumppu-gc-sp-3580-ll","status":"publish","type":"product","link":"https:\/\/www.ksttukku.fi\/kauppa\/tuote\/einhell-uppopumppu-gc-sp-3580-ll\/","title":{"rendered":"Einhell uppopumppu GC-SP 3580 LL"},"content":{"rendered":"<p>Teho: 350 W<br \/>\nMaksimituotto: 8000 l\/h<br \/>\nNostokorkeus maks.: 7,5 m<br \/>\nUpotussyvyys maks.: 7 m<br \/>\nVeden l\u00e4mp\u00f6tila maks.: 35 C<br \/>\nS\u00e4hk\u00f6johdon pituus: 10 m<br \/>\nImun aloitus: 8 mm<br \/>\nImun lopetus: 1 mm<\/p>\n","protected":false},"excerpt":{"rendered":"<p>Teho: 350 W Maksimituotto: 8000 l\/h Nostokorkeus maks.: 7,5 m Upotussyvyys maks.: 7 m Veden l\u00e4mp\u00f6tila maks.: 35 C S\u00e4hk\u00f6johdon pituus: 10 m Imun aloitus: 8 mm Imun lopetus: 1 mm<\/p>\n","protected":false},"featured_media":3437,"comment_status":"closed","ping_status":"closed","template":"","meta":[],"product_brand":[],"product_cat":[254],"product_tag":[],"class_list":{"0":"post-3436","1":"product","2":"type-product","3":"status-publish","4":"has-post-thumbnail","6":"product_cat-pumput","8":"first","9":"outofstock","10":"taxable","11":"shipping-taxable","12":"purchasable","13":"product-type-simple"},"_links":{"self":[{"href":"https:\/\/www.ksttukku.fi\/kauppa\/wp-json\/wp\/v2\/product\/3436","targetHints":{"allow":["GET"]}}],"collection":[{"href":"https:\/\/www.ksttukku.fi\/kauppa\/wp-json\/wp\/v2\/product"}],"about":[{"href":"https:\/\/www.ksttukku.fi\/kauppa\/wp-json\/wp\/v2\/types\/product"}],"replies":[{"embeddable":true,"href":"https:\/\/www.ksttukku.fi\/kauppa\/wp-json\/wp\/v2\/comments?post=3436"}],"wp:featuredmedia":[{"embeddable":true,"href":"https:\/\/www.ksttukku.fi\/kauppa\/wp-json\/wp\/v2\/media\/3437"}],"wp:attachment":[{"href":"https:\/\/www.ksttukku.fi\/kauppa\/wp-json\/wp\/v2\/media?parent=3436"}],"wp:term":[{"taxonomy":"product_brand","embeddable":true,"href":"https:\/\/www.ksttukku.fi\/kauppa\/wp-json\/wp\/v2\/product_brand?post=3436"},{"taxonomy":"product_cat","embeddable":true,"href":"https:\/\/www.ksttukku.fi\/kauppa\/wp-json\/wp\/v2\/product_cat?post=3436"},{"taxonomy":"product_tag","embeddable":true,"href":"https:\/\/www.ksttukku.fi\/kauppa\/wp-json\/wp\/v2\/product_tag?post=3436"}],"curies":[{"name":"wp","href":"https:\/\/api.w.org\/{rel}","templated":true}]}}