{"id":3445,"date":"2019-05-11T13:11:34","date_gmt":"2019-05-11T10:11:34","guid":{"rendered":"http:\/\/www.ksttukku.fi\/kauppa\/?post_type=product&#038;p=3445"},"modified":"2024-05-06T10:37:48","modified_gmt":"2024-05-06T07:37:48","slug":"einhell-yhdistelmapumppu-ge-dp-5220-ll","status":"publish","type":"product","link":"https:\/\/www.ksttukku.fi\/kauppa\/tuote\/einhell-yhdistelmapumppu-ge-dp-5220-ll\/","title":{"rendered":"Einhell yhdistelm\u00e4pumppu GE-DP 5220 LL"},"content":{"rendered":"<p>Einhell 2in1 yhdistelm\u00e4pumppu GE-DP 5220 LL on tehokas ja luotettava apuri, joka soveltuu erityisesti altaiden, rakennuskuoppien ja tulvien kellaritilojen nopeaan tyhj\u00e4ksi pumppaamiseen. Pumppua voidaan k\u00e4ytt\u00e4\u00e4 sek\u00e4 kirkkaalle vedelle ett\u00e4 likaiselle vedelle 20 mm raekokoon asti.<br \/>\nLikaisen veden yhdistelm\u00e4pumppu vakuuttaa moderneimmalla tekniikalla, teholla ja optimaalisella energiatehokkuudella. T\u00e4m\u00e4 vahva uppopumppu pystyy vain 520 watilla kuljettamaan jopa 13 500 litraa vett\u00e4 tunnissa. Uppopumpun portaattomasti korkeuss\u00e4\u00e4dett\u00e4v\u00e4 uimurikytkin mahdollistaa valinnan joko jatkuvan k\u00e4yt\u00f6n tai esis\u00e4\u00e4detyn k\u00e4ynnistys- ja sammumistason mukaan. K\u00e4ynnistyminen tarvittaessa jo 10 mm vesikorkeuden kohdalla on mahdollista.<br \/>\nPatentoitu imutason s\u00e4\u00e4t\u00f6 yksinkertaisella k\u00e4\u00e4nt\u00f6liikkeell\u00e4 mahdollistaa toivotun toiminnon nopean toteuttamisen. Pumpulla on kaksi teht\u00e4v\u00e4\u00e4: 1) matalaimu aina 1 mm j\u00e4\u00e4nn\u00f6sveteen kirkasvesik\u00e4yt\u00f6ss\u00e4 tai 2) likaisen veden poistoimu 20 mm:n raekokoon asti.<br \/>\nEritt\u00e4in kest\u00e4v\u00e4 kotelointi iskunkest\u00e4v\u00e4\u00e4 muovia sek\u00e4 korkealaatuiset liukurengastiivisteet mahdollistavat pumpun luotettavan toiminnan vaativissakin teht\u00e4viss\u00e4 ja takaavat pitk\u00e4n k\u00e4ytt\u00f6i\u00e4n. K\u00e4yt\u00e4nn\u00f6llisen ja ergonomisen kantokahvan ansiosta t\u00e4m\u00e4 2in1 yhdistelm\u00e4pumppu on nopeasti ja helposti k\u00e4ytt\u00f6valmis.<br \/>\nJ\u00e4nnite: 230 V ~ 50 Hz<br \/>\nTeho: 520 W<br \/>\nPumppausteho: 13500 l\/h<br \/>\nNostokorkeus maks.: 7,5 m<br \/>\nUpotussyvyys maks.: 7 m<br \/>\nVeden l\u00e4mp\u00f6tila maks.: 35 \u00b0C<br \/>\nEp\u00e4puhtaudet: \u00d8 20 mm<br \/>\nLetkuliit\u00e4nt\u00e4: noin 47,8 mm (1 \u00bd&#8221; ulkokierre)<br \/>\nYleisliitin 25\/32 mm letkuille ja 33,3 mm (1&#8243;) ulkokierre<br \/>\nS\u00e4hk\u00f6johto: 10 m<br \/>\nPumppaus alkaa: 10 mm<br \/>\nPumppaus loppuu: 1 &#8211; 10 mm<br \/>\nPaino: 5,4 kg<\/p>\n","protected":false},"excerpt":{"rendered":"<p>Einhellin patentoitu 2in1 yhdistelm\u00e4pumppu kirkkaalle ja likaiselle vedelle. Pumpun k\u00e4ytt\u00f6tarkoitus vaihtuu vain pohjaa py\u00f6r\u00e4ytt\u00e4m\u00e4ll\u00e4! Imu alkaa jo 10 mm:ss\u00e4. Teho 520 W, pumppausteho 13500 l\/h, raekoko 20 mm.<\/p>\n","protected":false},"featured_media":3446,"comment_status":"closed","ping_status":"closed","template":"","meta":[],"product_brand":[],"product_cat":[254],"product_tag":[],"class_list":{"0":"post-3445","1":"product","2":"type-product","3":"status-publish","4":"has-post-thumbnail","6":"product_cat-pumput","8":"first","9":"outofstock","10":"taxable","11":"shipping-taxable","12":"purchasable","13":"product-type-simple"},"_links":{"self":[{"href":"https:\/\/www.ksttukku.fi\/kauppa\/wp-json\/wp\/v2\/product\/3445","targetHints":{"allow":["GET"]}}],"collection":[{"href":"https:\/\/www.ksttukku.fi\/kauppa\/wp-json\/wp\/v2\/product"}],"about":[{"href":"https:\/\/www.ksttukku.fi\/kauppa\/wp-json\/wp\/v2\/types\/product"}],"replies":[{"embeddable":true,"href":"https:\/\/www.ksttukku.fi\/kauppa\/wp-json\/wp\/v2\/comments?post=3445"}],"wp:featuredmedia":[{"embeddable":true,"href":"https:\/\/www.ksttukku.fi\/kauppa\/wp-json\/wp\/v2\/media\/3446"}],"wp:attachment":[{"href":"https:\/\/www.ksttukku.fi\/kauppa\/wp-json\/wp\/v2\/media?parent=3445"}],"wp:term":[{"taxonomy":"product_brand","embeddable":true,"href":"https:\/\/www.ksttukku.fi\/kauppa\/wp-json\/wp\/v2\/product_brand?post=3445"},{"taxonomy":"product_cat","embeddable":true,"href":"https:\/\/www.ksttukku.fi\/kauppa\/wp-json\/wp\/v2\/product_cat?post=3445"},{"taxonomy":"product_tag","embeddable":true,"href":"https:\/\/www.ksttukku.fi\/kauppa\/wp-json\/wp\/v2\/product_tag?post=3445"}],"curies":[{"name":"wp","href":"https:\/\/api.w.org\/{rel}","templated":true}]}}