{"id":345,"date":"2018-02-01T13:54:55","date_gmt":"2018-02-01T11:54:55","guid":{"rendered":"http:\/\/www.ksttukku.fi\/kauppa\/?post_type=product&#038;p=345"},"modified":"2024-02-28T18:06:59","modified_gmt":"2024-02-28T16:06:59","slug":"led-valosarja-12-osainen-messinki-ip54","status":"publish","type":"product","link":"https:\/\/www.ksttukku.fi\/kauppa\/tuote\/led-valosarja-12-osainen-messinki-ip54\/","title":{"rendered":"Led-valosarja 12-osainen messinki IP54"},"content":{"rendered":"<p>Luo tunnelmaa miellytt\u00e4v\u00e4sti valaisevilla ja helposti asennettavilla ledvaloilla<\/p>\n<p>Pakkaus sis\u00e4lt\u00e4\u00e4: liit\u00e4nt\u00e4laitteen. 12 kpl ledvaloja ja liitosjohdot (4 x 3m, 4 x 4m, 4 x 5m)<\/p>\n<p>IP-luokitus: ledit IP54, liit\u00e4nt\u00e4laite IP20<\/p>\n<p>Koko: \u2205 17 mm x 23 mm<\/p>\n<p>Asennusreik\u00e4: \u2205 12 mm<\/p>\n<p>Valonjakokulma: 80\u00b0<\/p>\n<p>V\u00e4ril\u00e4mp\u00f6: 3500 K<\/p>\n<p>V\u00e4ri: messinki<\/p>\n","protected":false},"excerpt":{"rendered":"<p>Luo tunnelmaa miellytt\u00e4v\u00e4sti valaisevilla ja helposti asennettavilla ledvaloilla Pakkaus sis\u00e4lt\u00e4\u00e4: liit\u00e4nt\u00e4laitteen. 12 kpl ledvaloja ja liitosjohdot (4 x 3m, 4 x 4m, 4 x 5m) IP-luokitus: ledit IP54, liit\u00e4nt\u00e4laite IP20 Koko: \u2205 17 mm x 23 mm Asennusreik\u00e4: \u2205 12 mm Valonjakokulma: 80\u00b0 V\u00e4ril\u00e4mp\u00f6: 3500 K V\u00e4ri: messinki<\/p>\n","protected":false},"featured_media":343,"comment_status":"closed","ping_status":"closed","template":"","meta":[],"product_brand":[],"product_cat":[50,35,34],"product_tag":[],"class_list":{"0":"post-345","1":"product","2":"type-product","3":"status-publish","4":"has-post-thumbnail","6":"product_cat-saunavalaisimet","7":"product_cat-sisavalaisimet","8":"product_cat-valaisimet","10":"first","11":"instock","12":"taxable","13":"shipping-taxable","14":"purchasable","15":"product-type-simple"},"_links":{"self":[{"href":"https:\/\/www.ksttukku.fi\/kauppa\/wp-json\/wp\/v2\/product\/345","targetHints":{"allow":["GET"]}}],"collection":[{"href":"https:\/\/www.ksttukku.fi\/kauppa\/wp-json\/wp\/v2\/product"}],"about":[{"href":"https:\/\/www.ksttukku.fi\/kauppa\/wp-json\/wp\/v2\/types\/product"}],"replies":[{"embeddable":true,"href":"https:\/\/www.ksttukku.fi\/kauppa\/wp-json\/wp\/v2\/comments?post=345"}],"wp:featuredmedia":[{"embeddable":true,"href":"https:\/\/www.ksttukku.fi\/kauppa\/wp-json\/wp\/v2\/media\/343"}],"wp:attachment":[{"href":"https:\/\/www.ksttukku.fi\/kauppa\/wp-json\/wp\/v2\/media?parent=345"}],"wp:term":[{"taxonomy":"product_brand","embeddable":true,"href":"https:\/\/www.ksttukku.fi\/kauppa\/wp-json\/wp\/v2\/product_brand?post=345"},{"taxonomy":"product_cat","embeddable":true,"href":"https:\/\/www.ksttukku.fi\/kauppa\/wp-json\/wp\/v2\/product_cat?post=345"},{"taxonomy":"product_tag","embeddable":true,"href":"https:\/\/www.ksttukku.fi\/kauppa\/wp-json\/wp\/v2\/product_tag?post=345"}],"curies":[{"name":"wp","href":"https:\/\/api.w.org\/{rel}","templated":true}]}}