{"id":3453,"date":"2019-05-13T17:49:20","date_gmt":"2019-05-13T14:49:20","guid":{"rendered":"http:\/\/www.ksttukku.fi\/kauppa\/?post_type=product&#038;p=3453"},"modified":"2023-07-10T16:23:34","modified_gmt":"2023-07-10T13:23:34","slug":"einhell-akkuvaannin-te-sd-36-li-kit","status":"publish","type":"product","link":"https:\/\/www.ksttukku.fi\/kauppa\/tuote\/einhell-akkuvaannin-te-sd-36-li-kit\/","title":{"rendered":"Einhell akkuruuvinv\u00e4\u00e4nnin TE-SD 3,6 Li Kit"},"content":{"rendered":"<p>Litiumioniakussa on 30 % enemm\u00e4n kapasiteettia ja n\u00e4in pidempi k\u00e4yntiaika. Kahva k\u00e4\u00e4ntyy k\u00e4den k\u00e4\u00e4nteess\u00e4 90 astetta pistooliasennosta sauvaksi, jolla on helppo ja nopea ruuvata my\u00f6s vaikeap\u00e4\u00e4syisiss\u00e4 kohteissa.<\/p>\n<p>Varustus\/ominaisuudet:<br \/>\nlitiumioniakku<br \/>\n30 % enemm\u00e4n kapasiteettia<br \/>\nk\u00e4\u00e4ntyv\u00e4 kahva<br \/>\n7-portainen momentin s\u00e4\u00e4t\u00f6<br \/>\nkest\u00e4v\u00e4 metallinen vaihteisto<br \/>\nlukitushylsy<br \/>\nmagneettinen ruuvipidike<br \/>\n2 led-valoa<br \/>\npy\u00f6rint\u00e4suunta oikea\/vasen<br \/>\npehmustettu kahva<br \/>\n3-vaiheinen akun lataustilan n\u00e4ytt\u00f6<br \/>\n32-osainen k\u00e4rkisarja<br \/>\nk\u00e4yt\u00e4nn\u00f6llinen peltinen s\u00e4ilytysrasia<\/p>\n<p>Tekniset tiedot:<br \/>\nAkku: 3,6 V \/ 1,5 Ah Li-Ion<br \/>\nLatausaika: 3 h<br \/>\nKierrokset: 200 kierrosta\/min<br \/>\nV\u00e4\u00e4nt\u00f6momentti: 3,5 Nm<br \/>\nMomentit: 7<br \/>\nK\u00e4rkipidike 6,35 mm\/1\/4&#8243;, mekaaninen lukitus<br \/>\nSauvav\u00e4\u00e4ntimen paino: 0,4 kg<\/p>\n","protected":false},"excerpt":{"rendered":"<p>Einhell Expert -sarjan TE-SD 3,6 Li Kit on laadukas, k\u00e4yt\u00e4nn\u00f6llinen ja monipuolinen akkusauvav\u00e4\u00e4nnin vaativalle k\u00e4ytt\u00e4j\u00e4lle. Mukana 32-osainen k\u00e4rkisarja ja latauslaite k\u00e4tev\u00e4\u00e4n ja hyv\u00e4nn\u00e4k\u00f6iseen peltirasiaan pakattuna.<\/p>\n","protected":false},"featured_media":3454,"comment_status":"closed","ping_status":"closed","template":"","meta":[],"product_brand":[],"product_cat":[208],"product_tag":[],"class_list":{"0":"post-3453","1":"product","2":"type-product","3":"status-publish","4":"has-post-thumbnail","6":"product_cat-akkutyokalut","8":"first","9":"outofstock","10":"sale","11":"taxable","12":"shipping-taxable","13":"purchasable","14":"product-type-simple"},"_links":{"self":[{"href":"https:\/\/www.ksttukku.fi\/kauppa\/wp-json\/wp\/v2\/product\/3453","targetHints":{"allow":["GET"]}}],"collection":[{"href":"https:\/\/www.ksttukku.fi\/kauppa\/wp-json\/wp\/v2\/product"}],"about":[{"href":"https:\/\/www.ksttukku.fi\/kauppa\/wp-json\/wp\/v2\/types\/product"}],"replies":[{"embeddable":true,"href":"https:\/\/www.ksttukku.fi\/kauppa\/wp-json\/wp\/v2\/comments?post=3453"}],"wp:featuredmedia":[{"embeddable":true,"href":"https:\/\/www.ksttukku.fi\/kauppa\/wp-json\/wp\/v2\/media\/3454"}],"wp:attachment":[{"href":"https:\/\/www.ksttukku.fi\/kauppa\/wp-json\/wp\/v2\/media?parent=3453"}],"wp:term":[{"taxonomy":"product_brand","embeddable":true,"href":"https:\/\/www.ksttukku.fi\/kauppa\/wp-json\/wp\/v2\/product_brand?post=3453"},{"taxonomy":"product_cat","embeddable":true,"href":"https:\/\/www.ksttukku.fi\/kauppa\/wp-json\/wp\/v2\/product_cat?post=3453"},{"taxonomy":"product_tag","embeddable":true,"href":"https:\/\/www.ksttukku.fi\/kauppa\/wp-json\/wp\/v2\/product_tag?post=3453"}],"curies":[{"name":"wp","href":"https:\/\/api.w.org\/{rel}","templated":true}]}}