{"id":3460,"date":"2019-05-16T14:56:53","date_gmt":"2019-05-16T11:56:53","guid":{"rendered":"http:\/\/www.ksttukku.fi\/kauppa\/?post_type=product&#038;p=3460"},"modified":"2020-03-04T12:38:17","modified_gmt":"2020-03-04T10:38:17","slug":"led-valonauha-15m-himmennettava","status":"publish","type":"product","link":"https:\/\/www.ksttukku.fi\/kauppa\/tuote\/led-valonauha-15m-himmennettava\/","title":{"rendered":"Led-valonauha 1,5m himmennett\u00e4v\u00e4"},"content":{"rendered":"<p>Portaaton himmennysominaisuus. Teho 4,8 W\/m. V\u00e4ril\u00e4mp\u00f6tila 4000 K. Pistorasiaan sopiva liit\u00e4nt\u00e4laite: k\u00e4ytt\u00f6j\u00e4nnite 230 V ~50 Hz, ulostulo: 12 V 1 A. K\u00e4ytt\u00f6ik\u00e4 noin 30 000 tuntia. Kiinnitys laadukkaalla 3M tarralla.<\/p>\n","protected":false},"excerpt":{"rendered":"<p>Pistorasiaan kytkett\u00e4v\u00e4 hipaisukytkimest\u00e4 portaattomasti himmennett\u00e4v\u00e4 LED-nauha esimerkiksi portaikkojen tai s\u00e4ngynalusten valaisuun. Nauha 1,5 m, lyhennett\u00e4viss\u00e4 5 cm:n v\u00e4lein. Valoteho 200 lm.<\/p>\n","protected":false},"featured_media":3461,"comment_status":"closed","ping_status":"closed","template":"","meta":[],"product_brand":[],"product_cat":[45],"product_tag":[],"class_list":{"0":"post-3460","1":"product","2":"type-product","3":"status-publish","4":"has-post-thumbnail","6":"product_cat-valonauhat","8":"first","9":"instock","10":"taxable","11":"shipping-taxable","12":"purchasable","13":"product-type-simple"},"_links":{"self":[{"href":"https:\/\/www.ksttukku.fi\/kauppa\/wp-json\/wp\/v2\/product\/3460","targetHints":{"allow":["GET"]}}],"collection":[{"href":"https:\/\/www.ksttukku.fi\/kauppa\/wp-json\/wp\/v2\/product"}],"about":[{"href":"https:\/\/www.ksttukku.fi\/kauppa\/wp-json\/wp\/v2\/types\/product"}],"replies":[{"embeddable":true,"href":"https:\/\/www.ksttukku.fi\/kauppa\/wp-json\/wp\/v2\/comments?post=3460"}],"wp:featuredmedia":[{"embeddable":true,"href":"https:\/\/www.ksttukku.fi\/kauppa\/wp-json\/wp\/v2\/media\/3461"}],"wp:attachment":[{"href":"https:\/\/www.ksttukku.fi\/kauppa\/wp-json\/wp\/v2\/media?parent=3460"}],"wp:term":[{"taxonomy":"product_brand","embeddable":true,"href":"https:\/\/www.ksttukku.fi\/kauppa\/wp-json\/wp\/v2\/product_brand?post=3460"},{"taxonomy":"product_cat","embeddable":true,"href":"https:\/\/www.ksttukku.fi\/kauppa\/wp-json\/wp\/v2\/product_cat?post=3460"},{"taxonomy":"product_tag","embeddable":true,"href":"https:\/\/www.ksttukku.fi\/kauppa\/wp-json\/wp\/v2\/product_tag?post=3460"}],"curies":[{"name":"wp","href":"https:\/\/api.w.org\/{rel}","templated":true}]}}