{"id":3462,"date":"2019-05-16T16:21:48","date_gmt":"2019-05-16T13:21:48","guid":{"rendered":"http:\/\/www.ksttukku.fi\/kauppa\/?post_type=product&#038;p=3462"},"modified":"2019-05-27T00:01:16","modified_gmt":"2019-05-26T21:01:16","slug":"saadettava-suutinsetti-ja-liitinsarja","status":"publish","type":"product","link":"https:\/\/www.ksttukku.fi\/kauppa\/tuote\/saadettava-suutinsetti-ja-liitinsarja\/","title":{"rendered":"S\u00e4\u00e4dett\u00e4v\u00e4 suutinsetti ja liitinsarja"},"content":{"rendered":"<p>Settiin kuuluu: s\u00e4\u00e4dett\u00e4v\u00e4 suutin, sulkupikaliitin, pikaliitin &#8211; l\u00e4pivirtaava, monitoimiliitin sis\u00e4kierteell\u00e4<\/p>\n<p>1\/2&#8243; &#8211; 5\/8&#8243; (12,5 &#8211; 15 mm)<\/p>\n<p>&nbsp;<\/p>\n","protected":false},"excerpt":{"rendered":"<p>Settiin kuuluu: s\u00e4\u00e4dett\u00e4v\u00e4 suutin, sulkupikaliitin, pikaliitin &#8211; l\u00e4pivirtaava, monitoimiliitin sis\u00e4kierteell\u00e4 1\/2&#8243; &#8211; 5\/8&#8243; (12,5 &#8211; 15 mm) &nbsp;<\/p>\n","protected":false},"featured_media":3463,"comment_status":"closed","ping_status":"closed","template":"","meta":[],"product_brand":[],"product_cat":[255],"product_tag":[],"class_list":{"0":"post-3462","1":"product","2":"type-product","3":"status-publish","4":"has-post-thumbnail","6":"product_cat-puutarhaletkut-ja-kelat","8":"first","9":"instock","10":"taxable","11":"shipping-taxable","12":"purchasable","13":"product-type-simple"},"_links":{"self":[{"href":"https:\/\/www.ksttukku.fi\/kauppa\/wp-json\/wp\/v2\/product\/3462","targetHints":{"allow":["GET"]}}],"collection":[{"href":"https:\/\/www.ksttukku.fi\/kauppa\/wp-json\/wp\/v2\/product"}],"about":[{"href":"https:\/\/www.ksttukku.fi\/kauppa\/wp-json\/wp\/v2\/types\/product"}],"replies":[{"embeddable":true,"href":"https:\/\/www.ksttukku.fi\/kauppa\/wp-json\/wp\/v2\/comments?post=3462"}],"wp:featuredmedia":[{"embeddable":true,"href":"https:\/\/www.ksttukku.fi\/kauppa\/wp-json\/wp\/v2\/media\/3463"}],"wp:attachment":[{"href":"https:\/\/www.ksttukku.fi\/kauppa\/wp-json\/wp\/v2\/media?parent=3462"}],"wp:term":[{"taxonomy":"product_brand","embeddable":true,"href":"https:\/\/www.ksttukku.fi\/kauppa\/wp-json\/wp\/v2\/product_brand?post=3462"},{"taxonomy":"product_cat","embeddable":true,"href":"https:\/\/www.ksttukku.fi\/kauppa\/wp-json\/wp\/v2\/product_cat?post=3462"},{"taxonomy":"product_tag","embeddable":true,"href":"https:\/\/www.ksttukku.fi\/kauppa\/wp-json\/wp\/v2\/product_tag?post=3462"}],"curies":[{"name":"wp","href":"https:\/\/api.w.org\/{rel}","templated":true}]}}