{"id":3464,"date":"2019-05-16T16:33:25","date_gmt":"2019-05-16T13:33:25","guid":{"rendered":"http:\/\/www.ksttukku.fi\/kauppa\/?post_type=product&#038;p=3464"},"modified":"2019-09-01T00:00:55","modified_gmt":"2019-08-31T21:00:55","slug":"puutarhaletku-1-2-20m","status":"publish","type":"product","link":"https:\/\/www.ksttukku.fi\/kauppa\/tuote\/puutarhaletku-1-2-20m\/","title":{"rendered":"Puutarhaletku 1\/2&#8243; 20m"},"content":{"rendered":"<p>Cellfast Economic on taipuisa kolmikerroksinen kasteluletku, joka on vahvistettu polyesterikudoksella. Puutarhaletku on UV-suojattu ja sisus on lev\u00e4nmuodostusta ehk\u00e4isev\u00e4ksi k\u00e4sitelty. V\u00e4ri vihre\u00e4. Paineenkest\u00e4vyys 20 bar. K\u00e4ytt\u00f6l\u00e4mp\u00f6tila -10 &#8211; +50 \u00b0C.<\/p>\n","protected":false},"excerpt":{"rendered":"<p>Cellfast Economic on taipuisa kolmikerroksinen kasteluletku, joka on vahvistettu polyesterikudoksella. Puutarhaletku on UV-suojattu ja sisus on lev\u00e4nmuodostusta ehk\u00e4isev\u00e4ksi k\u00e4sitelty. V\u00e4ri vihre\u00e4. Paineenkest\u00e4vyys 20 bar. K\u00e4ytt\u00f6l\u00e4mp\u00f6tila -10 &#8211; +50 \u00b0C.<\/p>\n","protected":false},"featured_media":3465,"comment_status":"closed","ping_status":"closed","template":"","meta":[],"product_brand":[],"product_cat":[255],"product_tag":[],"class_list":{"0":"post-3464","1":"product","2":"type-product","3":"status-publish","4":"has-post-thumbnail","6":"product_cat-puutarhaletkut-ja-kelat","8":"first","9":"instock","10":"taxable","11":"shipping-taxable","12":"purchasable","13":"product-type-simple"},"_links":{"self":[{"href":"https:\/\/www.ksttukku.fi\/kauppa\/wp-json\/wp\/v2\/product\/3464","targetHints":{"allow":["GET"]}}],"collection":[{"href":"https:\/\/www.ksttukku.fi\/kauppa\/wp-json\/wp\/v2\/product"}],"about":[{"href":"https:\/\/www.ksttukku.fi\/kauppa\/wp-json\/wp\/v2\/types\/product"}],"replies":[{"embeddable":true,"href":"https:\/\/www.ksttukku.fi\/kauppa\/wp-json\/wp\/v2\/comments?post=3464"}],"wp:featuredmedia":[{"embeddable":true,"href":"https:\/\/www.ksttukku.fi\/kauppa\/wp-json\/wp\/v2\/media\/3465"}],"wp:attachment":[{"href":"https:\/\/www.ksttukku.fi\/kauppa\/wp-json\/wp\/v2\/media?parent=3464"}],"wp:term":[{"taxonomy":"product_brand","embeddable":true,"href":"https:\/\/www.ksttukku.fi\/kauppa\/wp-json\/wp\/v2\/product_brand?post=3464"},{"taxonomy":"product_cat","embeddable":true,"href":"https:\/\/www.ksttukku.fi\/kauppa\/wp-json\/wp\/v2\/product_cat?post=3464"},{"taxonomy":"product_tag","embeddable":true,"href":"https:\/\/www.ksttukku.fi\/kauppa\/wp-json\/wp\/v2\/product_tag?post=3464"}],"curies":[{"name":"wp","href":"https:\/\/api.w.org\/{rel}","templated":true}]}}