{"id":348,"date":"2018-02-01T16:59:25","date_gmt":"2018-02-01T14:59:25","guid":{"rendered":"http:\/\/www.ksttukku.fi\/kauppa\/?post_type=product&#038;p=348"},"modified":"2018-02-01T16:59:25","modified_gmt":"2018-02-01T14:59:25","slug":"led-kohdevalo-messinki-ip54","status":"publish","type":"product","link":"https:\/\/www.ksttukku.fi\/kauppa\/tuote\/led-kohdevalo-messinki-ip54\/","title":{"rendered":"Led-kohdevalo messinki IP54"},"content":{"rendered":"<p>Teho: 0,3 W<\/p>\n<p>Valovirta: 5 lm<\/p>\n<p>IP-Luokitus: IP54<\/p>\n<p>Mitat: \u2205 17 mm x 23 mm<\/p>\n<p>K\u00e4ytt\u00f6j\u00e4nnite: 12 VDC<\/p>\n<p>Avautumiskulma: 30\u00b0<\/p>\n<p>V\u00e4ril\u00e4mp\u00f6 3500 K<\/p>\n<p>V\u00e4ri: messinki<\/p>\n","protected":false},"excerpt":{"rendered":"<p>Led-valosarjaan kytkett\u00e4v\u00e4 kohdevalo<\/p>\n","protected":false},"featured_media":349,"comment_status":"closed","ping_status":"closed","template":"","meta":[],"product_brand":[],"product_cat":[50,35,34],"product_tag":[],"class_list":{"0":"post-348","1":"product","2":"type-product","3":"status-publish","4":"has-post-thumbnail","6":"product_cat-saunavalaisimet","7":"product_cat-sisavalaisimet","8":"product_cat-valaisimet","10":"first","11":"instock","12":"taxable","13":"shipping-taxable","14":"purchasable","15":"product-type-simple"},"_links":{"self":[{"href":"https:\/\/www.ksttukku.fi\/kauppa\/wp-json\/wp\/v2\/product\/348","targetHints":{"allow":["GET"]}}],"collection":[{"href":"https:\/\/www.ksttukku.fi\/kauppa\/wp-json\/wp\/v2\/product"}],"about":[{"href":"https:\/\/www.ksttukku.fi\/kauppa\/wp-json\/wp\/v2\/types\/product"}],"replies":[{"embeddable":true,"href":"https:\/\/www.ksttukku.fi\/kauppa\/wp-json\/wp\/v2\/comments?post=348"}],"wp:featuredmedia":[{"embeddable":true,"href":"https:\/\/www.ksttukku.fi\/kauppa\/wp-json\/wp\/v2\/media\/349"}],"wp:attachment":[{"href":"https:\/\/www.ksttukku.fi\/kauppa\/wp-json\/wp\/v2\/media?parent=348"}],"wp:term":[{"taxonomy":"product_brand","embeddable":true,"href":"https:\/\/www.ksttukku.fi\/kauppa\/wp-json\/wp\/v2\/product_brand?post=348"},{"taxonomy":"product_cat","embeddable":true,"href":"https:\/\/www.ksttukku.fi\/kauppa\/wp-json\/wp\/v2\/product_cat?post=348"},{"taxonomy":"product_tag","embeddable":true,"href":"https:\/\/www.ksttukku.fi\/kauppa\/wp-json\/wp\/v2\/product_tag?post=348"}],"curies":[{"name":"wp","href":"https:\/\/api.w.org\/{rel}","templated":true}]}}