{"id":3506,"date":"2019-06-03T17:06:53","date_gmt":"2019-06-03T14:06:53","guid":{"rendered":"http:\/\/www.ksttukku.fi\/kauppa\/?post_type=product&#038;p=3506"},"modified":"2023-09-18T16:58:08","modified_gmt":"2023-09-18T13:58:08","slug":"halo-design-colors-new-flame-liekkivalaisin-ip65","status":"publish","type":"product","link":"https:\/\/www.ksttukku.fi\/kauppa\/tuote\/halo-design-colors-new-flame-liekkivalaisin-ip65\/","title":{"rendered":"Halo Design Colors New Flame liekkivalaisin IP65"},"content":{"rendered":"<p>Ladattava liekkivalaisin ulko- ja sis\u00e4k\u00e4ytt\u00f6\u00f6n<\/p>\n<p>Valaisimessa liekkiefekti<\/p>\n<p>Pakkaus sis\u00e4lt\u00e4\u00e4 jatkovarren, maapiikin ja USB-latausjohdon<\/p>\n","protected":false},"excerpt":{"rendered":"<p>Ladattava liekkivalaisin ulko- ja sis\u00e4k\u00e4ytt\u00f6\u00f6n Valaisimessa liekkiefekti Pakkaus sis\u00e4lt\u00e4\u00e4 jatkovarren, maapiikin ja USB-latausjohdon<\/p>\n","protected":false},"featured_media":3507,"comment_status":"closed","ping_status":"closed","template":"","meta":[],"product_brand":[],"product_cat":[199,59,36,34],"product_tag":[],"class_list":{"0":"post-3506","1":"product","2":"type-product","3":"status-publish","4":"has-post-thumbnail","6":"product_cat-koristevalot","7":"product_cat-terassivalaisimet","8":"product_cat-ulkovalaisimet","9":"product_cat-valaisimet","11":"first","12":"instock","13":"taxable","14":"shipping-taxable","15":"purchasable","16":"product-type-simple"},"_links":{"self":[{"href":"https:\/\/www.ksttukku.fi\/kauppa\/wp-json\/wp\/v2\/product\/3506","targetHints":{"allow":["GET"]}}],"collection":[{"href":"https:\/\/www.ksttukku.fi\/kauppa\/wp-json\/wp\/v2\/product"}],"about":[{"href":"https:\/\/www.ksttukku.fi\/kauppa\/wp-json\/wp\/v2\/types\/product"}],"replies":[{"embeddable":true,"href":"https:\/\/www.ksttukku.fi\/kauppa\/wp-json\/wp\/v2\/comments?post=3506"}],"wp:featuredmedia":[{"embeddable":true,"href":"https:\/\/www.ksttukku.fi\/kauppa\/wp-json\/wp\/v2\/media\/3507"}],"wp:attachment":[{"href":"https:\/\/www.ksttukku.fi\/kauppa\/wp-json\/wp\/v2\/media?parent=3506"}],"wp:term":[{"taxonomy":"product_brand","embeddable":true,"href":"https:\/\/www.ksttukku.fi\/kauppa\/wp-json\/wp\/v2\/product_brand?post=3506"},{"taxonomy":"product_cat","embeddable":true,"href":"https:\/\/www.ksttukku.fi\/kauppa\/wp-json\/wp\/v2\/product_cat?post=3506"},{"taxonomy":"product_tag","embeddable":true,"href":"https:\/\/www.ksttukku.fi\/kauppa\/wp-json\/wp\/v2\/product_tag?post=3506"}],"curies":[{"name":"wp","href":"https:\/\/api.w.org\/{rel}","templated":true}]}}