{"id":3541,"date":"2019-06-08T12:13:07","date_gmt":"2019-06-08T09:13:07","guid":{"rendered":"http:\/\/www.ksttukku.fi\/kauppa\/?post_type=product&#038;p=3541"},"modified":"2025-02-05T16:21:05","modified_gmt":"2025-02-05T14:21:05","slug":"alisio-led-kattotuuletinvalaisin-hopea","status":"publish","type":"product","link":"https:\/\/www.ksttukku.fi\/kauppa\/tuote\/alisio-led-kattotuuletinvalaisin-hopea\/","title":{"rendered":"Alisio led-kattotuuletinvalaisin hopea"},"content":{"rendered":"<p>Valaisinta ja tuuletinta voi s\u00e4\u00e4t\u00e4\u00e4 mukana tulevalla kauko-ohjaimella tai \u00e4lypuhelimella.<\/p>\n<p>Tuulettimessa kolme nopeutta ja py\u00f6rimissuunnanvaihto<\/p>\n<p>Valon v\u00e4ri\u00e4 (v\u00e4ril\u00e4mp\u00f6tilaa kelvinasteina) voi s\u00e4\u00e4t\u00e4\u00e4 portaattomasti.<\/p>\n<p>V\u00e4ril\u00e4mp\u00f6tila: 2700 &#8211; 5000 K<\/p>\n<p>Teho: Valaisin 70 W,<\/p>\n<p>Valovirta: 4900 lm<\/p>\n<p>Mitat: \u2205 630 mm, korkeus 160 mm<\/p>\n<p>V\u00e4ri: valkoinen<\/p>\n","protected":false},"excerpt":{"rendered":"<p>N\u00e4ytt\u00e4v\u00e4 kattotuuletinvalaisin jota on helppo ohjata toimitukseen sis\u00e4ltyv\u00e4ll\u00e4 kauko-ohjaimella tai \u00e4lypuhelimella.<\/p>\n","protected":false},"featured_media":16927,"comment_status":"closed","ping_status":"closed","template":"","meta":[],"product_brand":[],"product_cat":[175,260,35,257,34],"product_tag":[],"class_list":{"0":"post-3541","1":"product","2":"type-product","3":"status-publish","4":"has-post-thumbnail","6":"product_cat-tuuletinvalaisimet","7":"product_cat-kattotuulettimet","8":"product_cat-sisavalaisimet","9":"product_cat-tuulettimet-ja-ilmanviilentimet","10":"product_cat-valaisimet","12":"first","13":"instock","14":"taxable","15":"shipping-taxable","16":"purchasable","17":"product-type-simple"},"_links":{"self":[{"href":"https:\/\/www.ksttukku.fi\/kauppa\/wp-json\/wp\/v2\/product\/3541","targetHints":{"allow":["GET"]}}],"collection":[{"href":"https:\/\/www.ksttukku.fi\/kauppa\/wp-json\/wp\/v2\/product"}],"about":[{"href":"https:\/\/www.ksttukku.fi\/kauppa\/wp-json\/wp\/v2\/types\/product"}],"replies":[{"embeddable":true,"href":"https:\/\/www.ksttukku.fi\/kauppa\/wp-json\/wp\/v2\/comments?post=3541"}],"wp:featuredmedia":[{"embeddable":true,"href":"https:\/\/www.ksttukku.fi\/kauppa\/wp-json\/wp\/v2\/media\/16927"}],"wp:attachment":[{"href":"https:\/\/www.ksttukku.fi\/kauppa\/wp-json\/wp\/v2\/media?parent=3541"}],"wp:term":[{"taxonomy":"product_brand","embeddable":true,"href":"https:\/\/www.ksttukku.fi\/kauppa\/wp-json\/wp\/v2\/product_brand?post=3541"},{"taxonomy":"product_cat","embeddable":true,"href":"https:\/\/www.ksttukku.fi\/kauppa\/wp-json\/wp\/v2\/product_cat?post=3541"},{"taxonomy":"product_tag","embeddable":true,"href":"https:\/\/www.ksttukku.fi\/kauppa\/wp-json\/wp\/v2\/product_tag?post=3541"}],"curies":[{"name":"wp","href":"https:\/\/api.w.org\/{rel}","templated":true}]}}