{"id":3613,"date":"2019-07-02T13:11:09","date_gmt":"2019-07-02T10:11:09","guid":{"rendered":"http:\/\/www.ksttukku.fi\/kauppa\/?post_type=product&#038;p=3613"},"modified":"2024-08-16T13:52:26","modified_gmt":"2024-08-16T10:52:26","slug":"tarmo-painepesuri-105-bar","status":"publish","type":"product","link":"https:\/\/www.ksttukku.fi\/kauppa\/tuote\/tarmo-painepesuri-105-bar\/","title":{"rendered":"Tarmo painepesuri 1400 W  105 bar"},"content":{"rendered":"<p>Painepesuri 105 barin maksimipaineella ja 70 barin jatkuvalla ty\u00f6skentelypaineella. Vedentuotto 330 l\/h. 1400W hiiliharjamoottori kest\u00e4v\u00e4ll\u00e4 alumiinipumpulla.<br \/>\nPesurissa veden imutoiminto, jonka avulla voit pest\u00e4 esimerkiksi vesis\u00e4ili\u00f6ss\u00e4 olevalla vedell\u00e4 ilman erillist\u00e4 vesipumppua.<br \/>\nSis\u00e4ltyv\u00e4t tarvikkeet:<br \/>\npistoolikahva,<br \/>\n5 m virtajohto,<br \/>\n5 m korkeapaineletku,<br \/>\n1 pesuainepullo,<br \/>\n1 tulovesisuodatin,<br \/>\n1 adapteri K\u00e4rcher-tarvikkeille sek\u00e4 1 s\u00e4\u00e4dett\u00e4v\u00e4 viuhkasuihkusuutin.<br \/>\nTakuu 2 vuotta.<\/p>\n","protected":false},"excerpt":{"rendered":"<p>Painepesuri 105 barin maksimipaineella ja 70 barin jatkuvalla ty\u00f6skentelypaineella. Vedentuotto 330 l\/h. 1400W hiiliharjamoottori kest\u00e4v\u00e4ll\u00e4 alumiinipumpulla. Pesurissa veden imutoiminto, jonka avulla voit pest\u00e4 esimerkiksi vesis\u00e4ili\u00f6ss\u00e4 olevalla vedell\u00e4 ilman erillist\u00e4 vesipumppua. Sis\u00e4ltyv\u00e4t tarvikkeet: pistoolikahva, 5 m virtajohto, 5 m korkeapaineletku, 1 pesuainepullo, 1 tulovesisuodatin, 1 adapteri K\u00e4rcher-tarvikkeille sek\u00e4 1 s\u00e4\u00e4dett\u00e4v\u00e4 viuhkasuihkusuutin. Takuu 2 vuotta.<\/p>\n","protected":false},"featured_media":3614,"comment_status":"closed","ping_status":"closed","template":"","meta":[],"product_brand":[],"product_cat":[207,261],"product_tag":[],"class_list":{"0":"post-3613","1":"product","2":"type-product","3":"status-publish","4":"has-post-thumbnail","6":"product_cat-koneet-tyokalut","7":"product_cat-painepesurit","9":"first","10":"instock","11":"taxable","12":"shipping-taxable","13":"purchasable","14":"product-type-simple"},"_links":{"self":[{"href":"https:\/\/www.ksttukku.fi\/kauppa\/wp-json\/wp\/v2\/product\/3613","targetHints":{"allow":["GET"]}}],"collection":[{"href":"https:\/\/www.ksttukku.fi\/kauppa\/wp-json\/wp\/v2\/product"}],"about":[{"href":"https:\/\/www.ksttukku.fi\/kauppa\/wp-json\/wp\/v2\/types\/product"}],"replies":[{"embeddable":true,"href":"https:\/\/www.ksttukku.fi\/kauppa\/wp-json\/wp\/v2\/comments?post=3613"}],"wp:featuredmedia":[{"embeddable":true,"href":"https:\/\/www.ksttukku.fi\/kauppa\/wp-json\/wp\/v2\/media\/3614"}],"wp:attachment":[{"href":"https:\/\/www.ksttukku.fi\/kauppa\/wp-json\/wp\/v2\/media?parent=3613"}],"wp:term":[{"taxonomy":"product_brand","embeddable":true,"href":"https:\/\/www.ksttukku.fi\/kauppa\/wp-json\/wp\/v2\/product_brand?post=3613"},{"taxonomy":"product_cat","embeddable":true,"href":"https:\/\/www.ksttukku.fi\/kauppa\/wp-json\/wp\/v2\/product_cat?post=3613"},{"taxonomy":"product_tag","embeddable":true,"href":"https:\/\/www.ksttukku.fi\/kauppa\/wp-json\/wp\/v2\/product_tag?post=3613"}],"curies":[{"name":"wp","href":"https:\/\/api.w.org\/{rel}","templated":true}]}}