{"id":3629,"date":"2019-07-05T15:58:35","date_gmt":"2019-07-05T12:58:35","guid":{"rendered":"http:\/\/www.ksttukku.fi\/kauppa\/?post_type=product&#038;p=3629"},"modified":"2022-11-07T16:07:36","modified_gmt":"2022-11-07T14:07:36","slug":"pyyhekuivain-90w-valkoinen","status":"publish","type":"product","link":"https:\/\/www.ksttukku.fi\/kauppa\/tuote\/pyyhekuivain-90w-valkoinen\/","title":{"rendered":"Pyyhekuivain 90W valkoinen"},"content":{"rendered":"<p>Teho: 90 W<br \/>\nJ\u00e4nnite: 220-240 V 50 Hz<br \/>\nKorkeus: 600 mm<br \/>\nLeveys: 450 mm<br \/>\nSyvyys: 95 mm<br \/>\nSuojausluokka: IP22Pistotulppajohto noin 1 m<br \/>\nOn\/off-kytkin<br \/>\npulverimaalattu hiiliter\u00e4srunko<br \/>\nsein\u00e4kiinnitys, kiinnikkeet sis.<\/p>\n","protected":false},"excerpt":{"rendered":"<div class=\"col-xs-12\">\n<p>Valkoinen sein\u00e4\u00e4n kiinnitett\u00e4v\u00e4 s\u00e4hk\u00f6toiminen kuivain pyyhkeiden ja muiden tekstiilien kuivattamiseen. Korkeus 600 mm. Leveys 450 mm. Helppo kytke\u00e4, pistotulppajohto vain pistorasiaan. Johto ja kiinnikkeet pakkauksessa.<\/p>\n<\/div>\n<div class=\"clearfix\"><\/div>\n","protected":false},"featured_media":3630,"comment_status":"closed","ping_status":"closed","template":"","meta":[],"product_brand":[],"product_cat":[150,205],"product_tag":[],"class_list":{"0":"post-3629","1":"product","2":"type-product","3":"status-publish","4":"has-post-thumbnail","6":"product_cat-kylpyhuone","7":"product_cat-pyyhekuivaimet","9":"first","10":"instock","11":"taxable","12":"shipping-taxable","13":"purchasable","14":"product-type-simple"},"_links":{"self":[{"href":"https:\/\/www.ksttukku.fi\/kauppa\/wp-json\/wp\/v2\/product\/3629","targetHints":{"allow":["GET"]}}],"collection":[{"href":"https:\/\/www.ksttukku.fi\/kauppa\/wp-json\/wp\/v2\/product"}],"about":[{"href":"https:\/\/www.ksttukku.fi\/kauppa\/wp-json\/wp\/v2\/types\/product"}],"replies":[{"embeddable":true,"href":"https:\/\/www.ksttukku.fi\/kauppa\/wp-json\/wp\/v2\/comments?post=3629"}],"wp:featuredmedia":[{"embeddable":true,"href":"https:\/\/www.ksttukku.fi\/kauppa\/wp-json\/wp\/v2\/media\/3630"}],"wp:attachment":[{"href":"https:\/\/www.ksttukku.fi\/kauppa\/wp-json\/wp\/v2\/media?parent=3629"}],"wp:term":[{"taxonomy":"product_brand","embeddable":true,"href":"https:\/\/www.ksttukku.fi\/kauppa\/wp-json\/wp\/v2\/product_brand?post=3629"},{"taxonomy":"product_cat","embeddable":true,"href":"https:\/\/www.ksttukku.fi\/kauppa\/wp-json\/wp\/v2\/product_cat?post=3629"},{"taxonomy":"product_tag","embeddable":true,"href":"https:\/\/www.ksttukku.fi\/kauppa\/wp-json\/wp\/v2\/product_tag?post=3629"}],"curies":[{"name":"wp","href":"https:\/\/api.w.org\/{rel}","templated":true}]}}