{"id":365,"date":"2018-02-03T13:16:50","date_gmt":"2018-02-03T11:16:50","guid":{"rendered":"http:\/\/www.ksttukku.fi\/kauppa\/?post_type=product&#038;p=365"},"modified":"2024-01-30T15:47:46","modified_gmt":"2024-01-30T13:47:46","slug":"led-alasvalo-12w-ip20","status":"publish","type":"product","link":"https:\/\/www.ksttukku.fi\/kauppa\/tuote\/led-alasvalo-12w-ip20\/","title":{"rendered":"Led-alasvalo 12W 900lm IP20 4000K"},"content":{"rendered":"<p>Ohut sisustus- ja yleisvalaisin kaikkiin kodin kuiviin tiloihin<\/p>\n<p>Laaja, tasainen valonjako<\/p>\n<p>Asennus suoraan kattorasiaan<\/p>\n<p>Teho: 12 W<\/p>\n<p>Valovirta: 900 lm<\/p>\n<p>Valaisimen koko: \u2205 170 mm, korkeus 35 mm<\/p>\n<p>Valonjakokulma: 120\u00b0<\/p>\n<p>V\u00e4ril\u00e4mp\u00f6 4000 K<\/p>\n","protected":false},"excerpt":{"rendered":"<p>Ohut sisustus- ja yleisvalaisin kaikkiin kodin kuiviin tiloihin Laaja, tasainen valonjako Asennus suoraan kattorasiaan Teho: 12 W Valovirta: 900 lm Valaisimen koko: \u2205 170 mm, korkeus 35 mm Valonjakokulma: 120\u00b0 V\u00e4ril\u00e4mp\u00f6 4000 K<\/p>\n","protected":false},"featured_media":364,"comment_status":"closed","ping_status":"closed","template":"","meta":[],"product_brand":[],"product_cat":[46,51,35,34],"product_tag":[],"class_list":{"0":"post-365","1":"product","2":"type-product","3":"status-publish","4":"has-post-thumbnail","6":"product_cat-alasvalot","7":"product_cat-pinta-asennettavat","8":"product_cat-sisavalaisimet","9":"product_cat-valaisimet","11":"first","12":"instock","13":"sale","14":"taxable","15":"shipping-taxable","16":"purchasable","17":"product-type-simple"},"_links":{"self":[{"href":"https:\/\/www.ksttukku.fi\/kauppa\/wp-json\/wp\/v2\/product\/365","targetHints":{"allow":["GET"]}}],"collection":[{"href":"https:\/\/www.ksttukku.fi\/kauppa\/wp-json\/wp\/v2\/product"}],"about":[{"href":"https:\/\/www.ksttukku.fi\/kauppa\/wp-json\/wp\/v2\/types\/product"}],"replies":[{"embeddable":true,"href":"https:\/\/www.ksttukku.fi\/kauppa\/wp-json\/wp\/v2\/comments?post=365"}],"wp:featuredmedia":[{"embeddable":true,"href":"https:\/\/www.ksttukku.fi\/kauppa\/wp-json\/wp\/v2\/media\/364"}],"wp:attachment":[{"href":"https:\/\/www.ksttukku.fi\/kauppa\/wp-json\/wp\/v2\/media?parent=365"}],"wp:term":[{"taxonomy":"product_brand","embeddable":true,"href":"https:\/\/www.ksttukku.fi\/kauppa\/wp-json\/wp\/v2\/product_brand?post=365"},{"taxonomy":"product_cat","embeddable":true,"href":"https:\/\/www.ksttukku.fi\/kauppa\/wp-json\/wp\/v2\/product_cat?post=365"},{"taxonomy":"product_tag","embeddable":true,"href":"https:\/\/www.ksttukku.fi\/kauppa\/wp-json\/wp\/v2\/product_tag?post=365"}],"curies":[{"name":"wp","href":"https:\/\/api.w.org\/{rel}","templated":true}]}}