{"id":3655,"date":"2019-07-09T15:44:42","date_gmt":"2019-07-09T12:44:42","guid":{"rendered":"http:\/\/www.ksttukku.fi\/kauppa\/?post_type=product&#038;p=3655"},"modified":"2025-12-20T11:10:47","modified_gmt":"2025-12-20T09:10:47","slug":"ledputki-60cm-9w-800lm-4000k-25kpl","status":"publish","type":"product","link":"https:\/\/www.ksttukku.fi\/kauppa\/tuote\/ledputki-60cm-9w-800lm-4000k-25kpl\/","title":{"rendered":"Ledputki 60cm 9W 800lm 4000K (25kp)l"},"content":{"rendered":"<p>Korvaava LEDlamppu loisteputken tilalle perinteisell\u00e4 kuristimella varustettuihin loisteputkivalaisimiin. Ei sovellu elektronisella liit\u00e4nt\u00e4laitteella varustettuun loistelamppuvalaisimeen.<\/p>\n<p>Sis\u00e4lt\u00e4\u00e4 LED T8 lasiputken sek\u00e4 LED sytyttimen<\/p>\n<p>Teho: 9 W<\/p>\n<p>Valovirta: 800 lm<\/p>\n<p>Mitat: Pituus 60 cm<\/p>\n<p>V\u00e4ril\u00e4mp\u00f6tila: 4000 K<\/p>\n","protected":false},"excerpt":{"rendered":"<p>Pakkauksessa 25 kpl ledputkia<\/p>\n","protected":false},"featured_media":3653,"comment_status":"closed","ping_status":"closed","template":"","meta":[],"product_brand":[],"product_cat":[185,262],"product_tag":[],"class_list":{"0":"post-3655","1":"product","2":"type-product","3":"status-publish","4":"has-post-thumbnail","6":"product_cat-lamput","7":"product_cat-tukkupakkaukset","9":"first","10":"instock","11":"taxable","12":"shipping-taxable","13":"purchasable","14":"product-type-simple"},"_links":{"self":[{"href":"https:\/\/www.ksttukku.fi\/kauppa\/wp-json\/wp\/v2\/product\/3655","targetHints":{"allow":["GET"]}}],"collection":[{"href":"https:\/\/www.ksttukku.fi\/kauppa\/wp-json\/wp\/v2\/product"}],"about":[{"href":"https:\/\/www.ksttukku.fi\/kauppa\/wp-json\/wp\/v2\/types\/product"}],"replies":[{"embeddable":true,"href":"https:\/\/www.ksttukku.fi\/kauppa\/wp-json\/wp\/v2\/comments?post=3655"}],"wp:featuredmedia":[{"embeddable":true,"href":"https:\/\/www.ksttukku.fi\/kauppa\/wp-json\/wp\/v2\/media\/3653"}],"wp:attachment":[{"href":"https:\/\/www.ksttukku.fi\/kauppa\/wp-json\/wp\/v2\/media?parent=3655"}],"wp:term":[{"taxonomy":"product_brand","embeddable":true,"href":"https:\/\/www.ksttukku.fi\/kauppa\/wp-json\/wp\/v2\/product_brand?post=3655"},{"taxonomy":"product_cat","embeddable":true,"href":"https:\/\/www.ksttukku.fi\/kauppa\/wp-json\/wp\/v2\/product_cat?post=3655"},{"taxonomy":"product_tag","embeddable":true,"href":"https:\/\/www.ksttukku.fi\/kauppa\/wp-json\/wp\/v2\/product_tag?post=3655"}],"curies":[{"name":"wp","href":"https:\/\/api.w.org\/{rel}","templated":true}]}}