{"id":371,"date":"2018-02-03T13:54:02","date_gmt":"2018-02-03T11:54:02","guid":{"rendered":"http:\/\/www.ksttukku.fi\/kauppa\/?post_type=product&#038;p=371"},"modified":"2021-08-21T13:59:36","modified_gmt":"2021-08-21T10:59:36","slug":"paneelivalo-18w-ip20","status":"publish","type":"product","link":"https:\/\/www.ksttukku.fi\/kauppa\/tuote\/paneelivalo-18w-ip20\/","title":{"rendered":"Paneelivalo 18W 1340lm IP20"},"content":{"rendered":"<p>Eritt\u00e4in ohut sisustus- ja yleisvalaisin kaikkiin kodin kuiviin tiloihin<\/p>\n<p>Laaja, tasainen valonjako<\/p>\n<p>Asennus suoraan kattorasiaan<\/p>\n<p>Kehys ja runko muovia<\/p>\n<p>Sis\u00e4\u00e4nrakennettu liit\u00e4nt\u00e4laite<\/p>\n<p>Teho: 18 W<\/p>\n<p>Valovirta: 1340 lm<\/p>\n<p>IP-luokka: IP20 \/ IP22<\/p>\n<p>Valaisimen koko: \u2205 225 mm, korkeus 35 mm<\/p>\n<p>Valonjakokulma: 120\u00b0<\/p>\n<p>V\u00e4ril\u00e4mp\u00f6 3500 K<\/p>\n","protected":false},"excerpt":{"rendered":"<p>Eritt\u00e4in ohut sisustus- ja yleisvalaisin kaikkiin kodin kuiviin tiloihin Laaja, tasainen valonjako Asennus suoraan kattorasiaan Kehys ja runko muovia Sis\u00e4\u00e4nrakennettu liit\u00e4nt\u00e4laite Teho: 18 W Valovirta: 1340 lm IP-luokka: IP20 \/ IP22 Valaisimen koko: \u2205 225 mm, korkeus 35 mm Valonjakokulma: 120\u00b0 V\u00e4ril\u00e4mp\u00f6 3500 K<\/p>\n","protected":false},"featured_media":369,"comment_status":"closed","ping_status":"closed","template":"","meta":[],"product_brand":[],"product_cat":[46,51,35,34],"product_tag":[],"class_list":{"0":"post-371","1":"product","2":"type-product","3":"status-publish","4":"has-post-thumbnail","6":"product_cat-alasvalot","7":"product_cat-pinta-asennettavat","8":"product_cat-sisavalaisimet","9":"product_cat-valaisimet","11":"first","12":"instock","13":"sale","14":"taxable","15":"shipping-taxable","16":"purchasable","17":"product-type-simple"},"_links":{"self":[{"href":"https:\/\/www.ksttukku.fi\/kauppa\/wp-json\/wp\/v2\/product\/371","targetHints":{"allow":["GET"]}}],"collection":[{"href":"https:\/\/www.ksttukku.fi\/kauppa\/wp-json\/wp\/v2\/product"}],"about":[{"href":"https:\/\/www.ksttukku.fi\/kauppa\/wp-json\/wp\/v2\/types\/product"}],"replies":[{"embeddable":true,"href":"https:\/\/www.ksttukku.fi\/kauppa\/wp-json\/wp\/v2\/comments?post=371"}],"wp:featuredmedia":[{"embeddable":true,"href":"https:\/\/www.ksttukku.fi\/kauppa\/wp-json\/wp\/v2\/media\/369"}],"wp:attachment":[{"href":"https:\/\/www.ksttukku.fi\/kauppa\/wp-json\/wp\/v2\/media?parent=371"}],"wp:term":[{"taxonomy":"product_brand","embeddable":true,"href":"https:\/\/www.ksttukku.fi\/kauppa\/wp-json\/wp\/v2\/product_brand?post=371"},{"taxonomy":"product_cat","embeddable":true,"href":"https:\/\/www.ksttukku.fi\/kauppa\/wp-json\/wp\/v2\/product_cat?post=371"},{"taxonomy":"product_tag","embeddable":true,"href":"https:\/\/www.ksttukku.fi\/kauppa\/wp-json\/wp\/v2\/product_tag?post=371"}],"curies":[{"name":"wp","href":"https:\/\/api.w.org\/{rel}","templated":true}]}}