{"id":372,"date":"2018-02-05T12:41:37","date_gmt":"2018-02-05T10:41:37","guid":{"rendered":"http:\/\/www.ksttukku.fi\/kauppa\/?post_type=product&#038;p=372"},"modified":"2022-12-15T17:47:20","modified_gmt":"2022-12-15T15:47:20","slug":"led-alasvalo-6w-ip20-2","status":"publish","type":"product","link":"https:\/\/www.ksttukku.fi\/kauppa\/tuote\/led-alasvalo-6w-ip20-2\/","title":{"rendered":"Led-alasvalo 6W 450lm IP20 4000K"},"content":{"rendered":"<p>Eritt\u00e4in ohut sisustus- ja yleisvalaisin kaikkiin kodin kuiviin tiloihin<\/p>\n<p>Leve\u00e4 tasainen valonjako<\/p>\n<p>Teho: 6 W<\/p>\n<p>Valovirta: 450 lm<\/p>\n<p>Valaisimen koko: \u2205 120 mm, korkeus 12 mm<\/p>\n<p>Upotusaukko: \u2205 105 mm<\/p>\n<p>Valonjakokulma: 120\u00b0<\/p>\n<p>V\u00e4ril\u00e4mp\u00f6 4000 K<\/p>\n","protected":false},"excerpt":{"rendered":"<p>Eritt\u00e4in ohut sisustus- ja yleisvalaisin kaikkiin kodin kuiviin tiloihin Leve\u00e4 tasainen valonjako Teho: 6 W Valovirta: 450 lm Valaisimen koko: \u2205 120 mm, korkeus 12 mm Upotusaukko: \u2205 105 mm Valonjakokulma: 120\u00b0 V\u00e4ril\u00e4mp\u00f6 4000 K<\/p>\n","protected":false},"featured_media":373,"comment_status":"closed","ping_status":"closed","template":"","meta":[],"product_brand":[],"product_cat":[46,35,52,34],"product_tag":[],"class_list":{"0":"post-372","1":"product","2":"type-product","3":"status-publish","4":"has-post-thumbnail","6":"product_cat-alasvalot","7":"product_cat-sisavalaisimet","8":"product_cat-upotettavat","9":"product_cat-valaisimet","11":"first","12":"instock","13":"sale","14":"taxable","15":"shipping-taxable","16":"purchasable","17":"product-type-simple"},"_links":{"self":[{"href":"https:\/\/www.ksttukku.fi\/kauppa\/wp-json\/wp\/v2\/product\/372","targetHints":{"allow":["GET"]}}],"collection":[{"href":"https:\/\/www.ksttukku.fi\/kauppa\/wp-json\/wp\/v2\/product"}],"about":[{"href":"https:\/\/www.ksttukku.fi\/kauppa\/wp-json\/wp\/v2\/types\/product"}],"replies":[{"embeddable":true,"href":"https:\/\/www.ksttukku.fi\/kauppa\/wp-json\/wp\/v2\/comments?post=372"}],"wp:featuredmedia":[{"embeddable":true,"href":"https:\/\/www.ksttukku.fi\/kauppa\/wp-json\/wp\/v2\/media\/373"}],"wp:attachment":[{"href":"https:\/\/www.ksttukku.fi\/kauppa\/wp-json\/wp\/v2\/media?parent=372"}],"wp:term":[{"taxonomy":"product_brand","embeddable":true,"href":"https:\/\/www.ksttukku.fi\/kauppa\/wp-json\/wp\/v2\/product_brand?post=372"},{"taxonomy":"product_cat","embeddable":true,"href":"https:\/\/www.ksttukku.fi\/kauppa\/wp-json\/wp\/v2\/product_cat?post=372"},{"taxonomy":"product_tag","embeddable":true,"href":"https:\/\/www.ksttukku.fi\/kauppa\/wp-json\/wp\/v2\/product_tag?post=372"}],"curies":[{"name":"wp","href":"https:\/\/api.w.org\/{rel}","templated":true}]}}