{"id":375,"date":"2018-02-05T13:03:32","date_gmt":"2018-02-05T11:03:32","guid":{"rendered":"http:\/\/www.ksttukku.fi\/kauppa\/?post_type=product&#038;p=375"},"modified":"2020-01-23T13:44:50","modified_gmt":"2020-01-23T11:44:50","slug":"led-alasvalo-6w-ip20-dim","status":"publish","type":"product","link":"https:\/\/www.ksttukku.fi\/kauppa\/tuote\/led-alasvalo-6w-ip20-dim\/","title":{"rendered":"Led-alasvalo 6W 420lm IP20 dim"},"content":{"rendered":"<p>Eritt\u00e4in ohut sisustus- ja yleisvalaisin kaikkiin kodin kuiviin tiloihin<\/p>\n<p>Sis\u00e4lt\u00e4\u00e4 himmennett\u00e4v\u00e4n liit\u00e4nt\u00e4laitteen<\/p>\n<p>Leve\u00e4 tasainen valonjako<\/p>\n<p>Teho: 6 W<\/p>\n<p>Valovirta: 420 lm<\/p>\n<p>Valaisimen koko: \u2205 120 mm, korkeus 18 mm<\/p>\n<p>Upotusaukko: \u2205 105 mm<\/p>\n<p>Valonjakokulma: 120\u00b0<\/p>\n<p>V\u00e4ril\u00e4mp\u00f6 3500 K<\/p>\n","protected":false},"excerpt":{"rendered":"<p>Himmennett\u00e4v\u00e4 paneelivalo kuiviin tiloihin<\/p>\n<p>&nbsp;<\/p>\n","protected":false},"featured_media":373,"comment_status":"closed","ping_status":"closed","template":"","meta":[],"product_brand":[],"product_cat":[46,35,52,34],"product_tag":[],"class_list":{"0":"post-375","1":"product","2":"type-product","3":"status-publish","4":"has-post-thumbnail","6":"product_cat-alasvalot","7":"product_cat-sisavalaisimet","8":"product_cat-upotettavat","9":"product_cat-valaisimet","11":"first","12":"instock","13":"taxable","14":"shipping-taxable","15":"purchasable","16":"product-type-simple"},"_links":{"self":[{"href":"https:\/\/www.ksttukku.fi\/kauppa\/wp-json\/wp\/v2\/product\/375","targetHints":{"allow":["GET"]}}],"collection":[{"href":"https:\/\/www.ksttukku.fi\/kauppa\/wp-json\/wp\/v2\/product"}],"about":[{"href":"https:\/\/www.ksttukku.fi\/kauppa\/wp-json\/wp\/v2\/types\/product"}],"replies":[{"embeddable":true,"href":"https:\/\/www.ksttukku.fi\/kauppa\/wp-json\/wp\/v2\/comments?post=375"}],"wp:featuredmedia":[{"embeddable":true,"href":"https:\/\/www.ksttukku.fi\/kauppa\/wp-json\/wp\/v2\/media\/373"}],"wp:attachment":[{"href":"https:\/\/www.ksttukku.fi\/kauppa\/wp-json\/wp\/v2\/media?parent=375"}],"wp:term":[{"taxonomy":"product_brand","embeddable":true,"href":"https:\/\/www.ksttukku.fi\/kauppa\/wp-json\/wp\/v2\/product_brand?post=375"},{"taxonomy":"product_cat","embeddable":true,"href":"https:\/\/www.ksttukku.fi\/kauppa\/wp-json\/wp\/v2\/product_cat?post=375"},{"taxonomy":"product_tag","embeddable":true,"href":"https:\/\/www.ksttukku.fi\/kauppa\/wp-json\/wp\/v2\/product_tag?post=375"}],"curies":[{"name":"wp","href":"https:\/\/api.w.org\/{rel}","templated":true}]}}