{"id":395,"date":"2018-02-07T12:17:41","date_gmt":"2018-02-07T10:17:41","guid":{"rendered":"http:\/\/www.ksttukku.fi\/kauppa\/?post_type=product&#038;p=395"},"modified":"2020-04-30T16:14:19","modified_gmt":"2020-04-30T13:14:19","slug":"geta-ip54-antrasiitti","status":"publish","type":"product","link":"https:\/\/www.ksttukku.fi\/kauppa\/tuote\/geta-ip54-antrasiitti\/","title":{"rendered":"Geta sein\u00e4valaisin IP54 antrasiitti"},"content":{"rendered":"<p>Sisustuksellinen Geta SQ IP54 sein\u00e4valaisin valaisee nelj\u00e4\u00e4n suuntaan luoden graafisen valokuvion. Asettamalla useamman valaisimen ryhm\u00e4\u00e4n voi luoda upeita valoelementtej\u00e4 valon ja varjon avulla. Soveltuu erinomaisesti sek\u00e4 ulko- ett\u00e4 sis\u00e4k\u00e4ytt\u00f6\u00f6n.<\/p>\n<p>Valaisimen mitat: 110 x 110 x 50 mm<\/p>\n<p>Teho: 4 x 2 W<\/p>\n<p>Valovirta: 160 lm<\/p>\n<p>V\u00e4ril\u00e4mp\u00f6tila: 3000 K<\/p>\n<p>V\u00e4ri: antrasiitti<\/p>\n","protected":false},"excerpt":{"rendered":"<p>Sisustuksellinen Geta SQ IP54 sein\u00e4valaisin valaisee nelj\u00e4\u00e4n suuntaan luoden graafisen valokuvion. Asettamalla useamman valaisimen ryhm\u00e4\u00e4n voi luoda upeita valoelementtej\u00e4 valon ja varjon avulla. Soveltuu erinomaisesti sek\u00e4 ulko- ett\u00e4 sis\u00e4k\u00e4ytt\u00f6\u00f6n. Valaisimen mitat: 110 x 110 x 50 mm Teho: 4 x 2 W Valovirta: 160 lm V\u00e4ril\u00e4mp\u00f6tila: 3000 K V\u00e4ri: antrasiitti<\/p>\n","protected":false},"featured_media":396,"comment_status":"closed","ping_status":"closed","template":"","meta":[],"product_brand":[],"product_cat":[37,36,34],"product_tag":[],"class_list":{"0":"post-395","1":"product","2":"type-product","3":"status-publish","4":"has-post-thumbnail","6":"product_cat-seinavalaisimet","7":"product_cat-ulkovalaisimet","8":"product_cat-valaisimet","10":"first","11":"outofstock","12":"taxable","13":"shipping-taxable","14":"purchasable","15":"product-type-simple"},"_links":{"self":[{"href":"https:\/\/www.ksttukku.fi\/kauppa\/wp-json\/wp\/v2\/product\/395","targetHints":{"allow":["GET"]}}],"collection":[{"href":"https:\/\/www.ksttukku.fi\/kauppa\/wp-json\/wp\/v2\/product"}],"about":[{"href":"https:\/\/www.ksttukku.fi\/kauppa\/wp-json\/wp\/v2\/types\/product"}],"replies":[{"embeddable":true,"href":"https:\/\/www.ksttukku.fi\/kauppa\/wp-json\/wp\/v2\/comments?post=395"}],"wp:featuredmedia":[{"embeddable":true,"href":"https:\/\/www.ksttukku.fi\/kauppa\/wp-json\/wp\/v2\/media\/396"}],"wp:attachment":[{"href":"https:\/\/www.ksttukku.fi\/kauppa\/wp-json\/wp\/v2\/media?parent=395"}],"wp:term":[{"taxonomy":"product_brand","embeddable":true,"href":"https:\/\/www.ksttukku.fi\/kauppa\/wp-json\/wp\/v2\/product_brand?post=395"},{"taxonomy":"product_cat","embeddable":true,"href":"https:\/\/www.ksttukku.fi\/kauppa\/wp-json\/wp\/v2\/product_cat?post=395"},{"taxonomy":"product_tag","embeddable":true,"href":"https:\/\/www.ksttukku.fi\/kauppa\/wp-json\/wp\/v2\/product_tag?post=395"}],"curies":[{"name":"wp","href":"https:\/\/api.w.org\/{rel}","templated":true}]}}