{"id":3955,"date":"2019-07-26T18:07:35","date_gmt":"2019-07-26T15:07:35","guid":{"rendered":"http:\/\/www.ksttukku.fi\/kauppa\/?post_type=product&#038;p=3955"},"modified":"2025-05-24T12:40:05","modified_gmt":"2025-05-24T09:40:05","slug":"puistoprisma-ip54-e27","status":"publish","type":"product","link":"https:\/\/www.ksttukku.fi\/kauppa\/tuote\/puistoprisma-ip54-e27\/","title":{"rendered":"Puistoprisma IP54 E27"},"content":{"rendered":"<p>Puistoprisma on vankkarakenteinen valaisin pihapiirien, puistojen, pys\u00e4k\u00f6intialueiden ja muiden julkisten ulkotilojen valaisuun. Asennetaan suoraan 48\u201360 mm pylv\u00e4\u00e4seen. Asennuskorkeus on 3\u20135 metri\u00e4. Puistoprismassa on kiusah\u00e4ik\u00e4isy\u00e4 v\u00e4hent\u00e4v\u00e4, sis\u00e4puolelta prismoitettu kupu, jonka ansiosta valaisin on eritt\u00e4in valotehokas. Saatavissa kolme eri versiota: kiinte\u00e4ll\u00e4 ledill\u00e4, monimetallilampuille ja E27 led-lampuille sopivat mallit.<\/p>\n<p>Runko alumiinia, kupu polykarbonaattia.<br \/>\nV\u00e4ri: Harmaa.<br \/>\nSuojausluokka I.<br \/>\nPylv\u00e4sasennus (48\u201360 mm). Valaisimessa 4 m 3 x 2,5 mm2 kumikaapeli.<br \/>\nAsennuskorkeus 3\u20135 m.<br \/>\nIP54.<br \/>\nE27-version lamppusuositus: 4710217 M LED 32W\/840 E27 4200 lm.<\/p>\n","protected":false},"excerpt":{"rendered":"<p>Puistoprisma on vankkarakenteinen valaisin pihapiirien, puistojen, pys\u00e4k\u00f6intialueiden ja muiden julkisten ulkotilojen valaisuun. Asennetaan suoraan 48\u201360 mm pylv\u00e4\u00e4seen. Asennuskorkeus on 3\u20135 metri\u00e4. Puistoprismassa on kiusah\u00e4ik\u00e4isy\u00e4 v\u00e4hent\u00e4v\u00e4, sis\u00e4puolelta prismoitettu kupu, jonka ansiosta valaisin on eritt\u00e4in valotehokas. Saatavissa kolme eri versiota: kiinte\u00e4ll\u00e4 ledill\u00e4, monimetallilampuille ja E27 led-lampuille sopivat mallit. Runko alumiinia, kupu polykarbonaattia. V\u00e4ri: Harmaa. Suojausluokka I. Pylv\u00e4sasennus [&hellip;]<\/p>\n","protected":false},"featured_media":3952,"comment_status":"closed","ping_status":"closed","template":"","meta":[],"product_brand":[],"product_cat":[38,36],"product_tag":[],"class_list":{"0":"post-3955","1":"product","2":"type-product","3":"status-publish","4":"has-post-thumbnail","6":"product_cat-pylvasvalaisimet","7":"product_cat-ulkovalaisimet","9":"first","10":"instock","11":"taxable","12":"shipping-taxable","13":"purchasable","14":"product-type-simple"},"_links":{"self":[{"href":"https:\/\/www.ksttukku.fi\/kauppa\/wp-json\/wp\/v2\/product\/3955","targetHints":{"allow":["GET"]}}],"collection":[{"href":"https:\/\/www.ksttukku.fi\/kauppa\/wp-json\/wp\/v2\/product"}],"about":[{"href":"https:\/\/www.ksttukku.fi\/kauppa\/wp-json\/wp\/v2\/types\/product"}],"replies":[{"embeddable":true,"href":"https:\/\/www.ksttukku.fi\/kauppa\/wp-json\/wp\/v2\/comments?post=3955"}],"wp:featuredmedia":[{"embeddable":true,"href":"https:\/\/www.ksttukku.fi\/kauppa\/wp-json\/wp\/v2\/media\/3952"}],"wp:attachment":[{"href":"https:\/\/www.ksttukku.fi\/kauppa\/wp-json\/wp\/v2\/media?parent=3955"}],"wp:term":[{"taxonomy":"product_brand","embeddable":true,"href":"https:\/\/www.ksttukku.fi\/kauppa\/wp-json\/wp\/v2\/product_brand?post=3955"},{"taxonomy":"product_cat","embeddable":true,"href":"https:\/\/www.ksttukku.fi\/kauppa\/wp-json\/wp\/v2\/product_cat?post=3955"},{"taxonomy":"product_tag","embeddable":true,"href":"https:\/\/www.ksttukku.fi\/kauppa\/wp-json\/wp\/v2\/product_tag?post=3955"}],"curies":[{"name":"wp","href":"https:\/\/api.w.org\/{rel}","templated":true}]}}