{"id":4069,"date":"2019-08-07T15:56:03","date_gmt":"2019-08-07T12:56:03","guid":{"rendered":"https:\/\/www.ksttukku.fi\/kauppa\/?post_type=product&#038;p=4069"},"modified":"2025-02-10T15:40:31","modified_gmt":"2025-02-10T13:40:31","slug":"asennusliima-superfix-300ml","status":"publish","type":"product","link":"https:\/\/www.ksttukku.fi\/kauppa\/tuote\/asennusliima-superfix-300ml\/","title":{"rendered":"Asennusliima SuperFix 300ml"},"content":{"rendered":"<p><span class=\"selaus_tuotetarkenne\">Pakkauskoko: 300 ml<\/span><\/p>\n<p><span class=\"selaus_tuotetarkenne\">K\u00e4ytt\u00f6l\u00e4mp\u00f6tila: -40\u00b0c &#8211; +90\u00b0c<\/span><\/p>\n<p><span class=\"selaus_tuotetarkenne\">V\u00e4ri: valkoinen.<\/span><\/p>\n","protected":false},"excerpt":{"rendered":"<p>Asennusliima komposiittilevyille<\/p>\n","protected":false},"featured_media":4070,"comment_status":"closed","ping_status":"closed","template":"","meta":[],"product_brand":[],"product_cat":[302,245,373],"product_tag":[],"class_list":{"0":"post-4069","1":"product","2":"type-product","3":"status-publish","4":"has-post-thumbnail","6":"product_cat-alumoccilevyt","7":"product_cat-sisustuslevyt","8":"product_cat-stocksund-komposiittilevyt","10":"first","11":"instock","12":"taxable","13":"shipping-taxable","14":"purchasable","15":"product-type-simple"},"_links":{"self":[{"href":"https:\/\/www.ksttukku.fi\/kauppa\/wp-json\/wp\/v2\/product\/4069","targetHints":{"allow":["GET"]}}],"collection":[{"href":"https:\/\/www.ksttukku.fi\/kauppa\/wp-json\/wp\/v2\/product"}],"about":[{"href":"https:\/\/www.ksttukku.fi\/kauppa\/wp-json\/wp\/v2\/types\/product"}],"replies":[{"embeddable":true,"href":"https:\/\/www.ksttukku.fi\/kauppa\/wp-json\/wp\/v2\/comments?post=4069"}],"wp:featuredmedia":[{"embeddable":true,"href":"https:\/\/www.ksttukku.fi\/kauppa\/wp-json\/wp\/v2\/media\/4070"}],"wp:attachment":[{"href":"https:\/\/www.ksttukku.fi\/kauppa\/wp-json\/wp\/v2\/media?parent=4069"}],"wp:term":[{"taxonomy":"product_brand","embeddable":true,"href":"https:\/\/www.ksttukku.fi\/kauppa\/wp-json\/wp\/v2\/product_brand?post=4069"},{"taxonomy":"product_cat","embeddable":true,"href":"https:\/\/www.ksttukku.fi\/kauppa\/wp-json\/wp\/v2\/product_cat?post=4069"},{"taxonomy":"product_tag","embeddable":true,"href":"https:\/\/www.ksttukku.fi\/kauppa\/wp-json\/wp\/v2\/product_tag?post=4069"}],"curies":[{"name":"wp","href":"https:\/\/api.w.org\/{rel}","templated":true}]}}