{"id":4071,"date":"2019-08-07T16:09:53","date_gmt":"2019-08-07T13:09:53","guid":{"rendered":"https:\/\/www.ksttukku.fi\/kauppa\/?post_type=product&#038;p=4071"},"modified":"2023-08-11T12:30:15","modified_gmt":"2023-08-11T09:30:15","slug":"alumocci-kiiltava-valkoinen-helmiaisvalkoinen-500x3050mm","status":"publish","type":"product","link":"https:\/\/www.ksttukku.fi\/kauppa\/tuote\/alumocci-kiiltava-valkoinen-helmiaisvalkoinen-500x3050mm\/","title":{"rendered":"Alumocci sisustuslevy kiilt\u00e4v\u00e4 valkoinen \/ helmi\u00e4isvalkoinen 500x3050mm"},"content":{"rendered":"<p><span class=\"selaus_tuotetarkenne\">Alumocci sisustuslevy on 4 mm vahvaa komposiittilevy\u00e4, jossa molemmin puolin alumiinikerros (Tummassa alumiinissa rst-kerros). L\u00e4mm\u00f6nkesto 118c \/ h. Kuosilevyill\u00e4 paloluokka B.<\/span><\/p>\n<p>Alumoccia on helppo ty\u00f6st\u00e4\u00e4, taivuttaa ja leikata. Se sopii ominaisuuksiensa ansiosta kaikkiin kohteisiin niin sis\u00e4lle kuin ulos.<\/p>\n<p>&nbsp;<\/p>\n","protected":false},"excerpt":{"rendered":"<p>Alumocci sisustuslevy on 4 mm vahvaa komposiittilevy\u00e4, jossa molemmin puolin alumiinikerros (Tummassa alumiinissa rst-kerros). L\u00e4mm\u00f6nkesto 118c \/ h. Kuosilevyill\u00e4 paloluokka B. Alumoccia on helppo ty\u00f6st\u00e4\u00e4, taivuttaa ja leikata. Se sopii ominaisuuksiensa ansiosta kaikkiin kohteisiin niin sis\u00e4lle kuin ulos. &nbsp;<\/p>\n","protected":false},"featured_media":4072,"comment_status":"closed","ping_status":"closed","template":"","meta":[],"product_brand":[],"product_cat":[302,245],"product_tag":[],"class_list":{"0":"post-4071","1":"product","2":"type-product","3":"status-publish","4":"has-post-thumbnail","6":"product_cat-alumoccilevyt","7":"product_cat-sisustuslevyt","9":"first","10":"instock","11":"taxable","12":"shipping-taxable","13":"purchasable","14":"product-type-simple"},"_links":{"self":[{"href":"https:\/\/www.ksttukku.fi\/kauppa\/wp-json\/wp\/v2\/product\/4071","targetHints":{"allow":["GET"]}}],"collection":[{"href":"https:\/\/www.ksttukku.fi\/kauppa\/wp-json\/wp\/v2\/product"}],"about":[{"href":"https:\/\/www.ksttukku.fi\/kauppa\/wp-json\/wp\/v2\/types\/product"}],"replies":[{"embeddable":true,"href":"https:\/\/www.ksttukku.fi\/kauppa\/wp-json\/wp\/v2\/comments?post=4071"}],"wp:featuredmedia":[{"embeddable":true,"href":"https:\/\/www.ksttukku.fi\/kauppa\/wp-json\/wp\/v2\/media\/4072"}],"wp:attachment":[{"href":"https:\/\/www.ksttukku.fi\/kauppa\/wp-json\/wp\/v2\/media?parent=4071"}],"wp:term":[{"taxonomy":"product_brand","embeddable":true,"href":"https:\/\/www.ksttukku.fi\/kauppa\/wp-json\/wp\/v2\/product_brand?post=4071"},{"taxonomy":"product_cat","embeddable":true,"href":"https:\/\/www.ksttukku.fi\/kauppa\/wp-json\/wp\/v2\/product_cat?post=4071"},{"taxonomy":"product_tag","embeddable":true,"href":"https:\/\/www.ksttukku.fi\/kauppa\/wp-json\/wp\/v2\/product_tag?post=4071"}],"curies":[{"name":"wp","href":"https:\/\/api.w.org\/{rel}","templated":true}]}}