{"id":4102,"date":"2019-08-10T12:32:19","date_gmt":"2019-08-10T09:32:19","guid":{"rendered":"https:\/\/www.ksttukku.fi\/kauppa\/?post_type=product&#038;p=4102"},"modified":"2019-08-10T12:32:20","modified_gmt":"2019-08-10T09:32:20","slug":"kattovalaisin-zeo-duo-18w-ip20-3000k-4000k","status":"publish","type":"product","link":"https:\/\/www.ksttukku.fi\/kauppa\/tuote\/kattovalaisin-zeo-duo-18w-ip20-3000k-4000k\/","title":{"rendered":"Kattovalaisin Zeo duo 18W IP20 3000K\/4000K"},"content":{"rendered":"<p>Kodin kuivien sis\u00e4tilojen yleisvalaisin, py\u00f6re\u00e4 Zeo Duo -plafondi asennetaan katon valaisinpistorasiaan. Kytket sen helposti valmiilla valaisinpistotulpalla ja kiinnit\u00e4t koukulla kattoon ilman ty\u00f6kaluja. Voit valita k\u00e4tev\u00e4sti kytkimell\u00e4 ennen asennusta valon v\u00e4ril\u00e4mp\u00f6tilan 3000K tai 4000K. Valo on tasainen ja syttyy heti. Polykarbonaattirungon ja -kuvun suojaus mekaanisia iskuja vastaan on paras IK10-luokka. Airam Zeo-sarjaan kuuluu my\u00f6s IP44-roiskevesisuojattu kylpyhuonevalaisin.<\/p>\n<p>Runko muovia (PC), kupu opaalimuovia (PC).<br \/>\nV\u00e4ri valkoinen.<br \/>\nPinta-asennus katon valaisinpistorasiaan, valaisinpistotulppa 2 x 0,75 mm\u00b2 ja pikakiinnike.<br \/>\nValon v\u00e4ril\u00e4mp\u00f6tila valitaan valaisimessa, CCT 3000K\/4000K.<br \/>\nV\u00e4rintoistoindeksi 80-89 (CRI\u226580).<br \/>\nKotelointiluokka IP20.<br \/>\nIskunkest\u00e4vyys IK10.<br \/>\nKiinte\u00e4 AC LED, 18W 1100LM.<br \/>\nK\u00e4ytt\u00f6ymp\u00e4rist\u00f6n l\u00e4mp\u00f6tila 5\u202635 \u00b0C.<br \/>\nElinik\u00e4\/k\u00e4ytt\u00f6ik\u00e4 L70B50 35000H.<br \/>\nAsennustarvikkeet sis\u00e4ltyv\u00e4t tuotteeseen.<br \/>\nPy\u00f6re\u00e4 muoto, kaksi kokoa ja tehoa.<\/p>\n","protected":false},"excerpt":{"rendered":"<p>Kodin kuivien sis\u00e4tilojen yleisvalaisin, py\u00f6re\u00e4 Zeo Duo -plafondi asennetaan katon valaisinpistorasiaan. Kytket sen helposti valmiilla valaisinpistotulpalla ja kiinnit\u00e4t koukulla kattoon ilman ty\u00f6kaluja. Voit valita k\u00e4tev\u00e4sti kytkimell\u00e4 ennen asennusta valon v\u00e4ril\u00e4mp\u00f6tilan 3000K tai 4000K. Valo on tasainen ja syttyy heti. Polykarbonaattirungon ja -kuvun suojaus mekaanisia iskuja vastaan on paras IK10-luokka. Airam Zeo-sarjaan kuuluu my\u00f6s IP44-roiskevesisuojattu kylpyhuonevalaisin. [&hellip;]<\/p>\n","protected":false},"featured_media":4103,"comment_status":"closed","ping_status":"closed","template":"","meta":[],"product_brand":[],"product_cat":[40,35,34],"product_tag":[],"class_list":{"0":"post-4102","1":"product","2":"type-product","3":"status-publish","4":"has-post-thumbnail","6":"product_cat-kattovalaisimet","7":"product_cat-sisavalaisimet","8":"product_cat-valaisimet","10":"first","11":"instock","12":"taxable","13":"shipping-taxable","14":"purchasable","15":"product-type-simple"},"_links":{"self":[{"href":"https:\/\/www.ksttukku.fi\/kauppa\/wp-json\/wp\/v2\/product\/4102","targetHints":{"allow":["GET"]}}],"collection":[{"href":"https:\/\/www.ksttukku.fi\/kauppa\/wp-json\/wp\/v2\/product"}],"about":[{"href":"https:\/\/www.ksttukku.fi\/kauppa\/wp-json\/wp\/v2\/types\/product"}],"replies":[{"embeddable":true,"href":"https:\/\/www.ksttukku.fi\/kauppa\/wp-json\/wp\/v2\/comments?post=4102"}],"wp:featuredmedia":[{"embeddable":true,"href":"https:\/\/www.ksttukku.fi\/kauppa\/wp-json\/wp\/v2\/media\/4103"}],"wp:attachment":[{"href":"https:\/\/www.ksttukku.fi\/kauppa\/wp-json\/wp\/v2\/media?parent=4102"}],"wp:term":[{"taxonomy":"product_brand","embeddable":true,"href":"https:\/\/www.ksttukku.fi\/kauppa\/wp-json\/wp\/v2\/product_brand?post=4102"},{"taxonomy":"product_cat","embeddable":true,"href":"https:\/\/www.ksttukku.fi\/kauppa\/wp-json\/wp\/v2\/product_cat?post=4102"},{"taxonomy":"product_tag","embeddable":true,"href":"https:\/\/www.ksttukku.fi\/kauppa\/wp-json\/wp\/v2\/product_tag?post=4102"}],"curies":[{"name":"wp","href":"https:\/\/api.w.org\/{rel}","templated":true}]}}