{"id":415,"date":"2018-02-07T17:09:55","date_gmt":"2018-02-07T15:09:55","guid":{"rendered":"http:\/\/www.ksttukku.fi\/kauppa\/?post_type=product&#038;p=415"},"modified":"2025-05-19T12:36:55","modified_gmt":"2025-05-19T09:36:55","slug":"alppila-2-os-ip44-rst","status":"publish","type":"product","link":"https:\/\/www.ksttukku.fi\/kauppa\/tuote\/alppila-2-os-ip44-rst\/","title":{"rendered":"Alppila sein\u00e4valaisin 2-os IP44 RST"},"content":{"rendered":"<p>Sein\u00e4valaisinsarjassa on useita erilaisia malleja, jotka valaisevat yhteen tai kahteen suuntaan. K\u00e4ytt\u00f6 ulkona esim. julkisivujen ja terassien valaisuun. Valaisimet soveltuvat my\u00f6s sis\u00e4k\u00e4ytt\u00f6\u00f6n esim. kylpyhuoneessa.<\/p>\n<p>Valonl\u00e4hde: 2 x GU10 (ei sis\u00e4lly pakkaukseen)<\/p>\n<p>V\u00e4ri: harjattu ter\u00e4s<\/p>\n","protected":false},"excerpt":{"rendered":"<p>Sein\u00e4valaisinsarjassa on useita erilaisia malleja, jotka valaisevat yhteen tai kahteen suuntaan. K\u00e4ytt\u00f6 ulkona esim. julkisivujen ja terassien valaisuun. Valaisimet soveltuvat my\u00f6s sis\u00e4k\u00e4ytt\u00f6\u00f6n esim. kylpyhuoneessa. Valonl\u00e4hde: 2 x GU10 (ei sis\u00e4lly pakkaukseen) V\u00e4ri: harjattu ter\u00e4s<\/p>\n","protected":false},"featured_media":416,"comment_status":"closed","ping_status":"closed","template":"","meta":[],"product_brand":[],"product_cat":[37,36,34],"product_tag":[],"class_list":{"0":"post-415","1":"product","2":"type-product","3":"status-publish","4":"has-post-thumbnail","6":"product_cat-seinavalaisimet","7":"product_cat-ulkovalaisimet","8":"product_cat-valaisimet","10":"first","11":"instock","12":"taxable","13":"shipping-taxable","14":"purchasable","15":"product-type-simple"},"_links":{"self":[{"href":"https:\/\/www.ksttukku.fi\/kauppa\/wp-json\/wp\/v2\/product\/415","targetHints":{"allow":["GET"]}}],"collection":[{"href":"https:\/\/www.ksttukku.fi\/kauppa\/wp-json\/wp\/v2\/product"}],"about":[{"href":"https:\/\/www.ksttukku.fi\/kauppa\/wp-json\/wp\/v2\/types\/product"}],"replies":[{"embeddable":true,"href":"https:\/\/www.ksttukku.fi\/kauppa\/wp-json\/wp\/v2\/comments?post=415"}],"wp:featuredmedia":[{"embeddable":true,"href":"https:\/\/www.ksttukku.fi\/kauppa\/wp-json\/wp\/v2\/media\/416"}],"wp:attachment":[{"href":"https:\/\/www.ksttukku.fi\/kauppa\/wp-json\/wp\/v2\/media?parent=415"}],"wp:term":[{"taxonomy":"product_brand","embeddable":true,"href":"https:\/\/www.ksttukku.fi\/kauppa\/wp-json\/wp\/v2\/product_brand?post=415"},{"taxonomy":"product_cat","embeddable":true,"href":"https:\/\/www.ksttukku.fi\/kauppa\/wp-json\/wp\/v2\/product_cat?post=415"},{"taxonomy":"product_tag","embeddable":true,"href":"https:\/\/www.ksttukku.fi\/kauppa\/wp-json\/wp\/v2\/product_tag?post=415"}],"curies":[{"name":"wp","href":"https:\/\/api.w.org\/{rel}","templated":true}]}}