{"id":4157,"date":"2019-08-16T16:55:09","date_gmt":"2019-08-16T13:55:09","guid":{"rendered":"https:\/\/www.ksttukku.fi\/kauppa\/?post_type=product&#038;p=4157"},"modified":"2023-07-20T15:38:52","modified_gmt":"2023-07-20T12:38:52","slug":"bella-matto-pellava","status":"publish","type":"product","link":"https:\/\/www.ksttukku.fi\/kauppa\/tuote\/bella-matto-pellava\/","title":{"rendered":"Bella matto pellava"},"content":{"rendered":"<p>Bella on helppohoitoinen, sile\u00e4ksi kudottu matto kaikkiin kodin tiloihin. Kaunis ja hento kuosi tuo kevyen ja kes\u00e4isen ilmeen niin kotiin kuin kes\u00e4m\u00f6killekin. Pehme\u00e4n puuteriset ja vaaleat s\u00e4vyt sopivat monenlaiseen sisustukseen. Maton sile\u00e4 pinta on helppo pit\u00e4\u00e4 puhtaana, pyyhk\u00e4iset vain tarvittaessa tahrat kostealla liinalla. Hoitona s\u00e4\u00e4nn\u00f6llinen imurointi, tuuletus ja tarvittaessa vesipesu.<br \/>\nMateriaali: 100% polypropeenia<\/p>\n","protected":false},"excerpt":{"rendered":"<p>Bella on helppohoitoinen, sile\u00e4ksi kudottu matto kaikkiin kodin tiloihin. Kaunis ja hento kuosi tuo kevyen ja kes\u00e4isen ilmeen niin kotiin kuin kes\u00e4m\u00f6killekin. Pehme\u00e4n puuteriset ja vaaleat s\u00e4vyt sopivat monenlaiseen sisustukseen. Maton sile\u00e4 pinta on helppo pit\u00e4\u00e4 puhtaana, pyyhk\u00e4iset vain tarvittaessa tahrat kostealla liinalla. Hoitona s\u00e4\u00e4nn\u00f6llinen imurointi, tuuletus ja tarvittaessa vesipesu. Materiaali: 100% polypropeenia<\/p>\n","protected":false},"featured_media":4161,"comment_status":"closed","ping_status":"closed","template":"","meta":[],"product_brand":[],"product_cat":[304,23,22],"product_tag":[],"class_list":{"0":"post-4157","1":"product","2":"type-product","3":"status-publish","4":"has-post-thumbnail","6":"product_cat-bella-kaytava-ja-yleismatot","7":"product_cat-kaytava-ja-yleismatot","8":"product_cat-matot","10":"first","11":"instock","12":"taxable","13":"shipping-taxable","14":"purchasable","15":"product-type-variable"},"_links":{"self":[{"href":"https:\/\/www.ksttukku.fi\/kauppa\/wp-json\/wp\/v2\/product\/4157","targetHints":{"allow":["GET"]}}],"collection":[{"href":"https:\/\/www.ksttukku.fi\/kauppa\/wp-json\/wp\/v2\/product"}],"about":[{"href":"https:\/\/www.ksttukku.fi\/kauppa\/wp-json\/wp\/v2\/types\/product"}],"replies":[{"embeddable":true,"href":"https:\/\/www.ksttukku.fi\/kauppa\/wp-json\/wp\/v2\/comments?post=4157"}],"wp:featuredmedia":[{"embeddable":true,"href":"https:\/\/www.ksttukku.fi\/kauppa\/wp-json\/wp\/v2\/media\/4161"}],"wp:attachment":[{"href":"https:\/\/www.ksttukku.fi\/kauppa\/wp-json\/wp\/v2\/media?parent=4157"}],"wp:term":[{"taxonomy":"product_brand","embeddable":true,"href":"https:\/\/www.ksttukku.fi\/kauppa\/wp-json\/wp\/v2\/product_brand?post=4157"},{"taxonomy":"product_cat","embeddable":true,"href":"https:\/\/www.ksttukku.fi\/kauppa\/wp-json\/wp\/v2\/product_cat?post=4157"},{"taxonomy":"product_tag","embeddable":true,"href":"https:\/\/www.ksttukku.fi\/kauppa\/wp-json\/wp\/v2\/product_tag?post=4157"}],"curies":[{"name":"wp","href":"https:\/\/api.w.org\/{rel}","templated":true}]}}