{"id":4177,"date":"2019-08-17T13:59:57","date_gmt":"2019-08-17T10:59:57","guid":{"rendered":"https:\/\/www.ksttukku.fi\/kauppa\/?post_type=product&#038;p=4177"},"modified":"2025-08-27T17:05:18","modified_gmt":"2025-08-27T14:05:18","slug":"airam-ledlamppu-gu10-7w-620lm-4000k-dim","status":"publish","type":"product","link":"https:\/\/www.ksttukku.fi\/kauppa\/tuote\/airam-ledlamppu-gu10-7w-620lm-4000k-dim\/","title":{"rendered":"Airam Pro ledlamppu GU10 5,7W 600lm 4000K dim"},"content":{"rendered":"<p>Eritt\u00e4in pitk\u00e4 polttoik\u00e4, 25 000 tuntia.<\/p>\n<p>T\u00e4ysi valontuotto heti, my\u00f6s pakkasessa.<\/p>\n<p>Erinomainen valotehokkuus, jopa > 100 lm\/W.<\/p>\n<p>V\u00e4ril\u00e4mp\u00f6tila 4000K.<\/p>\n<p>Hyv\u00e4 v\u00e4rintoisto CRI > 80.<\/p>\n<p>Jatkuva, tasaien spektri, ei v\u00e4riv\u00e4\u00e4ristymi\u00e4<\/p>\n<p>Ei UV- tai IR-s\u00e4teily\u00e4.<\/p>\n<p>Ei elohopeaa.<\/p>\n<p>Kaikki mallit himmennett\u00e4viss\u00e4 led-himmentimill\u00e4.<\/p>\n","protected":false},"excerpt":{"rendered":"<p>Himmennett\u00e4v\u00e4 ledlamppu<\/p>\n","protected":false},"featured_media":4178,"comment_status":"closed","ping_status":"closed","template":"","meta":[],"product_brand":[],"product_cat":[187,186,185],"product_tag":[],"class_list":{"0":"post-4177","1":"product","2":"type-product","3":"status-publish","4":"has-post-thumbnail","6":"product_cat-kohdelamput","7":"product_cat-ledlamput","8":"product_cat-lamput","10":"first","11":"instock","12":"taxable","13":"shipping-taxable","14":"purchasable","15":"product-type-simple"},"_links":{"self":[{"href":"https:\/\/www.ksttukku.fi\/kauppa\/wp-json\/wp\/v2\/product\/4177","targetHints":{"allow":["GET"]}}],"collection":[{"href":"https:\/\/www.ksttukku.fi\/kauppa\/wp-json\/wp\/v2\/product"}],"about":[{"href":"https:\/\/www.ksttukku.fi\/kauppa\/wp-json\/wp\/v2\/types\/product"}],"replies":[{"embeddable":true,"href":"https:\/\/www.ksttukku.fi\/kauppa\/wp-json\/wp\/v2\/comments?post=4177"}],"wp:featuredmedia":[{"embeddable":true,"href":"https:\/\/www.ksttukku.fi\/kauppa\/wp-json\/wp\/v2\/media\/4178"}],"wp:attachment":[{"href":"https:\/\/www.ksttukku.fi\/kauppa\/wp-json\/wp\/v2\/media?parent=4177"}],"wp:term":[{"taxonomy":"product_brand","embeddable":true,"href":"https:\/\/www.ksttukku.fi\/kauppa\/wp-json\/wp\/v2\/product_brand?post=4177"},{"taxonomy":"product_cat","embeddable":true,"href":"https:\/\/www.ksttukku.fi\/kauppa\/wp-json\/wp\/v2\/product_cat?post=4177"},{"taxonomy":"product_tag","embeddable":true,"href":"https:\/\/www.ksttukku.fi\/kauppa\/wp-json\/wp\/v2\/product_tag?post=4177"}],"curies":[{"name":"wp","href":"https:\/\/api.w.org\/{rel}","templated":true}]}}