{"id":4185,"date":"2019-08-19T13:58:42","date_gmt":"2019-08-19T10:58:42","guid":{"rendered":"https:\/\/www.ksttukku.fi\/kauppa\/?post_type=product&#038;p=4185"},"modified":"2022-06-02T15:19:00","modified_gmt":"2022-06-02T12:19:00","slug":"aurinkokennovalaisin-nano-sole-4w-pir","status":"publish","type":"product","link":"https:\/\/www.ksttukku.fi\/kauppa\/tuote\/aurinkokennovalaisin-nano-sole-4w-pir\/","title":{"rendered":"Aurinkokennovalaisin Nano Sole 4W PIR"},"content":{"rendered":"<p>Pime\u00e4ss\u00e4 kytkimen ollessa p\u00e4\u00e4ll\u00e4 valo syttyy automaattisesti henkil\u00f6n kulkiessa noin 8 metrin alueella valaisimesta. Kun henkil\u00f6 poistuu tunnistusalueelta, valo palaa viel\u00e4 noin 20 sekuntia ennen kuin sammuu automaattisesti.<\/p>\n<p>Akku: 3,7 V 1200 mAh 18650 li-ion<br \/>\nTeho: 4 W<br \/>\nValoteho: 230 lm<br \/>\nV\u00e4ril\u00e4mp\u00f6tila 4000 K<br \/>\nTunnistuset\u00e4isyys: 8 &#8211; 10 m<br \/>\nTunnistuskulma: 120\u00b0<br \/>\nPaloaika: 20 sekuntia +\/-5 s<br \/>\nLatausaika: 7-8 h<br \/>\nToiminta-aika: &gt;1 h<br \/>\nOn\/off -kytkin<br \/>\nIP44<\/p>\n<p>Aurinkopaneelin koko: 80&#215;45 mm<br \/>\nAurinkopaneelin ulostulo: 5,5 V 1 W 120 mA<br \/>\nValaisimen mitat: 96x124x50 mm<\/p>\n","protected":false},"excerpt":{"rendered":"<p>NANO SOLE aurinkokennovalaisin liiketunnistimella. Valoteho 230 lm. Eritt\u00e4in helppo asennus.<\/p>\n","protected":false},"featured_media":4186,"comment_status":"closed","ping_status":"closed","template":"","meta":[],"product_brand":[],"product_cat":[306],"product_tag":[],"class_list":{"0":"post-4185","1":"product","2":"type-product","3":"status-publish","4":"has-post-thumbnail","6":"product_cat-aurinkokennovalaisimet","8":"first","9":"instock","10":"taxable","11":"shipping-taxable","12":"purchasable","13":"product-type-simple"},"_links":{"self":[{"href":"https:\/\/www.ksttukku.fi\/kauppa\/wp-json\/wp\/v2\/product\/4185","targetHints":{"allow":["GET"]}}],"collection":[{"href":"https:\/\/www.ksttukku.fi\/kauppa\/wp-json\/wp\/v2\/product"}],"about":[{"href":"https:\/\/www.ksttukku.fi\/kauppa\/wp-json\/wp\/v2\/types\/product"}],"replies":[{"embeddable":true,"href":"https:\/\/www.ksttukku.fi\/kauppa\/wp-json\/wp\/v2\/comments?post=4185"}],"wp:featuredmedia":[{"embeddable":true,"href":"https:\/\/www.ksttukku.fi\/kauppa\/wp-json\/wp\/v2\/media\/4186"}],"wp:attachment":[{"href":"https:\/\/www.ksttukku.fi\/kauppa\/wp-json\/wp\/v2\/media?parent=4185"}],"wp:term":[{"taxonomy":"product_brand","embeddable":true,"href":"https:\/\/www.ksttukku.fi\/kauppa\/wp-json\/wp\/v2\/product_brand?post=4185"},{"taxonomy":"product_cat","embeddable":true,"href":"https:\/\/www.ksttukku.fi\/kauppa\/wp-json\/wp\/v2\/product_cat?post=4185"},{"taxonomy":"product_tag","embeddable":true,"href":"https:\/\/www.ksttukku.fi\/kauppa\/wp-json\/wp\/v2\/product_tag?post=4185"}],"curies":[{"name":"wp","href":"https:\/\/api.w.org\/{rel}","templated":true}]}}