{"id":4195,"date":"2019-08-20T13:18:05","date_gmt":"2019-08-20T10:18:05","guid":{"rendered":"https:\/\/www.ksttukku.fi\/kauppa\/?post_type=product&#038;p=4195"},"modified":"2023-11-23T18:39:28","modified_gmt":"2023-11-23T16:39:28","slug":"airam-led-vakiolamppu-liiketunnistimella-10w-806lm-4000k","status":"publish","type":"product","link":"https:\/\/www.ksttukku.fi\/kauppa\/tuote\/airam-led-vakiolamppu-liiketunnistimella-10w-806lm-4000k\/","title":{"rendered":"Airam led-vakiolamppu liiketunnistimella 9,5W 1055lm 4000K"},"content":{"rendered":"<p>Lampussa on yhdistetty sek\u00e4 h\u00e4m\u00e4r\u00e4- ett\u00e4 liiketunnistimen ominaisuudet. Lamput eiv\u00e4t valaise eiv\u00e4tk\u00e4 kuluta s\u00e4hk\u00f6\u00e4 turhaan. Kun ymp\u00e4rist\u00f6n valotaso on alle 50 luksia, lamppu aktivoituu ja syttyy liikkeen vaikutuksesta 40 sekunniksi kerrallaan.<\/p>\n<p>Hyviss\u00e4 olosuhteissa lamput reagoivat liikkeesen 5\u20138 metrin et\u00e4isyydelt\u00e4 ja jopa 5 metrin korkeudesta.<br \/>\nRadar reagoi my\u00f6s kevyiden v\u00e4liseinien l\u00e4pi.<br \/>\nValaisinvalinnalla on vaikutus mainittuihin et\u00e4isyyksiin.<br \/>\nHyv\u00e4 v\u00e4rintoisto CRI &gt; 80.<br \/>\nJatkuva tasainen spektri, ei v\u00e4riv\u00e4\u00e4ristymi\u00e4.<br \/>\nV\u00e4ril\u00e4mp\u00f6tila 4000K, opaali kupu.<br \/>\nEi UV- tai IR-s\u00e4teily\u00e4.<br \/>\nEiv\u00e4t sis\u00e4ll\u00e4 elohopeaa.<\/p>\n","protected":false},"excerpt":{"rendered":"<p>Lampussa on yhdistetty sek\u00e4 h\u00e4m\u00e4r\u00e4- ett\u00e4 liiketunnistimen ominaisuudet. Lamput eiv\u00e4t valaise eiv\u00e4tk\u00e4 kuluta s\u00e4hk\u00f6\u00e4 turhaan. Kun ymp\u00e4rist\u00f6n valotaso on alle 50 luksia, lamppu aktivoituu ja syttyy liikkeen vaikutuksesta 40 sekunniksi kerrallaan. Hyviss\u00e4 olosuhteissa lamput reagoivat liikkeesen 5\u20138 metrin et\u00e4isyydelt\u00e4 ja jopa 5 metrin korkeudesta. Radar reagoi my\u00f6s kevyiden v\u00e4liseinien l\u00e4pi. Valaisinvalinnalla on vaikutus mainittuihin et\u00e4isyyksiin. [&hellip;]<\/p>\n","protected":false},"featured_media":4196,"comment_status":"closed","ping_status":"closed","template":"","meta":[],"product_brand":[],"product_cat":[185,189],"product_tag":[],"class_list":{"0":"post-4195","1":"product","2":"type-product","3":"status-publish","4":"has-post-thumbnail","6":"product_cat-lamput","7":"product_cat-muut-ledlamput","9":"first","10":"instock","11":"sale","12":"taxable","13":"shipping-taxable","14":"purchasable","15":"product-type-simple"},"_links":{"self":[{"href":"https:\/\/www.ksttukku.fi\/kauppa\/wp-json\/wp\/v2\/product\/4195","targetHints":{"allow":["GET"]}}],"collection":[{"href":"https:\/\/www.ksttukku.fi\/kauppa\/wp-json\/wp\/v2\/product"}],"about":[{"href":"https:\/\/www.ksttukku.fi\/kauppa\/wp-json\/wp\/v2\/types\/product"}],"replies":[{"embeddable":true,"href":"https:\/\/www.ksttukku.fi\/kauppa\/wp-json\/wp\/v2\/comments?post=4195"}],"wp:featuredmedia":[{"embeddable":true,"href":"https:\/\/www.ksttukku.fi\/kauppa\/wp-json\/wp\/v2\/media\/4196"}],"wp:attachment":[{"href":"https:\/\/www.ksttukku.fi\/kauppa\/wp-json\/wp\/v2\/media?parent=4195"}],"wp:term":[{"taxonomy":"product_brand","embeddable":true,"href":"https:\/\/www.ksttukku.fi\/kauppa\/wp-json\/wp\/v2\/product_brand?post=4195"},{"taxonomy":"product_cat","embeddable":true,"href":"https:\/\/www.ksttukku.fi\/kauppa\/wp-json\/wp\/v2\/product_cat?post=4195"},{"taxonomy":"product_tag","embeddable":true,"href":"https:\/\/www.ksttukku.fi\/kauppa\/wp-json\/wp\/v2\/product_tag?post=4195"}],"curies":[{"name":"wp","href":"https:\/\/api.w.org\/{rel}","templated":true}]}}