{"id":4221,"date":"2019-08-22T17:49:30","date_gmt":"2019-08-22T14:49:30","guid":{"rendered":"https:\/\/www.ksttukku.fi\/kauppa\/?post_type=product&#038;p=4221"},"modified":"2024-02-06T12:34:20","modified_gmt":"2024-02-06T10:34:20","slug":"smogen-lattiavalaisin-hiekka","status":"publish","type":"product","link":"https:\/\/www.ksttukku.fi\/kauppa\/tuote\/smogen-lattiavalaisin-hiekka\/","title":{"rendered":"Sm\u00f6gen lattiavalaisin hiekka"},"content":{"rendered":"<p>Sm\u00f6gen-lattiavalaisin sopii erinomaisesti lukuvaloksi moneen eri tilaan, esimerkiksi ty\u00f6p\u00f6yd\u00e4n viereen. Taipuisa varsi helpottaa valon kohdistamista. Kytkin k\u00e4tev\u00e4sti valaisimen rungossa. Metallinen valaisin on 145 cm korkea. Kuvun alahalkaisija on 15 cm. Kanta E27<\/p>\n","protected":false},"excerpt":{"rendered":"<p>Sm\u00f6gen-lattiavalaisin sopii erinomaisesti lukuvaloksi moneen eri tilaan, esimerkiksi ty\u00f6p\u00f6yd\u00e4n viereen. Taipuisa varsi helpottaa valon kohdistamista. Kytkin k\u00e4tev\u00e4sti valaisimen rungossa. Metallinen valaisin on 145 cm korkea. Kuvun alahalkaisija on 15 cm. Kanta E27<\/p>\n","protected":false},"featured_media":4222,"comment_status":"closed","ping_status":"closed","template":"","meta":[],"product_brand":[],"product_cat":[43,35,34],"product_tag":[],"class_list":{"0":"post-4221","1":"product","2":"type-product","3":"status-publish","4":"has-post-thumbnail","6":"product_cat-lattiavalaisimet","7":"product_cat-sisavalaisimet","8":"product_cat-valaisimet","10":"first","11":"instock","12":"taxable","13":"shipping-taxable","14":"purchasable","15":"product-type-simple"},"_links":{"self":[{"href":"https:\/\/www.ksttukku.fi\/kauppa\/wp-json\/wp\/v2\/product\/4221","targetHints":{"allow":["GET"]}}],"collection":[{"href":"https:\/\/www.ksttukku.fi\/kauppa\/wp-json\/wp\/v2\/product"}],"about":[{"href":"https:\/\/www.ksttukku.fi\/kauppa\/wp-json\/wp\/v2\/types\/product"}],"replies":[{"embeddable":true,"href":"https:\/\/www.ksttukku.fi\/kauppa\/wp-json\/wp\/v2\/comments?post=4221"}],"wp:featuredmedia":[{"embeddable":true,"href":"https:\/\/www.ksttukku.fi\/kauppa\/wp-json\/wp\/v2\/media\/4222"}],"wp:attachment":[{"href":"https:\/\/www.ksttukku.fi\/kauppa\/wp-json\/wp\/v2\/media?parent=4221"}],"wp:term":[{"taxonomy":"product_brand","embeddable":true,"href":"https:\/\/www.ksttukku.fi\/kauppa\/wp-json\/wp\/v2\/product_brand?post=4221"},{"taxonomy":"product_cat","embeddable":true,"href":"https:\/\/www.ksttukku.fi\/kauppa\/wp-json\/wp\/v2\/product_cat?post=4221"},{"taxonomy":"product_tag","embeddable":true,"href":"https:\/\/www.ksttukku.fi\/kauppa\/wp-json\/wp\/v2\/product_tag?post=4221"}],"curies":[{"name":"wp","href":"https:\/\/api.w.org\/{rel}","templated":true}]}}