{"id":423,"date":"2018-02-07T18:12:20","date_gmt":"2018-02-07T16:12:20","guid":{"rendered":"http:\/\/www.ksttukku.fi\/kauppa\/?post_type=product&#038;p=423"},"modified":"2020-04-30T16:38:37","modified_gmt":"2020-04-30T13:38:37","slug":"alppila-xl-2-os-ip44-antrasiitti","status":"publish","type":"product","link":"https:\/\/www.ksttukku.fi\/kauppa\/tuote\/alppila-xl-2-os-ip44-antrasiitti\/","title":{"rendered":"Alppila sein\u00e4valaisin XL 2-os IP44 antrasiitti"},"content":{"rendered":"<p>Sein\u00e4valaisinsarjassa on useita erilaisia malleja, jotka valaisevat yhteen tai kahteen suuntaan. K\u00e4ytt\u00f6 ulkona esim. julkisivujen ja terassien valaisuun. Valaisimet soveltuvat my\u00f6s sis\u00e4k\u00e4ytt\u00f6\u00f6n esim. kylpyhuoneessa. Mallistossa my\u00f6s suunnattava spottivalaisin. XL-malleissa on n\u00e4ytt\u00e4v\u00e4, kookkaampi runko.<\/p>\n<p>Valonl\u00e4hde: 2 x GU10 (ei sis\u00e4lly pakkaukseen)<\/p>\n<p>V\u00e4ri: antrasiitti<\/p>\n","protected":false},"excerpt":{"rendered":"<p>Sein\u00e4valaisinsarjassa on useita erilaisia malleja, jotka valaisevat yhteen tai kahteen suuntaan. K\u00e4ytt\u00f6 ulkona esim. julkisivujen ja terassien valaisuun. Valaisimet soveltuvat my\u00f6s sis\u00e4k\u00e4ytt\u00f6\u00f6n esim. kylpyhuoneessa. Mallistossa my\u00f6s suunnattava spottivalaisin. XL-malleissa on n\u00e4ytt\u00e4v\u00e4, kookkaampi runko. Valonl\u00e4hde: 2 x GU10 (ei sis\u00e4lly pakkaukseen) V\u00e4ri: antrasiitti<\/p>\n","protected":false},"featured_media":424,"comment_status":"closed","ping_status":"closed","template":"","meta":[],"product_brand":[],"product_cat":[37,36],"product_tag":[],"class_list":{"0":"post-423","1":"product","2":"type-product","3":"status-publish","4":"has-post-thumbnail","6":"product_cat-seinavalaisimet","7":"product_cat-ulkovalaisimet","9":"first","10":"instock","11":"taxable","12":"shipping-taxable","13":"purchasable","14":"product-type-simple"},"_links":{"self":[{"href":"https:\/\/www.ksttukku.fi\/kauppa\/wp-json\/wp\/v2\/product\/423","targetHints":{"allow":["GET"]}}],"collection":[{"href":"https:\/\/www.ksttukku.fi\/kauppa\/wp-json\/wp\/v2\/product"}],"about":[{"href":"https:\/\/www.ksttukku.fi\/kauppa\/wp-json\/wp\/v2\/types\/product"}],"replies":[{"embeddable":true,"href":"https:\/\/www.ksttukku.fi\/kauppa\/wp-json\/wp\/v2\/comments?post=423"}],"wp:featuredmedia":[{"embeddable":true,"href":"https:\/\/www.ksttukku.fi\/kauppa\/wp-json\/wp\/v2\/media\/424"}],"wp:attachment":[{"href":"https:\/\/www.ksttukku.fi\/kauppa\/wp-json\/wp\/v2\/media?parent=423"}],"wp:term":[{"taxonomy":"product_brand","embeddable":true,"href":"https:\/\/www.ksttukku.fi\/kauppa\/wp-json\/wp\/v2\/product_brand?post=423"},{"taxonomy":"product_cat","embeddable":true,"href":"https:\/\/www.ksttukku.fi\/kauppa\/wp-json\/wp\/v2\/product_cat?post=423"},{"taxonomy":"product_tag","embeddable":true,"href":"https:\/\/www.ksttukku.fi\/kauppa\/wp-json\/wp\/v2\/product_tag?post=423"}],"curies":[{"name":"wp","href":"https:\/\/api.w.org\/{rel}","templated":true}]}}