{"id":4250,"date":"2019-08-26T17:27:23","date_gmt":"2019-08-26T14:27:23","guid":{"rendered":"https:\/\/www.ksttukku.fi\/kauppa\/?post_type=product&#038;p=4250"},"modified":"2025-05-22T16:33:30","modified_gmt":"2025-05-22T13:33:30","slug":"kandanchu-seinavalaisin-ip54-grafiitin-harmaa","status":"publish","type":"product","link":"https:\/\/www.ksttukku.fi\/kauppa\/tuote\/kandanchu-seinavalaisin-ip54-grafiitin-harmaa\/","title":{"rendered":"Kandanchu sein\u00e4valaisin IP54 grafiitin harmaa"},"content":{"rendered":"<p>Ulko- ja sis\u00e4k\u00e4ytt\u00f6\u00f6n soveltuva sein\u00e4valaisin. Kompaktin koon ansiosta valaisin sopii moneen tilaan.<\/p>\n<p>Valaisimen mitat: 80 x 70 x 95 mm<\/p>\n<p>Valonl\u00e4hde: GU10 (ei sis\u00e4lly pakkaukseen)<\/p>\n<p>V\u00e4ri: grafiitin harmaa<\/p>\n","protected":false},"excerpt":{"rendered":"<p>Ulko- ja sis\u00e4k\u00e4ytt\u00f6\u00f6n soveltuva sein\u00e4valaisin. Kompaktin koon ansiosta valaisin sopii moneen tilaan. Valaisimen mitat: 80 x 70 x 95 mm Valonl\u00e4hde: GU10 (ei sis\u00e4lly pakkaukseen) V\u00e4ri: grafiitin harmaa<\/p>\n","protected":false},"featured_media":4251,"comment_status":"closed","ping_status":"closed","template":"","meta":[],"product_brand":[],"product_cat":[37,36],"product_tag":[],"class_list":{"0":"post-4250","1":"product","2":"type-product","3":"status-publish","4":"has-post-thumbnail","6":"product_cat-seinavalaisimet","7":"product_cat-ulkovalaisimet","9":"first","10":"instock","11":"taxable","12":"shipping-taxable","13":"purchasable","14":"product-type-simple"},"_links":{"self":[{"href":"https:\/\/www.ksttukku.fi\/kauppa\/wp-json\/wp\/v2\/product\/4250","targetHints":{"allow":["GET"]}}],"collection":[{"href":"https:\/\/www.ksttukku.fi\/kauppa\/wp-json\/wp\/v2\/product"}],"about":[{"href":"https:\/\/www.ksttukku.fi\/kauppa\/wp-json\/wp\/v2\/types\/product"}],"replies":[{"embeddable":true,"href":"https:\/\/www.ksttukku.fi\/kauppa\/wp-json\/wp\/v2\/comments?post=4250"}],"wp:featuredmedia":[{"embeddable":true,"href":"https:\/\/www.ksttukku.fi\/kauppa\/wp-json\/wp\/v2\/media\/4251"}],"wp:attachment":[{"href":"https:\/\/www.ksttukku.fi\/kauppa\/wp-json\/wp\/v2\/media?parent=4250"}],"wp:term":[{"taxonomy":"product_brand","embeddable":true,"href":"https:\/\/www.ksttukku.fi\/kauppa\/wp-json\/wp\/v2\/product_brand?post=4250"},{"taxonomy":"product_cat","embeddable":true,"href":"https:\/\/www.ksttukku.fi\/kauppa\/wp-json\/wp\/v2\/product_cat?post=4250"},{"taxonomy":"product_tag","embeddable":true,"href":"https:\/\/www.ksttukku.fi\/kauppa\/wp-json\/wp\/v2\/product_tag?post=4250"}],"curies":[{"name":"wp","href":"https:\/\/api.w.org\/{rel}","templated":true}]}}