{"id":427,"date":"2018-02-08T13:38:51","date_gmt":"2018-02-08T11:38:51","guid":{"rendered":"http:\/\/www.ksttukku.fi\/kauppa\/?post_type=product&#038;p=427"},"modified":"2020-04-30T16:41:34","modified_gmt":"2020-04-30T13:41:34","slug":"alppila-xl-w-2-os-ip44-antrasiitti","status":"publish","type":"product","link":"https:\/\/www.ksttukku.fi\/kauppa\/tuote\/alppila-xl-w-2-os-ip44-antrasiitti\/","title":{"rendered":"Alppila sein\u00e4valaisin XL-W 2-os IP44 antrasiitti"},"content":{"rendered":"<p>Alppila-valaisimet on valmistettu ruostumattomasta ter\u00e4ksest\u00e4 ja ne soveltuvat ulkona esimerkiksi seinien valaisuun. Valaisimet soveltuvat my\u00f6s sis\u00e4tiloihin, kuten kylpyhuoneisiin. XL-W-mallissa valoa l\u00e4p\u00e4isev\u00e4t korostusrenkaat rungossa.<\/p>\n<p>Valonl\u00e4hde: 2 x GU10 (ei sis\u00e4lly pakkaukseen)<\/p>\n<p>V\u00e4ri: antrasiitti<\/p>\n","protected":false},"excerpt":{"rendered":"<p>Alppila-valaisimet on valmistettu ruostumattomasta ter\u00e4ksest\u00e4 ja ne soveltuvat ulkona esimerkiksi seinien valaisuun. Valaisimet soveltuvat my\u00f6s sis\u00e4tiloihin, kuten kylpyhuoneisiin. XL-W-mallissa valoa l\u00e4p\u00e4isev\u00e4t korostusrenkaat rungossa. Valonl\u00e4hde: 2 x GU10 (ei sis\u00e4lly pakkaukseen) V\u00e4ri: antrasiitti<\/p>\n","protected":false},"featured_media":428,"comment_status":"closed","ping_status":"closed","template":"","meta":[],"product_brand":[],"product_cat":[37,36],"product_tag":[],"class_list":{"0":"post-427","1":"product","2":"type-product","3":"status-publish","4":"has-post-thumbnail","6":"product_cat-seinavalaisimet","7":"product_cat-ulkovalaisimet","9":"first","10":"instock","11":"taxable","12":"shipping-taxable","13":"purchasable","14":"product-type-simple"},"_links":{"self":[{"href":"https:\/\/www.ksttukku.fi\/kauppa\/wp-json\/wp\/v2\/product\/427","targetHints":{"allow":["GET"]}}],"collection":[{"href":"https:\/\/www.ksttukku.fi\/kauppa\/wp-json\/wp\/v2\/product"}],"about":[{"href":"https:\/\/www.ksttukku.fi\/kauppa\/wp-json\/wp\/v2\/types\/product"}],"replies":[{"embeddable":true,"href":"https:\/\/www.ksttukku.fi\/kauppa\/wp-json\/wp\/v2\/comments?post=427"}],"wp:featuredmedia":[{"embeddable":true,"href":"https:\/\/www.ksttukku.fi\/kauppa\/wp-json\/wp\/v2\/media\/428"}],"wp:attachment":[{"href":"https:\/\/www.ksttukku.fi\/kauppa\/wp-json\/wp\/v2\/media?parent=427"}],"wp:term":[{"taxonomy":"product_brand","embeddable":true,"href":"https:\/\/www.ksttukku.fi\/kauppa\/wp-json\/wp\/v2\/product_brand?post=427"},{"taxonomy":"product_cat","embeddable":true,"href":"https:\/\/www.ksttukku.fi\/kauppa\/wp-json\/wp\/v2\/product_cat?post=427"},{"taxonomy":"product_tag","embeddable":true,"href":"https:\/\/www.ksttukku.fi\/kauppa\/wp-json\/wp\/v2\/product_tag?post=427"}],"curies":[{"name":"wp","href":"https:\/\/api.w.org\/{rel}","templated":true}]}}