{"id":429,"date":"2018-02-08T13:48:22","date_gmt":"2018-02-08T11:48:22","guid":{"rendered":"http:\/\/www.ksttukku.fi\/kauppa\/?post_type=product&#038;p=429"},"modified":"2025-05-23T12:29:08","modified_gmt":"2025-05-23T09:29:08","slug":"sala-2-os-ip44-valkoinen","status":"publish","type":"product","link":"https:\/\/www.ksttukku.fi\/kauppa\/tuote\/sala-2-os-ip44-valkoinen\/","title":{"rendered":"Sala sein\u00e4valaisin 2-os IP44 valkoinen"},"content":{"rendered":"<p>Kapealinjainen sein\u00e4valaisin valaisee kahteen suuntaan. Se sopii sek\u00e4 ulko- ett\u00e4 sis\u00e4tiloihin esim. seinien, k\u00e4yt\u00e4vien ja kylpyhuoneiden valaisuun.<\/p>\n<p>Valaisimen mitat: 220 x 90 x 90 mm<\/p>\n<p>Valonl\u00e4hde: 2 x GU10 (ei sis\u00e4lly pakkaukseen)<\/p>\n<p>V\u00e4ri: valkoinen<\/p>\n","protected":false},"excerpt":{"rendered":"<p>Kapealinjainen sein\u00e4valaisin valaisee kahteen suuntaan. Se sopii sek\u00e4 ulko- ett\u00e4 sis\u00e4tiloihin esim. seinien, k\u00e4yt\u00e4vien ja kylpyhuoneiden valaisuun. Valaisimen mitat: 220 x 90 x 90 mm Valonl\u00e4hde: 2 x GU10 (ei sis\u00e4lly pakkaukseen) V\u00e4ri: valkoinen<\/p>\n","protected":false},"featured_media":430,"comment_status":"closed","ping_status":"closed","template":"","meta":[],"product_brand":[],"product_cat":[37,36],"product_tag":[],"class_list":{"0":"post-429","1":"product","2":"type-product","3":"status-publish","4":"has-post-thumbnail","6":"product_cat-seinavalaisimet","7":"product_cat-ulkovalaisimet","9":"first","10":"instock","11":"taxable","12":"shipping-taxable","13":"purchasable","14":"product-type-simple"},"_links":{"self":[{"href":"https:\/\/www.ksttukku.fi\/kauppa\/wp-json\/wp\/v2\/product\/429","targetHints":{"allow":["GET"]}}],"collection":[{"href":"https:\/\/www.ksttukku.fi\/kauppa\/wp-json\/wp\/v2\/product"}],"about":[{"href":"https:\/\/www.ksttukku.fi\/kauppa\/wp-json\/wp\/v2\/types\/product"}],"replies":[{"embeddable":true,"href":"https:\/\/www.ksttukku.fi\/kauppa\/wp-json\/wp\/v2\/comments?post=429"}],"wp:featuredmedia":[{"embeddable":true,"href":"https:\/\/www.ksttukku.fi\/kauppa\/wp-json\/wp\/v2\/media\/430"}],"wp:attachment":[{"href":"https:\/\/www.ksttukku.fi\/kauppa\/wp-json\/wp\/v2\/media?parent=429"}],"wp:term":[{"taxonomy":"product_brand","embeddable":true,"href":"https:\/\/www.ksttukku.fi\/kauppa\/wp-json\/wp\/v2\/product_brand?post=429"},{"taxonomy":"product_cat","embeddable":true,"href":"https:\/\/www.ksttukku.fi\/kauppa\/wp-json\/wp\/v2\/product_cat?post=429"},{"taxonomy":"product_tag","embeddable":true,"href":"https:\/\/www.ksttukku.fi\/kauppa\/wp-json\/wp\/v2\/product_tag?post=429"}],"curies":[{"name":"wp","href":"https:\/\/api.w.org\/{rel}","templated":true}]}}