{"id":431,"date":"2018-02-08T13:56:05","date_gmt":"2018-02-08T11:56:05","guid":{"rendered":"http:\/\/www.ksttukku.fi\/kauppa\/?post_type=product&#038;p=431"},"modified":"2025-05-23T12:31:26","modified_gmt":"2025-05-23T09:31:26","slug":"sala-2-os-ip44-harmaa","status":"publish","type":"product","link":"https:\/\/www.ksttukku.fi\/kauppa\/tuote\/sala-2-os-ip44-harmaa\/","title":{"rendered":"Sala sein\u00e4valaisin 2-os IP44 harmaa"},"content":{"rendered":"<p>Kapealinjainen sein\u00e4valaisin valaisee kahteen suuntaan. Se sopii sek\u00e4 ulko- ett\u00e4 sis\u00e4tiloihin esim. seinien, k\u00e4yt\u00e4vien ja kylpyhuoneiden valaisuun.<\/p>\n<p>Valaisimen mitat: 220 x 90 x 90 mm<\/p>\n<p>Valonl\u00e4hde: 2 x GU10 (ei sis\u00e4lly pakkaukseen)<\/p>\n<p>V\u00e4ri: harmaa<\/p>\n","protected":false},"excerpt":{"rendered":"<p>Kapealinjainen sein\u00e4valaisin valaisee kahteen suuntaan. Se sopii sek\u00e4 ulko- ett\u00e4 sis\u00e4tiloihin esim. seinien, k\u00e4yt\u00e4vien ja kylpyhuoneiden valaisuun. Valaisimen mitat: 220 x 90 x 90 mm Valonl\u00e4hde: 2 x GU10 (ei sis\u00e4lly pakkaukseen) V\u00e4ri: harmaa<\/p>\n","protected":false},"featured_media":432,"comment_status":"closed","ping_status":"closed","template":"","meta":[],"product_brand":[],"product_cat":[37,36,34],"product_tag":[],"class_list":{"0":"post-431","1":"product","2":"type-product","3":"status-publish","4":"has-post-thumbnail","6":"product_cat-seinavalaisimet","7":"product_cat-ulkovalaisimet","8":"product_cat-valaisimet","10":"first","11":"instock","12":"taxable","13":"shipping-taxable","14":"purchasable","15":"product-type-simple"},"_links":{"self":[{"href":"https:\/\/www.ksttukku.fi\/kauppa\/wp-json\/wp\/v2\/product\/431","targetHints":{"allow":["GET"]}}],"collection":[{"href":"https:\/\/www.ksttukku.fi\/kauppa\/wp-json\/wp\/v2\/product"}],"about":[{"href":"https:\/\/www.ksttukku.fi\/kauppa\/wp-json\/wp\/v2\/types\/product"}],"replies":[{"embeddable":true,"href":"https:\/\/www.ksttukku.fi\/kauppa\/wp-json\/wp\/v2\/comments?post=431"}],"wp:featuredmedia":[{"embeddable":true,"href":"https:\/\/www.ksttukku.fi\/kauppa\/wp-json\/wp\/v2\/media\/432"}],"wp:attachment":[{"href":"https:\/\/www.ksttukku.fi\/kauppa\/wp-json\/wp\/v2\/media?parent=431"}],"wp:term":[{"taxonomy":"product_brand","embeddable":true,"href":"https:\/\/www.ksttukku.fi\/kauppa\/wp-json\/wp\/v2\/product_brand?post=431"},{"taxonomy":"product_cat","embeddable":true,"href":"https:\/\/www.ksttukku.fi\/kauppa\/wp-json\/wp\/v2\/product_cat?post=431"},{"taxonomy":"product_tag","embeddable":true,"href":"https:\/\/www.ksttukku.fi\/kauppa\/wp-json\/wp\/v2\/product_tag?post=431"}],"curies":[{"name":"wp","href":"https:\/\/api.w.org\/{rel}","templated":true}]}}