{"id":437,"date":"2018-02-08T17:21:52","date_gmt":"2018-02-08T15:21:52","guid":{"rendered":"http:\/\/www.ksttukku.fi\/kauppa\/?post_type=product&#038;p=437"},"modified":"2025-02-20T14:54:44","modified_gmt":"2025-02-20T12:54:44","slug":"arvika-ip44-mattavalkoinen","status":"publish","type":"product","link":"https:\/\/www.ksttukku.fi\/kauppa\/tuote\/arvika-ip44-mattavalkoinen\/","title":{"rendered":"Arvika sein\u00e4valaisin IP44 mattavalkoinen"},"content":{"rendered":"<p>Perinteinen sein\u00e4valaisin pihapiirien valaistukseen. Malli sopii my\u00f6s yhdess\u00e4 Kartano-sarjan kanssa. Valaisimessa ter\u00e4srunko ja kirkas kuplalasikupu.<\/p>\n<p>Valaisimen mitat: 303 x 370 mm<\/p>\n<p>Valonl\u00e4hde: E27 (ei sis\u00e4lly pakkaukseen)<\/p>\n<p>V\u00e4ri: mattavalkoinen<\/p>\n","protected":false},"excerpt":{"rendered":"<p>Perinteinen sein\u00e4valaisin pihapiirien valaistukseen. Malli sopii my\u00f6s yhdess\u00e4 Kartano-sarjan kanssa. Valaisimessa ter\u00e4srunko ja kirkas kuplalasikupu. Valaisimen mitat: 303 x 370 mm Valonl\u00e4hde: E27 (ei sis\u00e4lly pakkaukseen) V\u00e4ri: mattavalkoinen<\/p>\n","protected":false},"featured_media":438,"comment_status":"closed","ping_status":"closed","template":"","meta":[],"product_brand":[],"product_cat":[37,36],"product_tag":[],"class_list":{"0":"post-437","1":"product","2":"type-product","3":"status-publish","4":"has-post-thumbnail","6":"product_cat-seinavalaisimet","7":"product_cat-ulkovalaisimet","9":"first","10":"instock","11":"taxable","12":"shipping-taxable","13":"purchasable","14":"product-type-simple"},"_links":{"self":[{"href":"https:\/\/www.ksttukku.fi\/kauppa\/wp-json\/wp\/v2\/product\/437","targetHints":{"allow":["GET"]}}],"collection":[{"href":"https:\/\/www.ksttukku.fi\/kauppa\/wp-json\/wp\/v2\/product"}],"about":[{"href":"https:\/\/www.ksttukku.fi\/kauppa\/wp-json\/wp\/v2\/types\/product"}],"replies":[{"embeddable":true,"href":"https:\/\/www.ksttukku.fi\/kauppa\/wp-json\/wp\/v2\/comments?post=437"}],"wp:featuredmedia":[{"embeddable":true,"href":"https:\/\/www.ksttukku.fi\/kauppa\/wp-json\/wp\/v2\/media\/438"}],"wp:attachment":[{"href":"https:\/\/www.ksttukku.fi\/kauppa\/wp-json\/wp\/v2\/media?parent=437"}],"wp:term":[{"taxonomy":"product_brand","embeddable":true,"href":"https:\/\/www.ksttukku.fi\/kauppa\/wp-json\/wp\/v2\/product_brand?post=437"},{"taxonomy":"product_cat","embeddable":true,"href":"https:\/\/www.ksttukku.fi\/kauppa\/wp-json\/wp\/v2\/product_cat?post=437"},{"taxonomy":"product_tag","embeddable":true,"href":"https:\/\/www.ksttukku.fi\/kauppa\/wp-json\/wp\/v2\/product_tag?post=437"}],"curies":[{"name":"wp","href":"https:\/\/api.w.org\/{rel}","templated":true}]}}