{"id":4380,"date":"2019-09-04T17:31:04","date_gmt":"2019-09-04T14:31:04","guid":{"rendered":"https:\/\/www.ksttukku.fi\/kauppa\/?post_type=product&#038;p=4380"},"modified":"2025-09-15T14:06:12","modified_gmt":"2025-09-15T11:06:12","slug":"led-suurteholamppu-e27-32w-4200lm-4000k","status":"publish","type":"product","link":"https:\/\/www.ksttukku.fi\/kauppa\/tuote\/led-suurteholamppu-e27-32w-4200lm-4000k\/","title":{"rendered":"Led suurteholamppu E27 32W 4200lm 4000K"},"content":{"rendered":"<p>Uusilla suurteholedeill\u00e4 korvattavuutta perinteisiin valonl\u00e4hteisiin.<\/p>\n<p>\u2022 V\u00e4lit\u00f6n syttyminen ja t\u00e4ysi valontuotto heti, my\u00f6s pakkasessa<br \/>\n\u2022 Toimintal\u00e4mp\u00f6tila-alue -20 &#8230; +40 \u00b0C<br \/>\n\u2022 Sytytyskertojen kest\u00e4vyys 1 000 000<br \/>\n\u2022 Jatkuva tasainen spektri, ei v\u00e4riv\u00e4\u00e4ristymi\u00e4<br \/>\n\u2022 V\u00e4ril\u00e4mp\u00f6tila 4000K<br \/>\n\u2022 Ei UV- tai IR-s\u00e4teily\u00e4, ei haalista v\u00e4rej\u00e4 tai l\u00e4mmit\u00e4 kohdetta<br \/>\n\u2022 Valotehokkuus yli 120 lm\/W<br \/>\n\u2022 Ei sis\u00e4ll\u00e4 elohopeaa<\/p>\n<p>Teho: 32W<\/p>\n<p>Valovirta: 4200lm<\/p>\n<p>Kanta: E27<\/p>\n<p>V\u00e4ril\u00e4mp\u00f6tila: 4000K<\/p>\n<p>Polttoik\u00e4: 25000h<\/p>\n<p>Mitat: \u2205 63 mm, korkeus 196 mm<\/p>\n","protected":false},"excerpt":{"rendered":"<p>Uusilla suurteholedeill\u00e4 korvattavuutta perinteisiin valonl\u00e4hteisiin. \u2022 V\u00e4lit\u00f6n syttyminen ja t\u00e4ysi valontuotto heti, my\u00f6s pakkasessa \u2022 Toimintal\u00e4mp\u00f6tila-alue -20 &#8230; +40 \u00b0C \u2022 Sytytyskertojen kest\u00e4vyys 1 000 000 \u2022 Jatkuva tasainen spektri, ei v\u00e4riv\u00e4\u00e4ristymi\u00e4 \u2022 V\u00e4ril\u00e4mp\u00f6tila 4000K \u2022 Ei UV- tai IR-s\u00e4teily\u00e4, ei haalista v\u00e4rej\u00e4 tai l\u00e4mmit\u00e4 kohdetta \u2022 Valotehokkuus yli 120 lm\/W \u2022 Ei sis\u00e4ll\u00e4 elohopeaa [&hellip;]<\/p>\n","protected":false},"featured_media":4381,"comment_status":"closed","ping_status":"closed","template":"","meta":[],"product_brand":[],"product_cat":[185,189],"product_tag":[],"class_list":{"0":"post-4380","1":"product","2":"type-product","3":"status-publish","4":"has-post-thumbnail","6":"product_cat-lamput","7":"product_cat-muut-ledlamput","9":"first","10":"outofstock","11":"taxable","12":"shipping-taxable","13":"purchasable","14":"product-type-simple"},"_links":{"self":[{"href":"https:\/\/www.ksttukku.fi\/kauppa\/wp-json\/wp\/v2\/product\/4380","targetHints":{"allow":["GET"]}}],"collection":[{"href":"https:\/\/www.ksttukku.fi\/kauppa\/wp-json\/wp\/v2\/product"}],"about":[{"href":"https:\/\/www.ksttukku.fi\/kauppa\/wp-json\/wp\/v2\/types\/product"}],"replies":[{"embeddable":true,"href":"https:\/\/www.ksttukku.fi\/kauppa\/wp-json\/wp\/v2\/comments?post=4380"}],"wp:featuredmedia":[{"embeddable":true,"href":"https:\/\/www.ksttukku.fi\/kauppa\/wp-json\/wp\/v2\/media\/4381"}],"wp:attachment":[{"href":"https:\/\/www.ksttukku.fi\/kauppa\/wp-json\/wp\/v2\/media?parent=4380"}],"wp:term":[{"taxonomy":"product_brand","embeddable":true,"href":"https:\/\/www.ksttukku.fi\/kauppa\/wp-json\/wp\/v2\/product_brand?post=4380"},{"taxonomy":"product_cat","embeddable":true,"href":"https:\/\/www.ksttukku.fi\/kauppa\/wp-json\/wp\/v2\/product_cat?post=4380"},{"taxonomy":"product_tag","embeddable":true,"href":"https:\/\/www.ksttukku.fi\/kauppa\/wp-json\/wp\/v2\/product_tag?post=4380"}],"curies":[{"name":"wp","href":"https:\/\/api.w.org\/{rel}","templated":true}]}}