{"id":4461,"date":"2019-09-20T13:16:43","date_gmt":"2019-09-20T10:16:43","guid":{"rendered":"https:\/\/www.ksttukku.fi\/kauppa\/?post_type=product&#038;p=4461"},"modified":"2023-07-12T17:28:34","modified_gmt":"2023-07-12T14:28:34","slug":"aluco-levyn-kulmalista-valkoinen-4m","status":"publish","type":"product","link":"https:\/\/www.ksttukku.fi\/kauppa\/tuote\/aluco-levyn-kulmalista-valkoinen-4m\/","title":{"rendered":"Aluco levyn kulmalista valkoinen 3,65m"},"content":{"rendered":"<p>Aluco v\u00e4litilalevyille soveltuva valkoiseksi maalattu<br \/>\n(puolikiilt\u00e4v\u00e4) alumiininen kulmalista. Alumiiniprofiilin<br \/>\npituus 3650mm, korkeus 13mm, leveys 13mm, sis\u00e4mitta<br \/>\nlevylle 4,5mm.<\/p>\n","protected":false},"excerpt":{"rendered":"<p>Aluco v\u00e4litilalevyille soveltuva valkoiseksi maalattu (puolikiilt\u00e4v\u00e4) alumiininen kulmalista. Alumiiniprofiilin pituus 3650mm, korkeus 13mm, leveys 13mm, sis\u00e4mitta levylle 4,5mm.<\/p>\n","protected":false},"featured_media":4462,"comment_status":"closed","ping_status":"closed","template":"","meta":[],"product_brand":[],"product_cat":[246,245],"product_tag":[],"class_list":{"0":"post-4461","1":"product","2":"type-product","3":"status-publish","4":"has-post-thumbnail","6":"product_cat-aluco-sisustuslevyt","7":"product_cat-sisustuslevyt","9":"first","10":"instock","11":"taxable","12":"shipping-taxable","13":"purchasable","14":"product-type-simple"},"_links":{"self":[{"href":"https:\/\/www.ksttukku.fi\/kauppa\/wp-json\/wp\/v2\/product\/4461","targetHints":{"allow":["GET"]}}],"collection":[{"href":"https:\/\/www.ksttukku.fi\/kauppa\/wp-json\/wp\/v2\/product"}],"about":[{"href":"https:\/\/www.ksttukku.fi\/kauppa\/wp-json\/wp\/v2\/types\/product"}],"replies":[{"embeddable":true,"href":"https:\/\/www.ksttukku.fi\/kauppa\/wp-json\/wp\/v2\/comments?post=4461"}],"wp:featuredmedia":[{"embeddable":true,"href":"https:\/\/www.ksttukku.fi\/kauppa\/wp-json\/wp\/v2\/media\/4462"}],"wp:attachment":[{"href":"https:\/\/www.ksttukku.fi\/kauppa\/wp-json\/wp\/v2\/media?parent=4461"}],"wp:term":[{"taxonomy":"product_brand","embeddable":true,"href":"https:\/\/www.ksttukku.fi\/kauppa\/wp-json\/wp\/v2\/product_brand?post=4461"},{"taxonomy":"product_cat","embeddable":true,"href":"https:\/\/www.ksttukku.fi\/kauppa\/wp-json\/wp\/v2\/product_cat?post=4461"},{"taxonomy":"product_tag","embeddable":true,"href":"https:\/\/www.ksttukku.fi\/kauppa\/wp-json\/wp\/v2\/product_tag?post=4461"}],"curies":[{"name":"wp","href":"https:\/\/api.w.org\/{rel}","templated":true}]}}